{"id":45557,"date":"2025-07-18T05:01:15","date_gmt":"2025-07-18T05:01:15","guid":{"rendered":"https:\/\/www.bananatreeshop.com\/?post_type=product&#038;p=45557"},"modified":"2026-04-16T00:47:39","modified_gmt":"2026-04-16T00:47:39","slug":"adrien-lastic-lastic-pocket-pink-rabbit-vibrator","status":"publish","type":"product","link":"https:\/\/www.bananatreeshop.com\/pt\/produto\/adrien-lastic-lastic-pocket-pink-rabbit-vibrator\/","title":{"rendered":"ADRIEN LASTIC &#8211; LASTIC POCKET VIBRADOR DE BOLSILLO CONEJO ROSA"},"content":{"rendered":"<p><u><strong>DESCUBRE LASTIC POCKET VIBE<\/strong><\/u><\/p>\n<p>\u00a1No dudes en llevar ese mini compa\u00f1ero ah\u00ed donde se origina el placer!\u00a0<\/p>\n<p><strong>Lastic\u00a0Pocket\u00a0Vibe<\/strong>\u00a0es\u00a0una mini Bala Vibradora\u00a0ideal para llevar en tu bolsillo o bolso, este agradable y peque\u00f1o\u00a0conejito de silicona\u00a0con tacto aterciopelado presenta\u00a0dos orejas\u00a0para cosquillear el cl\u00edtoris con una deliciosa vibraci\u00f3n.\u00a0\u00a0<\/p>\n<p>Se activa y desactiva f\u00e1cilmente pulsando el bot\u00f3n situado en la parte inferior del juguete. Para cambiar las pilas, simplemente desenrosca la base.?\u00a0<\/p>\n<p>Encuentra a\u00a0<strong>Lastic\u00a0Pocket\u00a0Vibe<\/strong>\u00a0en tres colores distintos:\u00a0<\/p>\n<ul>\n<li>Rosa\u00a0<\/li>\n<li>Negro\u00a0<\/li>\n<li>Violeta<\/li>\n<\/ul>\n<div>\n<p><u><strong>C\u00d3MO USARLO?<\/strong><\/u><\/p>\n<p>Incre\u00edblemente sigiloso y sutil,\u00a0<strong>Lastic Pocket Vibe <\/strong>tiene un ajuste de vibraci\u00f3n silenciosa al que puede acceder f\u00e1cilmente desde la parte inferior del juguete.<\/p>\n<p>Modesto, pero poderoso, este mini vibrador tiene un potente motor perfectamente posicionado en el centro para darte orgasmos \u00e9picos. Pulsa el bot\u00f3n peque\u00f1o y redondo, situado en la base del juguete, para liberar una r\u00e1pida ola de encanto intenso directamente en tu zona \u00edntima.<\/p>\n<p>\u00a0<\/p>\n<p><u><strong>CARACTER\u00cdSTICAS<\/strong><\/u><\/p>\n<ul>\n<li>Zona de estimulaci\u00f3n: Vagina \/ Cl\u00edtoris.<\/li>\n<li>Material: Silicona + ABS.<\/li>\n<li>Sumergible para una estimulaci\u00f3n con m\u00e1s posibilidades.<\/li>\n<li>Ll\u00e9vatelo donde quieras, su peque\u00f1o tama\u00f1o y forma lo hacen perfecto para ser tu\u00a0amigx\u00a0m\u00e1s\u00a0fiel.<\/li>\n<li>1 modo vibraci\u00f3n<\/li>\n<li><u>Dimensiones<\/u>:\u00a0Largo 8.5 cm \/\/ Di\u00e1metro 2.3 cm<\/li>\n<\/ul>\n<p>\u00a0<\/p>\n<p><u><strong>CONTENIDO EN LA CAJA<\/strong><\/u><\/p>\n<ul>\n<li>\u00a0Lastic Pocket Vibe<\/li>\n<li>\u00a0Bolsa de raso<\/li>\n<li>\u00a0Tarjeta de garant\u00eda<\/li>\n<\/ul>\n<\/div>","protected":false},"excerpt":{"rendered":"<p>ADRIEN LASTIC &#8211; LASTIC POCKET PINK RABBIT VIBRATOR<\/p>","protected":false},"featured_media":88090,"comment_status":"open","ping_status":"closed","template":"","meta":{"_eb_attr":""},"product_brand":[],"product_cat":[1253,1159],"product_tag":[],"class_list":{"0":"post-45557","1":"product","2":"type-product","3":"status-publish","4":"has-post-thumbnail","6":"product_cat-juguetes-bienestar-vibradoresmini-vibradores","7":"product_cat-juguetes-bienestar-vibradores","8":"yith_product_brand-adrien-lastic","10":"first","11":"instock","12":"taxable","13":"shipping-taxable","14":"purchasable","15":"product-type-simple"},"_links":{"self":[{"href":"https:\/\/www.bananatreeshop.com\/pt\/wp-json\/wp\/v2\/product\/45557","targetHints":{"allow":["GET"]}}],"collection":[{"href":"https:\/\/www.bananatreeshop.com\/pt\/wp-json\/wp\/v2\/product"}],"about":[{"href":"https:\/\/www.bananatreeshop.com\/pt\/wp-json\/wp\/v2\/types\/product"}],"replies":[{"embeddable":true,"href":"https:\/\/www.bananatreeshop.com\/pt\/wp-json\/wp\/v2\/comments?post=45557"}],"wp:featuredmedia":[{"embeddable":true,"href":"https:\/\/www.bananatreeshop.com\/pt\/wp-json\/wp\/v2\/media\/88090"}],"wp:attachment":[{"href":"https:\/\/www.bananatreeshop.com\/pt\/wp-json\/wp\/v2\/media?parent=45557"}],"wp:term":[{"taxonomy":"product_brand","embeddable":true,"href":"https:\/\/www.bananatreeshop.com\/pt\/wp-json\/wp\/v2\/product_brand?post=45557"},{"taxonomy":"product_cat","embeddable":true,"href":"https:\/\/www.bananatreeshop.com\/pt\/wp-json\/wp\/v2\/product_cat?post=45557"},{"taxonomy":"product_tag","embeddable":true,"href":"https:\/\/www.bananatreeshop.com\/pt\/wp-json\/wp\/v2\/product_tag?post=45557"}],"curies":[{"name":"wp","href":"https:\/\/api.w.org\/{rel}","templated":true}]}}