{"id":45574,"date":"2025-07-18T12:01:44","date_gmt":"2025-07-18T12:01:44","guid":{"rendered":"https:\/\/www.bananatreeshop.com\/?post_type=product&#038;p=45574"},"modified":"2026-04-13T20:24:15","modified_gmt":"2026-04-13T20:24:15","slug":"adrien-lastic-metal-handcuffs-with-pink-feathers","status":"publish","type":"product","link":"https:\/\/www.bananatreeshop.com\/pt\/produto\/adrien-lastic-metal-handcuffs-with-pink-feathers\/","title":{"rendered":"ADRIEN LASTIC &#8211; ESPOSAS METAL CON PLUMAS ROSA"},"content":{"rendered":"<p><u><strong>DESCUBRE MENOTTES<\/strong><\/u><\/p>\n<p>Las personas traviesas corren el riesgo de ser detenidas. Los\u00a0enmanillan\u00a0en un lugar secreto con las\u00a0esposas\u00a0<strong>Menottes\u00a0<\/strong>de\u00a0Adrien\u00a0Lastic. El castigo que recibir\u00e1 el preso ser\u00e1\u00a0m\u00e1s\u00a0o menos intenso. \u00a1Depende de quien este de servicio!<\/p>\n<p>Las\u00a0esposas de plumas\u00a0suaves tienen la funci\u00f3n de mantener a tu pareja en la posici\u00f3n de sumisi\u00f3n perfecta, manteni\u00e9ndola inm\u00f3vil y controlada para hacerle sentir el placer intenso donde no puede controlar lo que haces. con consentimiento siempre.<\/p>\n<p>Las\u00a0<strong>Menottes\u00a0<\/strong>de\u00a0Adrien\u00a0Lastic\u00a0son realmente\u00a0efectivas,\u00a0resistentes\u00a0y sobre todo son\u00a0seguras. Est\u00e1n fabricadas con metal y van recubiertas de un forro brillante y suave al tacto.<\/p>\n<p>Las esposas est\u00e1n unidas por una cadena de\u00a0metal robusta y fuerte. Adem\u00e1s, incluye un juego de\u00a02 llaves. \u00a1Somete o deja someterte!<\/p>\n<div>\n<p><u><strong>C\u00d3MO USARLO?<\/strong><\/u><\/p>\n<p>Las esposas son uno de los juguetes m\u00e1s populares en el\u00a0BDSM\u00a0y es ideal para los que se inician en este mundo como para los que tienen m\u00e1s experiencia en el\u00a0bondage.<\/p>\n<p>Con las esposas de\u00a0Adrien\u00a0Lastic\u00a0ata a tu pareja en la cama, de manera que quedara\u00a0imobilizadx, siempre con su consentimiento claro. Tambi\u00e9n puedes esposar las manos de tu pareja en su espalda y, por ejemplo,\u00a0sit\u00faalx\u00a0en la postura del perrito pero sin manos.<\/p>\n<p>\u00a1Experimenta las posturas y el nivel de\u00a0sumisi\u00f3n\u00a0y\u00a0dominaci\u00f3n\u00a0que\u00a0m\u00e1s os gustan! Explora nuevas sensaciones.<\/p>\n<p>\u00a0<\/p>\n<p><u><strong>CARACTER\u00cdSTICAS<\/strong><\/u><\/p>\n<ul>\n<li>Esposas de\u00a0metal\u00a0y\u00a0plumas super suaves.<\/li>\n<li>Unidas por una\u00a0cadena de metal\u00a0fuerte.<\/li>\n<li>Reten de\u00a0seguridad\u00a0y cierra con\u00a0llave. Incluye dos llaves.\u00a0<\/li>\n<li>Perfecto para\u00a0juegos en pareja.<\/li>\n<li><u>Dimensiones<\/u>:\u00a0Largo 29 cm \/\/ Di\u00e1metro 8 cm<\/li>\n<\/ul>\n<p>\u00a0<\/p>\n<p><u><strong>CONTENIDO EN LA CAJA<\/strong><\/u><\/p>\n<ul>\n<li>Esposas Menottes de Adrien Lastic<\/li>\n<li>Incluye 2 juegos de llaves y mecanismo de seguridad.<\/li>\n<li>Tarjeta de 2 a\u00f1os de garant\u00eda.<\/li>\n<\/ul>\n<\/div>","protected":false},"excerpt":{"rendered":"<p>ADRIEN LASTIC &#8211; METAL HANDCUFFS WITH PINK FEATHERS<\/p>","protected":false},"featured_media":88726,"comment_status":"open","ping_status":"closed","template":"","meta":{"_eb_attr":""},"product_brand":[],"product_cat":[258,1344,1345],"product_tag":[],"class_list":{"0":"post-45574","1":"product","2":"type-product","3":"status-publish","4":"has-post-thumbnail","6":"product_cat-bdsm-bondage","7":"product_cat-bdsm-bondage-bondage","8":"product_cat-bdsm-bondage-bondageesposas","9":"yith_product_brand-adrien-lastic","11":"first","12":"instock","13":"taxable","14":"shipping-taxable","15":"purchasable","16":"product-type-simple"},"_links":{"self":[{"href":"https:\/\/www.bananatreeshop.com\/pt\/wp-json\/wp\/v2\/product\/45574","targetHints":{"allow":["GET"]}}],"collection":[{"href":"https:\/\/www.bananatreeshop.com\/pt\/wp-json\/wp\/v2\/product"}],"about":[{"href":"https:\/\/www.bananatreeshop.com\/pt\/wp-json\/wp\/v2\/types\/product"}],"replies":[{"embeddable":true,"href":"https:\/\/www.bananatreeshop.com\/pt\/wp-json\/wp\/v2\/comments?post=45574"}],"wp:featuredmedia":[{"embeddable":true,"href":"https:\/\/www.bananatreeshop.com\/pt\/wp-json\/wp\/v2\/media\/88726"}],"wp:attachment":[{"href":"https:\/\/www.bananatreeshop.com\/pt\/wp-json\/wp\/v2\/media?parent=45574"}],"wp:term":[{"taxonomy":"product_brand","embeddable":true,"href":"https:\/\/www.bananatreeshop.com\/pt\/wp-json\/wp\/v2\/product_brand?post=45574"},{"taxonomy":"product_cat","embeddable":true,"href":"https:\/\/www.bananatreeshop.com\/pt\/wp-json\/wp\/v2\/product_cat?post=45574"},{"taxonomy":"product_tag","embeddable":true,"href":"https:\/\/www.bananatreeshop.com\/pt\/wp-json\/wp\/v2\/product_tag?post=45574"}],"curies":[{"name":"wp","href":"https:\/\/api.w.org\/{rel}","templated":true}]}}