{"id":45602,"date":"2025-07-18T12:01:35","date_gmt":"2025-07-18T12:01:35","guid":{"rendered":"https:\/\/www.bananatreeshop.com\/?post_type=product&#038;p=45602"},"modified":"2026-04-05T10:58:57","modified_gmt":"2026-04-05T10:58:57","slug":"femintimate-intimrelax-set-3-vaginal-dilators","status":"publish","type":"product","link":"https:\/\/www.bananatreeshop.com\/pt\/produto\/femintimate-intimrelax-set-3-vaginal-dilators\/","title":{"rendered":"FEMINTIMATE &#8211; INTIMRELAX SET 3 DILATADORES VAGINALES"},"content":{"rendered":"<p><strong>INTIMRELAX: <\/strong>Un sistema para la rehabilitaci\u00f3n progresiva de la vaginitis atr\u00f3fica y el vaginismo.<\/p>\n<p>\u00a0<\/p>\n<p><u><strong>POR QU\u00c9 INTIMRELAX?<\/strong><\/u><\/p>\n<p>REEDUCA: Un sistema de reeducaci\u00f3n ofreciendo 3 dispositivos ergon\u00f3micos intravaginales de diversas tallas y di\u00e1metros para ejercitar y progresivamente dilatar el canal vaginal.<\/p>\n<p>EJERCITA: Un programa de ejercicios diarios visando a recuperar plenamente la cavidad y elasticidad vaginal, paliar a la dispareunia dolor coital, y consecuentemente perder el miedo a la penetraci\u00f3n.<\/p>\n<p>100% NATURAL: Una alternativa y un complemento 100% natural al tratamiento hormonal y farmac\u00e9utico.<\/p>\n<p>RECUPERA TU VIDA SEXUAL: Una soluci\u00f3n para recuperar y gozar de una vida sexual plena y sana.<\/p>\n<p>\u00a0<\/p>\n<p><strong>INTIMRELAX<\/strong> permite ejercitarse y dilatar progresivamente el conducto vaginal. Permite al mismo tiempo a trav\u00e9s de peque\u00f1os ejercicios diarios perder el miedo a la penetraci\u00f3n. Est\u00e1 compuesto de tres elementos con una forma perfectamente ergon\u00f3mica y tama\u00f1os distintos para resolver paliativamente este trastorno con efectos nefastos sobre la sexualidad y la salud psicol\u00f3gica en general.<\/p>\n<p><strong>INTIMRELAX <\/strong>debe de utilizarse acompa\u00f1ado de un\u00a0lubricante a base de agua\u00a0para facilitar los ejercicios y al mismo tiempo lubricar e hidratar las mucosas vaginales.<br \/>La vaselina, que puede producir da\u00f1os en el l\u00e1tex de los preservativos o los diafragmas riesgo de infecci\u00f3n genital, u otros lubricantes a base de aceites est\u00e1n absolutamente contra-indicados.<\/p>\n<p>\u00a0<\/p>\n<p><u><strong>C\u00d3MO USO INTIMRELAX?<\/strong><\/u><\/p>\n<p>\u00a0<\/p>\n<p>Se trata de aplicar en primer lugar un poco de lubricante a base de agua a la entrada de la vagina el volumen de una casta\u00f1a aproximadamente e ir masajeando suavemente 2 o 3 minutos.<\/p>\n<p>A continuaci\u00f3n, coger el elemento de <strong>INTIMRELAX <\/strong>m\u00e1s peque\u00f1o. Aplicar igualmente en la punta lubricante en las mismas proporciones. Seguidamente, empezar a presionar para introducir el mismo en la vagina de forma suave y progresiva. Si se nota sequedad es preciso a\u00f1adir lubricante.<\/p>\n<p>Se puede seguir ejercitando de 10 a 15 minutos haciendo peque\u00f1os movimientos de vaiv\u00e9n. Es importante tener muy presente que la contracci\u00f3n de losm\u00fasculos vaginales es adversa por lo que si se produce hay que interrumpir el ejercicio.<\/p>\n<p>El objetivo es el relajamiento de la zona vaginal as\u00ed como la b\u00fasqueda del placer que lo acompa\u00f1a por lo que la utilizaci\u00f3n de un lugar muy c\u00f3modo para realizar los ejercicios y el acompa\u00f1amiento de una m\u00fasica suave est\u00e1n indicados.<\/p>\n<p>\u00a0<\/p>\n<p><u><strong>TALLAS:<\/strong><\/u><\/p>\n<ul>\n<li>Di\u00e1metro m\u00e1ximo: 0.9  1.5  2.5 cm<\/li>\n<li>Parte a introducir: 6.5  9.5  12 cm<\/li>\n<\/ul>","protected":false},"excerpt":{"rendered":"<p>FEMINTIMATE &#8211; INTIMRELAX SET 3 VAGINAL DILATORS<\/p>","protected":false},"featured_media":88704,"comment_status":"open","ping_status":"closed","template":"","meta":{"_eb_attr":""},"product_brand":[],"product_cat":[1154,1152,1153],"product_tag":[],"class_list":{"0":"post-45602","1":"product","2":"type-product","3":"status-publish","4":"has-post-thumbnail","6":"product_cat-juguetes-bienestar-juguetes-para-mujeresdilatador-vaginal-anal","7":"product_cat-juguetes-bienestar","8":"product_cat-juguetes-bienestar-juguetes-para-mujeres","9":"yith_product_brand-femintimate","11":"first","12":"instock","13":"taxable","14":"shipping-taxable","15":"purchasable","16":"product-type-simple"},"_links":{"self":[{"href":"https:\/\/www.bananatreeshop.com\/pt\/wp-json\/wp\/v2\/product\/45602","targetHints":{"allow":["GET"]}}],"collection":[{"href":"https:\/\/www.bananatreeshop.com\/pt\/wp-json\/wp\/v2\/product"}],"about":[{"href":"https:\/\/www.bananatreeshop.com\/pt\/wp-json\/wp\/v2\/types\/product"}],"replies":[{"embeddable":true,"href":"https:\/\/www.bananatreeshop.com\/pt\/wp-json\/wp\/v2\/comments?post=45602"}],"wp:featuredmedia":[{"embeddable":true,"href":"https:\/\/www.bananatreeshop.com\/pt\/wp-json\/wp\/v2\/media\/88704"}],"wp:attachment":[{"href":"https:\/\/www.bananatreeshop.com\/pt\/wp-json\/wp\/v2\/media?parent=45602"}],"wp:term":[{"taxonomy":"product_brand","embeddable":true,"href":"https:\/\/www.bananatreeshop.com\/pt\/wp-json\/wp\/v2\/product_brand?post=45602"},{"taxonomy":"product_cat","embeddable":true,"href":"https:\/\/www.bananatreeshop.com\/pt\/wp-json\/wp\/v2\/product_cat?post=45602"},{"taxonomy":"product_tag","embeddable":true,"href":"https:\/\/www.bananatreeshop.com\/pt\/wp-json\/wp\/v2\/product_tag?post=45602"}],"curies":[{"name":"wp","href":"https:\/\/api.w.org\/{rel}","templated":true}]}}