{"id":45605,"date":"2025-10-01T19:06:06","date_gmt":"2025-10-01T19:06:06","guid":{"rendered":"https:\/\/www.bananatreeshop.com\/?post_type=product&#038;p=45605"},"modified":"2026-04-04T06:02:05","modified_gmt":"2026-04-04T06:02:05","slug":"femintimate-daisy-massager-stimulating-waves-and-pink-vibrator","status":"publish","type":"product","link":"https:\/\/www.bananatreeshop.com\/pt\/produto\/femintimate-daisy-massager-stimulating-waves-and-pink-vibrator\/","title":{"rendered":"FEMINTIMATE &#8211; DAISY MASSAGER SUCCIONADOR Y VIBRADOR ROSA"},"content":{"rendered":"<p><strong>Femintimate Daisy Massager <\/strong>es un masajeador personal y estimulador \u00edntimo dise\u00f1ado para el bienestar de la mujer. Su dise\u00f1o ergon\u00f3mico permite un c\u00f3modo agarre y uso.\u00a0Fabricado con silicona s\u00faper suave y ABS de alta calidad sin ftalatos.\u00a0<\/p>\n<p>Tiene dos motores s\u00faper potentes y s\u00faper silenciosos con 10 modos de succi\u00f3n y vibraci\u00f3n.\u00a0Recargable y resistente al agua. Disfruta del placer del sexo oral con una tecnolog\u00eda de orgasmo \u00fanica que te permite estimular tu cl\u00edtoris y tener un orgasmo en segundos desde toques suaves hasta vibraciones intensas. Con sus 10 niveles de fuerza de succi\u00f3n, ofrece una gama de opciones personalizables para mejorar su experiencia.<\/p>\n<p>\u00a0<\/p>\n<p><u><strong>HIGIENE Y MANTENIMIENTO<\/strong><\/u><\/p>\n<p>El <strong>Femintimate Daisy Massager <\/strong>se deben mantener impecables para no contagiarse con ning\u00fan pat\u00f3geno. Para ello, l\u00e1velas antes y despu\u00e9s de su uso con agua tibia y un jab\u00f3n neutro y s\u00e9quelas con una toalla de algod\u00f3n limpia.<\/p>\n<p>\u00a0<\/p>\n<p><u><strong>CARACTERISTICAS:<\/strong><\/u><\/p>\n<ul>\n<li>Material: ABS \/ Acabado silicona<\/li>\n<li>Diametro: 4.2 cm<\/li>\n<li>Largo total: 20.2 cm<\/li>\n<li>Funciones: 10 vibraci\u00f3n + 10 succi\u00f3n<\/li>\n<li>Motores: 2<\/li>\n<li>Impermeabilizaci\u00f3n:\u00a0Resistente al agua-IPX7<\/li>\n<li>Zona de estimulaci\u00f3n: Cl\u00edtoris<\/li>\n<\/ul>","protected":false},"excerpt":{"rendered":"<p>FEMINTIMATE &#8211; DAISY MASSAGER SUCTION AND VIBRATOR PINK<\/p>","protected":false},"featured_media":93944,"comment_status":"open","ping_status":"closed","template":"","meta":{"_eb_attr":""},"product_brand":[],"product_cat":[1250,1152,1153,1260,1449,1159,1263],"product_tag":[],"class_list":{"0":"post-45605","1":"product","2":"type-product","3":"status-publish","4":"has-post-thumbnail","6":"product_cat-juguetes-bienestar-juguetes-para-mujeresestimuladores","7":"product_cat-juguetes-bienestar","8":"product_cat-juguetes-bienestar-juguetes-para-mujeres","9":"product_cat-juguetes-bienestar-juguetes-para-mujeresestimuladorespara-clitoris","10":"product_cat-juguetes-bienestar-juguetes-para-mujeresestimuladoressuccionadores-con-vibracion","11":"product_cat-juguetes-bienestar-vibradores","12":"product_cat-juguetes-bienestar-vibradoresvibradores-succionadores-ondas-presion","13":"yith_product_brand-femintimate","15":"first","16":"instock","17":"taxable","18":"shipping-taxable","19":"purchasable","20":"product-type-simple"},"_links":{"self":[{"href":"https:\/\/www.bananatreeshop.com\/pt\/wp-json\/wp\/v2\/product\/45605","targetHints":{"allow":["GET"]}}],"collection":[{"href":"https:\/\/www.bananatreeshop.com\/pt\/wp-json\/wp\/v2\/product"}],"about":[{"href":"https:\/\/www.bananatreeshop.com\/pt\/wp-json\/wp\/v2\/types\/product"}],"replies":[{"embeddable":true,"href":"https:\/\/www.bananatreeshop.com\/pt\/wp-json\/wp\/v2\/comments?post=45605"}],"wp:featuredmedia":[{"embeddable":true,"href":"https:\/\/www.bananatreeshop.com\/pt\/wp-json\/wp\/v2\/media\/93944"}],"wp:attachment":[{"href":"https:\/\/www.bananatreeshop.com\/pt\/wp-json\/wp\/v2\/media?parent=45605"}],"wp:term":[{"taxonomy":"product_brand","embeddable":true,"href":"https:\/\/www.bananatreeshop.com\/pt\/wp-json\/wp\/v2\/product_brand?post=45605"},{"taxonomy":"product_cat","embeddable":true,"href":"https:\/\/www.bananatreeshop.com\/pt\/wp-json\/wp\/v2\/product_cat?post=45605"},{"taxonomy":"product_tag","embeddable":true,"href":"https:\/\/www.bananatreeshop.com\/pt\/wp-json\/wp\/v2\/product_tag?post=45605"}],"curies":[{"name":"wp","href":"https:\/\/api.w.org\/{rel}","templated":true}]}}