{"id":45614,"date":"2025-07-18T05:01:29","date_gmt":"2025-07-18T05:01:29","guid":{"rendered":"https:\/\/www.bananatreeshop.com\/?post_type=product&#038;p=45614"},"modified":"2026-04-16T04:15:16","modified_gmt":"2026-04-16T04:15:16","slug":"adrien-lastic-temptation-pink-clitoris-stimulator-free-app","status":"publish","type":"product","link":"https:\/\/www.bananatreeshop.com\/pt\/produto\/adrien-lastic-temptation-pink-clitoris-stimulator-free-app\/","title":{"rendered":"ADRIEN LASTIC &#8211; TEMPTATION ESTIMULADOR CLITORIS ROSA &#8211; APP GRATUITA"},"content":{"rendered":"<p>\u00a1Descubre <strong>Temptation<\/strong>, el estimulador de cl\u00edtoris que lo tiene todo! Es la versi\u00f3n mejorada de las bragas vibradoras, \u00a1y se ajusta a cualquier talla! Este vibrador es tu compa\u00f1ero perfecto para disfrutar en cualquier momento y lugar.<\/p>\n<p>Colocar <strong>Temptation <\/strong>en tu cl\u00edtoris es pan comido. Solo sube tus bragas, ajusta el potente im\u00e1n a trav\u00e9s de tu ropa, \u00a1y estar\u00e1s lista para vivir una experiencia que redefine la comodidad y la discreci\u00f3n! No es genial?<\/p>\n<p>Pero eso no es todo, porque con la aplicaci\u00f3n de Adrien Lastic, \u00a1tienes el control total sin importar la distancia o qui\u00e9n est\u00e9 contigo! Descubre modos de vibraci\u00f3n personalizables, juegos emocionantes y muchas sorpresas m\u00e1s.<\/p>\n<p>As\u00ed que, ya sabes, \u00a1explora nuevas sensaciones con Temptation de Adrien Lastic y haz que cada momento sea a\u00fan m\u00e1s emocionante!<\/p>\n<p>\u00a0<\/p>\n<p><u><strong>CARACTERISTICAS:<\/strong><\/u><\/p>\n<ul>\n<li>Permite conexi\u00f3n a larga distancia sin l\u00edmites. Control remoto con APP Adrienlastic para IOS y Android.<\/li>\n<li>Vibraciones con Aplicaci\u00f3n 9 predeterminadas + infinitas posibilidades.<\/li>\n<li>Funciones vibraciones manuales: 11<\/li>\n<li>Recargable con cargador magn\u00e9tico USB.<\/li>\n<li>Potente Im\u00e1n de sujeci\u00f3n.<\/li>\n<li>Resistente al agua.<\/li>\n<li>Silicona Premium s\u00faper suave.<\/li>\n<li><u>Dimensiones<\/u>: Largo 8.7 cm \/ Diametro 5.4 cm<\/li>\n<\/ul>\n<p>Incluye bolsa Adrien Lastic super suave de microfibra.<\/p>","protected":false},"excerpt":{"rendered":"<p>ADRIEN LASTIC &#8211; TEMPTATION PINK CLITORIS STIMULATOR &#8211; FREE APP<\/p>","protected":false},"featured_media":88128,"comment_status":"open","ping_status":"closed","template":"","meta":{"_eb_attr":""},"product_brand":[],"product_cat":[1159,1216,1259,1231],"product_tag":[],"class_list":{"0":"post-45614","1":"product","2":"type-product","3":"status-publish","4":"has-post-thumbnail","6":"product_cat-juguetes-bienestar-vibradores","7":"product_cat-juguetes-bienestar-vibradoresvibradores-con-app","8":"product_cat-juguetes-bienestar-vibradoresvibradores-lay-on-clitoris","9":"product_cat-juguetes-bienestar-vibradoresvibradores-punto-g","10":"yith_product_brand-adrien-lastic","12":"first","13":"instock","14":"taxable","15":"shipping-taxable","16":"purchasable","17":"product-type-simple"},"_links":{"self":[{"href":"https:\/\/www.bananatreeshop.com\/pt\/wp-json\/wp\/v2\/product\/45614","targetHints":{"allow":["GET"]}}],"collection":[{"href":"https:\/\/www.bananatreeshop.com\/pt\/wp-json\/wp\/v2\/product"}],"about":[{"href":"https:\/\/www.bananatreeshop.com\/pt\/wp-json\/wp\/v2\/types\/product"}],"replies":[{"embeddable":true,"href":"https:\/\/www.bananatreeshop.com\/pt\/wp-json\/wp\/v2\/comments?post=45614"}],"wp:featuredmedia":[{"embeddable":true,"href":"https:\/\/www.bananatreeshop.com\/pt\/wp-json\/wp\/v2\/media\/88128"}],"wp:attachment":[{"href":"https:\/\/www.bananatreeshop.com\/pt\/wp-json\/wp\/v2\/media?parent=45614"}],"wp:term":[{"taxonomy":"product_brand","embeddable":true,"href":"https:\/\/www.bananatreeshop.com\/pt\/wp-json\/wp\/v2\/product_brand?post=45614"},{"taxonomy":"product_cat","embeddable":true,"href":"https:\/\/www.bananatreeshop.com\/pt\/wp-json\/wp\/v2\/product_cat?post=45614"},{"taxonomy":"product_tag","embeddable":true,"href":"https:\/\/www.bananatreeshop.com\/pt\/wp-json\/wp\/v2\/product_tag?post=45614"}],"curies":[{"name":"wp","href":"https:\/\/api.w.org\/{rel}","templated":true}]}}