{"id":45617,"date":"2025-07-09T11:01:21","date_gmt":"2025-07-09T11:01:21","guid":{"rendered":"https:\/\/www.bananatreeshop.com\/?post_type=product&#038;p=45617"},"modified":"2026-04-13T20:33:41","modified_gmt":"2026-04-13T20:33:41","slug":"lelo-olga-oro","status":"publish","type":"product","link":"https:\/\/www.bananatreeshop.com\/pt\/produto\/lelo-olga-oro\/","title":{"rendered":"LELO &#8211; OLGA ORO"},"content":{"rendered":"<p>Una herramienta de mimo elegante y sin vibraciones que tambi\u00e9n es excelente para estimular el punto G.\u00a0El dise\u00f1o especial del dispositivo nos permite utilizar ambos extremos para diversos placeres.\u00a0Su hermosa y brillante superficie de acero inoxidable sugiere elegancia y exclusividad.<\/p>\n<ul>\n<li>Cuerpo de acero inoxidable<\/li>\n<li>Una forma excelente para alcanzar el Punto G<\/li>\n<li>Ambos extremos est\u00e1n dise\u00f1ados para diferentes \u00e1reas.<\/li>\n<li>Longitud: 19,5 cm<\/li>\n<li>Ancho: 5 cm<\/li>\n<li>Peso: 650 gramos<\/li>\n<li>Caja de regalo elegante<\/li>\n<li>Colador de almacenamiento satinado<\/li>\n<li>Calidad de lujo<\/li>\n<\/ul>","protected":false},"excerpt":{"rendered":"<p>LELO &#8211; OLGA ORO<\/p>","protected":false},"featured_media":58070,"comment_status":"open","ping_status":"closed","template":"","meta":{"_eb_attr":""},"product_brand":[],"product_cat":[1152,1159,1231],"product_tag":[],"class_list":{"0":"post-45617","1":"product","2":"type-product","3":"status-publish","4":"has-post-thumbnail","6":"product_cat-juguetes-bienestar","7":"product_cat-juguetes-bienestar-vibradores","8":"product_cat-juguetes-bienestar-vibradoresvibradores-punto-g","9":"yith_product_brand-lelo","11":"first","12":"instock","13":"taxable","14":"shipping-taxable","15":"purchasable","16":"product-type-simple"},"_links":{"self":[{"href":"https:\/\/www.bananatreeshop.com\/pt\/wp-json\/wp\/v2\/product\/45617","targetHints":{"allow":["GET"]}}],"collection":[{"href":"https:\/\/www.bananatreeshop.com\/pt\/wp-json\/wp\/v2\/product"}],"about":[{"href":"https:\/\/www.bananatreeshop.com\/pt\/wp-json\/wp\/v2\/types\/product"}],"replies":[{"embeddable":true,"href":"https:\/\/www.bananatreeshop.com\/pt\/wp-json\/wp\/v2\/comments?post=45617"}],"wp:featuredmedia":[{"embeddable":true,"href":"https:\/\/www.bananatreeshop.com\/pt\/wp-json\/wp\/v2\/media\/58070"}],"wp:attachment":[{"href":"https:\/\/www.bananatreeshop.com\/pt\/wp-json\/wp\/v2\/media?parent=45617"}],"wp:term":[{"taxonomy":"product_brand","embeddable":true,"href":"https:\/\/www.bananatreeshop.com\/pt\/wp-json\/wp\/v2\/product_brand?post=45617"},{"taxonomy":"product_cat","embeddable":true,"href":"https:\/\/www.bananatreeshop.com\/pt\/wp-json\/wp\/v2\/product_cat?post=45617"},{"taxonomy":"product_tag","embeddable":true,"href":"https:\/\/www.bananatreeshop.com\/pt\/wp-json\/wp\/v2\/product_tag?post=45617"}],"curies":[{"name":"wp","href":"https:\/\/api.w.org\/{rel}","templated":true}]}}