{"id":45669,"date":"2025-10-01T19:06:11","date_gmt":"2025-10-01T19:06:11","guid":{"rendered":"https:\/\/www.bananatreeshop.com\/?post_type=product&#038;p=45669"},"modified":"2026-04-15T17:11:59","modified_gmt":"2026-04-15T17:11:59","slug":"alive-quiver-stimulating-waves-green-vibrator","status":"publish","type":"product","link":"https:\/\/www.bananatreeshop.com\/pt\/produto\/alive-quiver-stimulating-waves-green-vibrator\/","title":{"rendered":"ALIVE &#8211; QUIVER SUCCIONADOR  VIBRADOR VERDE"},"content":{"rendered":"<p><strong>Quiver<\/strong>, es<strong> <\/strong>un\u00a0succionador vibrador con estimulador de cl\u00edtoris integrado y es un juguete sexual avanzado dise\u00f1ado para proporcionar a las personas una experiencia \u00edntima multifac\u00e9tica y altamente placentera. Este dispositivo combina varias funciones para estimular simult\u00e1neamente, el cl\u00edtoris y utiliza tecnolog\u00eda de succi\u00f3n para intensificar la sensaci\u00f3n.<\/p>\n<p>\u00a0<\/p>\n<p>El dise\u00f1o de este vibrador suele ser ergon\u00f3mico, con una forma curvada. El material de fabricaci\u00f3n es seguro para el cuerpo y la superficie es suave al tacto para una inserci\u00f3n c\u00f3moda.<\/p>\n<p>Esta funci\u00f3n utiliza tecnolog\u00eda de succi\u00f3n para crear pulsaciones de vac\u00edo alrededor del cl\u00edtoris, simuando la sensaci\u00f3n de succi\u00f3n. Esta t\u00e9cnica innovadora es conocida por proporcionar una estimulaci\u00f3n \u00fanica y altamente placentera que puede llevar a orgasmos m\u00e1s intensos.<\/p>\n<p>Los controles del vibrador suelen ser intuitivos, permitiendo a los usuarios ajustar la intensidad de la vibraci\u00f3n, y la succi\u00f3n del cl\u00edtoris seg\u00fan sus preferencias individuales. La resistencia al agua es otra caracter\u00edstica com\u00fan, permitiendo su uso en la ducha o la ba\u00f1era.<\/p>\n<p>Como con cualquier juguete sexual, es esencial seguir las instrucciones del fabricante para garantizar un uso seguro y placentero. El uso de lubricantes a base de agua es recomendable para mejorar la comodidad durante la inserci\u00f3n y la estimulaci\u00f3n.<\/p>\n<p><u><strong>Cuidado y Limpieza<\/strong><\/u>: El cuidado y la limpieza adecuados son esenciales para garantizar la durabilidad y la higiene. La limpieza adecuada antes y despu\u00e9s de cada uso es esencial para mantener la salud sexual y prevenir posibles infecciones.<\/p>\n<p>\u00a0<\/p>\n<p><u><strong>CARACTERISTICAS:<\/strong><\/u><\/p>\n<ul>\n<li>Color: Verde azulado<\/li>\n<li><u>Dimensiones<\/u>: Largo 20.2 cm \/ Diametro 4.2 cm<\/li>\n<li>Numero de funciones: 10 vibracion + 10 succion<\/li>\n<li>Numero de motores: 2<\/li>\n<li>Impermeabilizaci\u00f3n:\u00a0A prueba de salpicaduras-IPX7<\/li>\n<li>Zona de estimulacion: Clitoris<\/li>\n<\/ul>","protected":false},"excerpt":{"rendered":"<p>ALIVE &#8211; QUIVER SUCTION  VIBRATOR GREEN<\/p>","protected":false},"featured_media":93958,"comment_status":"open","ping_status":"closed","template":"","meta":{"_eb_attr":""},"product_brand":[],"product_cat":[1159,1263],"product_tag":[],"class_list":{"0":"post-45669","1":"product","2":"type-product","3":"status-publish","4":"has-post-thumbnail","6":"product_cat-juguetes-bienestar-vibradores","7":"product_cat-juguetes-bienestar-vibradoresvibradores-succionadores-ondas-presion","8":"yith_product_brand-alive","10":"first","11":"instock","12":"taxable","13":"shipping-taxable","14":"purchasable","15":"product-type-simple"},"_links":{"self":[{"href":"https:\/\/www.bananatreeshop.com\/pt\/wp-json\/wp\/v2\/product\/45669","targetHints":{"allow":["GET"]}}],"collection":[{"href":"https:\/\/www.bananatreeshop.com\/pt\/wp-json\/wp\/v2\/product"}],"about":[{"href":"https:\/\/www.bananatreeshop.com\/pt\/wp-json\/wp\/v2\/types\/product"}],"replies":[{"embeddable":true,"href":"https:\/\/www.bananatreeshop.com\/pt\/wp-json\/wp\/v2\/comments?post=45669"}],"wp:featuredmedia":[{"embeddable":true,"href":"https:\/\/www.bananatreeshop.com\/pt\/wp-json\/wp\/v2\/media\/93958"}],"wp:attachment":[{"href":"https:\/\/www.bananatreeshop.com\/pt\/wp-json\/wp\/v2\/media?parent=45669"}],"wp:term":[{"taxonomy":"product_brand","embeddable":true,"href":"https:\/\/www.bananatreeshop.com\/pt\/wp-json\/wp\/v2\/product_brand?post=45669"},{"taxonomy":"product_cat","embeddable":true,"href":"https:\/\/www.bananatreeshop.com\/pt\/wp-json\/wp\/v2\/product_cat?post=45669"},{"taxonomy":"product_tag","embeddable":true,"href":"https:\/\/www.bananatreeshop.com\/pt\/wp-json\/wp\/v2\/product_tag?post=45669"}],"curies":[{"name":"wp","href":"https:\/\/api.w.org\/{rel}","templated":true}]}}