{"id":45805,"date":"2025-07-18T13:01:49","date_gmt":"2025-07-18T13:01:49","guid":{"rendered":"https:\/\/www.bananatreeshop.com\/?post_type=product&#038;p=45805"},"modified":"2026-04-15T22:54:32","modified_gmt":"2026-04-15T22:54:32","slug":"silexd-model-2-anal-plug-premium-silexpan-silicone-premium-thermoreactive-size-m","status":"publish","type":"product","link":"https:\/\/www.bananatreeshop.com\/pt\/produto\/silexd-model-2-anal-plug-premium-silexpan-silicone-premium-thermoreactive-size-m\/","title":{"rendered":"SILEXD &#8211; MODELO 2 PLUG ANAL SILICONA PREMIUM SILEXPAN PREMIUM TERMORREACTIVO TALLA M"},"content":{"rendered":"<p><strong>Model 2 <\/strong>es un plug anal termorreactivo con varios tama\u00f1os y forma lisa dise\u00f1ado para la exploraci\u00f3n anal, ofreciendo una experiencia sensual y placentera.<\/p>\n<p>Este producto innovador combina las propiedades de un tap\u00f3n anal convencional con caracter\u00edsticas termorreactivas que responden al calor corporal, proporcionando sensaciones adicionales y aumentando la comodidad durante su uso.<\/p>\n<p>El plug est\u00e1 fabricado con materiales de alta calidad y seguros para el cuerpo, lo que garantiza una experiencia placentera y sin riesgos. Su dise\u00f1o ergon\u00f3mico facilita la inserci\u00f3n y garantiza un ajuste c\u00f3modo dentro del canal anal. Adem\u00e1s, la base del plug est\u00e1 dise\u00f1ada de manera segura para evitar la inserci\u00f3n completa y garantizar la extracci\u00f3n sin problemas.<\/p>\n<p>La caracter\u00edstica termorreactiva del plug implica que el material utilizado tiene la capacidad de cambiar su temperatura en respuesta al calor corporal. Esto no solo mejora la comodidad durante el uso, sino que tambi\u00e9n agrega una dimensi\u00f3n adicional de sensaci\u00f3n a medida que el plug se adapta a la temperatura del cuerpo.<\/p>\n<p>El proceso de termorreactividad no solo se limita a la adaptaci\u00f3n de la temperatura, sino que tambi\u00e9n puede potenciar la sensaci\u00f3n t\u00e1ctil y la flexibilidad del plug, creando una experiencia m\u00e1s personalizada y sensual. La capacidad del plug para ajustarse a las variaciones individuales de temperatura corporal garantiza una experiencia \u00fanica para cada usuario.<\/p>\n<p>Como con todos los juguetes sexuales, se recomienda el uso de lubricantes a base de agua para facilitar la inserci\u00f3n y mejorar la comodidad. La limpieza adecuada antes y despu\u00e9s de cada uso es esencial para mantener la higiene del juguete y prevenir posibles irritaciones o infecciones.<\/p>\n<p>\u00a0<\/p>\n<p><u><strong>SILEXD\u00ae<\/strong><\/u><\/p>\n<p><strong>SilexD\u00ae <\/strong>ofrece una gama de consoladores con piel de silicona extra suave de alta calidad con relleno de SILEXPAN\u00ae de doble densidad y n\u00facleo interno duro, para una sensaci\u00f3n extremadamente realista y una experiencia de placer incomparable.<\/p>\n<p>La revolucionaria f\u00f3rmula patentada del material <strong>SILEXPAN\u00ae<\/strong> utilizado para rellenar nuestros productos permite una mejor densidad y mayor flexibilidad del consolador.\u00a0D\u00e1ndole una sensaci\u00f3n magnifica y mayor elasticidad.\u00a0\u00a0<\/p>\n<p><strong>SilexD\u00ae<\/strong> ofrece la piel de silicona de mejor calidad del mercado.\u00a0Esta silicona de grado platino no contiene ftalatos ni l\u00e1tex, es segura para el cuerpo, es hipoalerg\u00e9nica y no porosa, lo que la hace f\u00e1cil de limpiar y m\u00e1s duradera.<\/p>\n<p>\u00a0<\/p>\n<p><u><strong>CARACTERISTICAS:<\/strong><\/u><\/p>\n<ul>\n<li>Color: Negro<\/li>\n<li>Dimensiones:\n<ul>\n<li>TALLA XS: Largo 6.4 cm \/ Diametro 2.9 cm<\/li>\n<li>TALLA S: Largo 7.2 cm \/ Diametro 3.4 cm<\/li>\n<li>TALLA M: Largo 9.3 cm \/ Diametro 4 cm<\/li>\n<li>TALLA L: Largo 10.2 cm \/ Diametro 4.5 cm<\/li>\n<\/ul>\n<\/li>\n<li>Material: Silexpan \/ Silicona<\/li>\n<li>Impermeabilizaci\u00f3n:\u00a0Resistente al agua-IPX8<\/li>\n<li>Zona de estimulaci\u00f3n:\u00a0 Anal<\/li>\n<\/ul>","protected":false},"excerpt":{"rendered":"<p>SILEXD &#8211; MODEL 2 ANAL PLUG PREMIUM SILEXPAN SILICONE PREMIUM THERMOREACTIVE SIZE M<\/p>","protected":false},"featured_media":88947,"comment_status":"open","ping_status":"closed","template":"","meta":{"_eb_attr":""},"product_brand":[],"product_cat":[1157,1355,258,1152,1377,1158],"product_tag":[],"class_list":{"0":"post-45805","1":"product","2":"type-product","3":"status-publish","4":"has-post-thumbnail","6":"product_cat-juguetes-bienestar-anal","7":"product_cat-bdsm-bondage-articulos-bdsm","8":"product_cat-bdsm-bondage","9":"product_cat-juguetes-bienestar","10":"product_cat-bdsm-bondage-articulos-bdsmplug-anal-bdsm","11":"product_cat-juguetes-bienestar-analplugs-anales","12":"yith_product_brand-silexd","14":"first","15":"instock","16":"taxable","17":"shipping-taxable","18":"purchasable","19":"product-type-simple"},"_links":{"self":[{"href":"https:\/\/www.bananatreeshop.com\/pt\/wp-json\/wp\/v2\/product\/45805","targetHints":{"allow":["GET"]}}],"collection":[{"href":"https:\/\/www.bananatreeshop.com\/pt\/wp-json\/wp\/v2\/product"}],"about":[{"href":"https:\/\/www.bananatreeshop.com\/pt\/wp-json\/wp\/v2\/types\/product"}],"replies":[{"embeddable":true,"href":"https:\/\/www.bananatreeshop.com\/pt\/wp-json\/wp\/v2\/comments?post=45805"}],"wp:featuredmedia":[{"embeddable":true,"href":"https:\/\/www.bananatreeshop.com\/pt\/wp-json\/wp\/v2\/media\/88947"}],"wp:attachment":[{"href":"https:\/\/www.bananatreeshop.com\/pt\/wp-json\/wp\/v2\/media?parent=45805"}],"wp:term":[{"taxonomy":"product_brand","embeddable":true,"href":"https:\/\/www.bananatreeshop.com\/pt\/wp-json\/wp\/v2\/product_brand?post=45805"},{"taxonomy":"product_cat","embeddable":true,"href":"https:\/\/www.bananatreeshop.com\/pt\/wp-json\/wp\/v2\/product_cat?post=45805"},{"taxonomy":"product_tag","embeddable":true,"href":"https:\/\/www.bananatreeshop.com\/pt\/wp-json\/wp\/v2\/product_tag?post=45805"}],"curies":[{"name":"wp","href":"https:\/\/api.w.org\/{rel}","templated":true}]}}