{"id":45885,"date":"2025-07-09T14:01:12","date_gmt":"2025-07-09T14:01:12","guid":{"rendered":"https:\/\/www.bananatreeshop.com\/?post_type=product&#038;p=45885"},"modified":"2026-04-04T10:02:56","modified_gmt":"2026-04-04T10:02:56","slug":"pretty-love-regina-vibrator-rechargeable-stimulating-waves-purple","status":"publish","type":"product","link":"https:\/\/www.bananatreeshop.com\/pt\/produto\/pretty-love-regina-vibrator-rechargeable-stimulating-waves-purple\/","title":{"rendered":"PRETTY LOVE &#8211; REGINA VIBRADOR-SUCCIONADOR RECARGABLE MORADO"},"content":{"rendered":"<p>\u00a1No hay nada m\u00e1s intenso que el placer de una pulsaci\u00f3n profunda y palpitante! Con el vibrador Pulse Wave Rabbit de Pretty Love, puedes darte un capricho en cualquier momento que te apetezca. Fabricado con silicona suave como la seda y segura para el cuerpo, este vibrador pulsante se siente muy bien desliz\u00e1ndose por dentro. Este vibrador est\u00e1 dise\u00f1ado para la forma de una mujer con sus especificaciones curvas y en \u00e1ngulo. Incluso viene con un accesorio de succi\u00f3n que es ideal para la estimulaci\u00f3n del cl\u00edtoris y la estimulaci\u00f3n de los senos. Para mayor comodidad, la bater\u00eda recargable USB hace que sea f\u00e1cil mantener su vibrador a plena potencia, para disfrutar en cualquier momento.<\/p>\n<p><u><strong>Caracteristicas<\/strong><\/u><\/p>\n<ul>\n<li>Funci\u00f3n:12 funciones\u00a0de vibraci\u00f3n\u00a03 ajustes\u00a0de onda de pulso\u00a0Succi\u00f3n<\/li>\n<li>Poder:Recargable\u00a0por USB<\/li>\n<li>Material:ABS de\u00a0silicona<\/li>\n<li>Color:Violeta<\/li>\n<\/ul>\n<p>Pretty Love fabrica productos de alta calidad. Tienen 1 a\u00f1o de garant\u00eda en defectos t\u00e9cnicos.<\/p>","protected":false},"excerpt":{"rendered":"<p>PRETTY LOVE &#8211; REGINA RECHARGEABLE VIBRATOR-SUCTION GEL PURPLE<\/p>","protected":false},"featured_media":58526,"comment_status":"open","ping_status":"closed","template":"","meta":{"_eb_attr":""},"product_brand":[],"product_cat":[1152,1159,1258],"product_tag":[],"class_list":{"0":"post-45885","1":"product","2":"type-product","3":"status-publish","4":"has-post-thumbnail","6":"product_cat-juguetes-bienestar","7":"product_cat-juguetes-bienestar-vibradores","8":"product_cat-juguetes-bienestar-vibradoresvibradores-rabbit","9":"yith_product_brand-pretty-love","10":"yith_product_brand-pretty-lovepretty-love-c-type","12":"first","13":"instock","14":"taxable","15":"shipping-taxable","16":"purchasable","17":"product-type-simple"},"_links":{"self":[{"href":"https:\/\/www.bananatreeshop.com\/pt\/wp-json\/wp\/v2\/product\/45885","targetHints":{"allow":["GET"]}}],"collection":[{"href":"https:\/\/www.bananatreeshop.com\/pt\/wp-json\/wp\/v2\/product"}],"about":[{"href":"https:\/\/www.bananatreeshop.com\/pt\/wp-json\/wp\/v2\/types\/product"}],"replies":[{"embeddable":true,"href":"https:\/\/www.bananatreeshop.com\/pt\/wp-json\/wp\/v2\/comments?post=45885"}],"wp:featuredmedia":[{"embeddable":true,"href":"https:\/\/www.bananatreeshop.com\/pt\/wp-json\/wp\/v2\/media\/58526"}],"wp:attachment":[{"href":"https:\/\/www.bananatreeshop.com\/pt\/wp-json\/wp\/v2\/media?parent=45885"}],"wp:term":[{"taxonomy":"product_brand","embeddable":true,"href":"https:\/\/www.bananatreeshop.com\/pt\/wp-json\/wp\/v2\/product_brand?post=45885"},{"taxonomy":"product_cat","embeddable":true,"href":"https:\/\/www.bananatreeshop.com\/pt\/wp-json\/wp\/v2\/product_cat?post=45885"},{"taxonomy":"product_tag","embeddable":true,"href":"https:\/\/www.bananatreeshop.com\/pt\/wp-json\/wp\/v2\/product_tag?post=45885"}],"curies":[{"name":"wp","href":"https:\/\/api.w.org\/{rel}","templated":true}]}}