{"id":45986,"date":"2025-07-09T11:01:54","date_gmt":"2025-07-09T11:01:54","guid":{"rendered":"https:\/\/www.bananatreeshop.com\/?post_type=product&#038;p=45986"},"modified":"2026-04-13T14:17:50","modified_gmt":"2026-04-13T14:17:50","slug":"pretty-love-gorgon-purple-rechargeable-finger-vibrator","status":"publish","type":"product","link":"https:\/\/www.bananatreeshop.com\/pt\/produto\/pretty-love-gorgon-purple-rechargeable-finger-vibrator\/","title":{"rendered":"PRETTY LOVE &#8211; GORGON VIBRADOR DE DEDO RECARGABLE MORADO"},"content":{"rendered":"<p>Peque\u00f1o, pero poderoso.\u00a0Incre\u00edble para parejas y satisfacci\u00f3n en solitario.\u00a0El vibrador de dedo recargable Prettylove con 10 configuraciones est\u00e1 hecho de silicona ultrasuave, desliza este vibrador sobre tu dedo;\u00a0Las correas el\u00e1sticas brindan un ajuste ce\u00f1ido para ayudar a que se mantenga en su lugar.\u00a0Enciende las vibraciones y dirige de manera experta la estimulaci\u00f3n exactamente donde quieras.<\/p>\n<p><u><strong>Caracteristicas\u00a0<\/strong><\/u><\/p>\n<ul>\n<li>Funci\u00f3n:10 funciones de vibraci\u00f3n<\/li>\n<li>Fuerza:USB recargable<\/li>\n<li>Color:Azul<\/li>\n<\/ul>\n<p>Pretty Love fabrica productos de alta calidad. Tienen 1 a\u00f1o de garant\u00eda en defectos t\u00e9cnicos.<\/p>","protected":false},"excerpt":{"rendered":"<p>PRETTY LOVE &#8211; GORGON PURPLE RECHARGEABLE FINGER VIBRATOR<\/p>","protected":false},"featured_media":58176,"comment_status":"open","ping_status":"closed","template":"","meta":{"_eb_attr":""},"product_brand":[],"product_cat":[1152,1253,1159,1267],"product_tag":[],"class_list":{"0":"post-45986","1":"product","2":"type-product","3":"status-publish","4":"has-post-thumbnail","6":"product_cat-juguetes-bienestar","7":"product_cat-juguetes-bienestar-vibradoresmini-vibradores","8":"product_cat-juguetes-bienestar-vibradores","9":"product_cat-juguetes-bienestar-vibradoresvibradores-dedo","10":"yith_product_brand-pretty-love","11":"yith_product_brand-pretty-lovepretty-love-smart","13":"first","14":"instock","15":"taxable","16":"shipping-taxable","17":"purchasable","18":"product-type-simple"},"_links":{"self":[{"href":"https:\/\/www.bananatreeshop.com\/pt\/wp-json\/wp\/v2\/product\/45986","targetHints":{"allow":["GET"]}}],"collection":[{"href":"https:\/\/www.bananatreeshop.com\/pt\/wp-json\/wp\/v2\/product"}],"about":[{"href":"https:\/\/www.bananatreeshop.com\/pt\/wp-json\/wp\/v2\/types\/product"}],"replies":[{"embeddable":true,"href":"https:\/\/www.bananatreeshop.com\/pt\/wp-json\/wp\/v2\/comments?post=45986"}],"wp:featuredmedia":[{"embeddable":true,"href":"https:\/\/www.bananatreeshop.com\/pt\/wp-json\/wp\/v2\/media\/58176"}],"wp:attachment":[{"href":"https:\/\/www.bananatreeshop.com\/pt\/wp-json\/wp\/v2\/media?parent=45986"}],"wp:term":[{"taxonomy":"product_brand","embeddable":true,"href":"https:\/\/www.bananatreeshop.com\/pt\/wp-json\/wp\/v2\/product_brand?post=45986"},{"taxonomy":"product_cat","embeddable":true,"href":"https:\/\/www.bananatreeshop.com\/pt\/wp-json\/wp\/v2\/product_cat?post=45986"},{"taxonomy":"product_tag","embeddable":true,"href":"https:\/\/www.bananatreeshop.com\/pt\/wp-json\/wp\/v2\/product_tag?post=45986"}],"curies":[{"name":"wp","href":"https:\/\/api.w.org\/{rel}","templated":true}]}}