{"id":46099,"date":"2025-07-10T19:00:53","date_gmt":"2025-07-10T19:00:53","guid":{"rendered":"https:\/\/www.bananatreeshop.com\/?post_type=product&#038;p=46099"},"modified":"2026-04-17T12:03:46","modified_gmt":"2026-04-17T12:03:46","slug":"satisfyer-mission-control-lilac-small-double-impulse-vibrator","status":"publish","type":"product","link":"https:\/\/www.bananatreeshop.com\/pt\/produto\/satisfyer-mission-control-lilac-small-double-impulse-vibrator\/","title":{"rendered":"SATISFYER &#8211; MISSION CONTROL LILA VIBRADOR PEQUE\u00d1O DE DOBLE IMPULSO"},"content":{"rendered":"<p>Este peque\u00f1o vibrador de doble impulso de aire es perfecto para principiantes gracias a su dise\u00f1o compacto y divertido y a sus incre\u00edbles funciones.<\/p>\n<p>Lindo vibrador Air Pulse para principiantes<br \/>Explora el universo del placer y la estimulaci\u00f3n del cl\u00edtoris con Satisfyer Mission Control: regala a tu cl\u00edtoris la querida tecnolog\u00eda Satisfyer Air Pulse y experimenta ondas de presi\u00f3n sin contacto que te proporcionar\u00e1n cl\u00edmax que no son de este mundo. T\u00fa decides qu\u00e9 tan r\u00e1pido se enciende este cohete, ya que puedes elegir entre 11 intensidades de ondas de presi\u00f3n que van desde suaves hasta intensas. El peque\u00f1o vibrador de Satisfyer tiene a\u00fan m\u00e1s potencia: adem\u00e1s de ondas de presi\u00f3n, cuenta con 12 programas de vibraci\u00f3n variados que puedes combinar con la Tecnolog\u00eda Air Pulse o disfrutar de forma independiente. As\u00ed que t\u00fa decides si este cohete vuela como un vibrador de ondas de presi\u00f3n o como un cl\u00e1sico vibrador de apoyo. Tambi\u00e9n destaca el dise\u00f1o del Satisfyer Mission Control: gracias a su aspecto divertido y a su peque\u00f1o formato, es el juguete perfecto para principiantes y cabe f\u00e1cilmente en cualquier bolso&#8230;<\/p>\n<p>Vibrador fabricado con silicona respetuosa con la piel<br \/>La superficie del Satisfyer Mission Control est\u00e1 hecha de silicona suave y acariciante, que se siente maravillosamente suave y delicada con la piel. Este cohete tambi\u00e9n es un submarino disfrazado, porque gracias a su acabado impermeable (IPX7), se enciende incluso en la ducha o en la ba\u00f1era. Y no necesitas ser un genio para el mantenimiento: con un poco de agua, un jab\u00f3n suave y un poco de limpiador de juguetes conseguir\u00e1s que Satisfyer Mission Control vuelva a brillar. Prepara este juguete amoroso para su pr\u00f3xima misi\u00f3n al planeta placer con el cable de carga USB incluido y disfruta de una estimulaci\u00f3n del cl\u00edtoris incomparable.<\/p>\n<p>\u00a0<\/p>\n<p>\u00a0<\/p>\n<p><u><strong>Caracteristicas:<\/strong><\/u><\/p>\n<ul>\n<li>Garant\u00eda 15 a\u00f1os<\/li>\n<li>Estimulaci\u00f3n del cl\u00edtoris mediante ondas de presi\u00f3n y vibraci\u00f3n.<\/li>\n<li>Silicona respetuosa con el cuerpo<\/li>\n<li>Resistente al agua (IPX7)<\/li>\n<li>11 intensidades de onda de presi\u00f3n + 12 configuraciones de vibraci\u00f3n<\/li>\n<li>2 motores controlados independientemente<\/li>\n<\/ul>\n<p>\u00a0<\/p>","protected":false},"excerpt":{"rendered":"<p>SATISFYER &#8211; MISSION CONTROL LILAC SMALL DOUBLE IMPULSE VIBRATOR<\/p>","protected":false},"featured_media":64600,"comment_status":"open","ping_status":"closed","template":"","meta":{"_eb_attr":""},"product_brand":[],"product_cat":[1152,1153,1159],"product_tag":[],"class_list":{"0":"post-46099","1":"product","2":"type-product","3":"status-publish","4":"has-post-thumbnail","6":"product_cat-juguetes-bienestar","7":"product_cat-juguetes-bienestar-juguetes-para-mujeres","8":"product_cat-juguetes-bienestar-vibradores","9":"pa_color-azul","10":"pa_color-lila","11":"yith_product_brand-satisfyer","12":"yith_product_brand-satisfyer-satisfyer-vibrator","14":"first","15":"instock","16":"taxable","17":"shipping-taxable","18":"purchasable","19":"product-type-variable","20":"has-default-attributes"},"_links":{"self":[{"href":"https:\/\/www.bananatreeshop.com\/pt\/wp-json\/wp\/v2\/product\/46099","targetHints":{"allow":["GET"]}}],"collection":[{"href":"https:\/\/www.bananatreeshop.com\/pt\/wp-json\/wp\/v2\/product"}],"about":[{"href":"https:\/\/www.bananatreeshop.com\/pt\/wp-json\/wp\/v2\/types\/product"}],"replies":[{"embeddable":true,"href":"https:\/\/www.bananatreeshop.com\/pt\/wp-json\/wp\/v2\/comments?post=46099"}],"wp:featuredmedia":[{"embeddable":true,"href":"https:\/\/www.bananatreeshop.com\/pt\/wp-json\/wp\/v2\/media\/64600"}],"wp:attachment":[{"href":"https:\/\/www.bananatreeshop.com\/pt\/wp-json\/wp\/v2\/media?parent=46099"}],"wp:term":[{"taxonomy":"product_brand","embeddable":true,"href":"https:\/\/www.bananatreeshop.com\/pt\/wp-json\/wp\/v2\/product_brand?post=46099"},{"taxonomy":"product_cat","embeddable":true,"href":"https:\/\/www.bananatreeshop.com\/pt\/wp-json\/wp\/v2\/product_cat?post=46099"},{"taxonomy":"product_tag","embeddable":true,"href":"https:\/\/www.bananatreeshop.com\/pt\/wp-json\/wp\/v2\/product_tag?post=46099"}],"curies":[{"name":"wp","href":"https:\/\/api.w.org\/{rel}","templated":true}]}}