{"id":46195,"date":"2025-07-08T23:00:38","date_gmt":"2025-07-08T23:00:38","guid":{"rendered":"https:\/\/www.bananatreeshop.com\/?post_type=product&#038;p=46195"},"modified":"2026-04-06T03:55:57","modified_gmt":"2026-04-06T03:55:57","slug":"kheper-games-sex-board-game","status":"publish","type":"product","link":"https:\/\/www.bananatreeshop.com\/pt\/produto\/kheper-games-sex-board-game\/","title":{"rendered":"KHEPER GAMES &#8211; SEX JUEGO DE MESA"},"content":{"rendered":"<p>El juego para cualquier pareja, triple o cu\u00e1druple. Disfrutas del sexo caliente y voraz? Si es as\u00ed, \u00a1este trepidante juego de juegos previos y sexuales es perfecto! Los jugadores disfrutan de los juegos previos mientras se mueven por el tablero y el ganador puede girar para alcanzar una posici\u00f3n sexual ganadora. Si juegas con m\u00e1s de 2 personas, agrega una posici\u00f3n de sexo por persona adicional.\u00a0<\/p>","protected":false},"excerpt":{"rendered":"<p>PACKAGING DISPONIBLE EN: \/en\/es\/de\/fr\/<\/p>","protected":false},"featured_media":55221,"comment_status":"open","ping_status":"closed","template":"","meta":{"_eb_attr":""},"product_brand":[],"product_cat":[1187,1189],"product_tag":[],"class_list":{"0":"post-46195","1":"product","2":"type-product","3":"status-publish","4":"has-post-thumbnail","6":"product_cat-juegos","7":"product_cat-juegos-juegos-de-mesa","8":"yith_product_brand-kheper-games","10":"first","11":"instock","12":"taxable","13":"shipping-taxable","14":"purchasable","15":"product-type-simple"},"_links":{"self":[{"href":"https:\/\/www.bananatreeshop.com\/pt\/wp-json\/wp\/v2\/product\/46195","targetHints":{"allow":["GET"]}}],"collection":[{"href":"https:\/\/www.bananatreeshop.com\/pt\/wp-json\/wp\/v2\/product"}],"about":[{"href":"https:\/\/www.bananatreeshop.com\/pt\/wp-json\/wp\/v2\/types\/product"}],"replies":[{"embeddable":true,"href":"https:\/\/www.bananatreeshop.com\/pt\/wp-json\/wp\/v2\/comments?post=46195"}],"wp:featuredmedia":[{"embeddable":true,"href":"https:\/\/www.bananatreeshop.com\/pt\/wp-json\/wp\/v2\/media\/55221"}],"wp:attachment":[{"href":"https:\/\/www.bananatreeshop.com\/pt\/wp-json\/wp\/v2\/media?parent=46195"}],"wp:term":[{"taxonomy":"product_brand","embeddable":true,"href":"https:\/\/www.bananatreeshop.com\/pt\/wp-json\/wp\/v2\/product_brand?post=46195"},{"taxonomy":"product_cat","embeddable":true,"href":"https:\/\/www.bananatreeshop.com\/pt\/wp-json\/wp\/v2\/product_cat?post=46195"},{"taxonomy":"product_tag","embeddable":true,"href":"https:\/\/www.bananatreeshop.com\/pt\/wp-json\/wp\/v2\/product_tag?post=46195"}],"curies":[{"name":"wp","href":"https:\/\/api.w.org\/{rel}","templated":true}]}}