{"id":46256,"date":"2025-07-15T22:01:11","date_gmt":"2025-07-15T22:01:11","guid":{"rendered":"https:\/\/www.bananatreeshop.com\/?post_type=product&#038;p=46256"},"modified":"2026-04-03T11:04:44","modified_gmt":"2026-04-03T11:04:44","slug":"leg-avenue-bodystocking-fishnet","status":"publish","type":"product","link":"https:\/\/www.bananatreeshop.com\/pt\/produto\/leg-avenue-bodystocking-fishnet\/","title":{"rendered":"LEG AVENUE &#8211; BODYSTOCKING RED"},"content":{"rendered":"<p>Sum\u00e9rgete en la pasi\u00f3n y la sensualidad con nuestro irresistible Bodystocking de Red. Esta pieza \u00fanica fusiona el encanto seductor de la red con un dise\u00f1o audaz y moderno, creando un atuendo que no solo es provocador sino tambi\u00e9n elegante.<\/p>\n<p>El tejido de red abraza tu figura con gracia, revelando sutilmente la piel de manera sugerente. La transparencia de la red agrega un toque de misterio, creando un efecto visual cautivador que te har\u00e1 destacar en cualquier ocasi\u00f3n.<\/p>\n<p>Con su dise\u00f1o de cuerpo completo, este Bodystocking es una elecci\u00f3n vers\u00e1til, perfecta para momentos \u00edntimos o para realzar tu estilo en eventos especiales. Las aberturas estrat\u00e9gicamente ubicadas a\u00f1aden un elemento juguet\u00f3n y provocador, permiti\u00e9ndote expresar tu sensualidad con confianza.<\/p>\n<p>La comodidad se encuentra en cada detalle, ya que el tejido el\u00e1stico se adapta suavemente a tus curvas, proporcionando un ajuste perfecto. Combina este Bodystocking con tu lencer\u00eda favorita o \u00fasalo solo para lograr un look audaz que te har\u00e1 sentir poderosa y sexy.<\/p>\n<p>Descubre la fusi\u00f3n perfecta de seducci\u00f3n y estilo con nuestro Bodystocking de Red. Eleva tu colecci\u00f3n de lencer\u00eda a nuevas alturas y haz que cada momento sea inolvidable con esta prenda \u00fanica y provocadora. \u00a1Atr\u00e9vete a ser audaz y deslumbra con este Bodystocking irresistible!<\/p>\n<p>\u00a0<\/p>\n<p><u><strong>CARACTERISTICAS:<\/strong><\/u><\/p>\n<ul>\n<li>Talla unica<\/li>\n<li>Composicion: 85% Nylon 15% Spandex<\/li>\n<li>Color : Negro<\/li>\n<\/ul>\n<p>\u00a0<\/p>\n<p><strong>Leg Avenue<\/strong>\u00a0tiene los productos que estabas buscando comprometi\u00e9ndose a ofrecer a los clientes productos innovadores, precios competitivos y una gran satisfacci\u00f3n, reci\u00e9n llegados desde el distrito m\u00e1s fashion de Los \u00c1ngeles. Nadie lo hace m\u00e1s sexy!!<\/p>","protected":false},"excerpt":{"rendered":"<p>LEG AVENUE &#8211; BODYSTOCKING FISHNET<\/p>","protected":false},"featured_media":81380,"comment_status":"open","ping_status":"closed","template":"","meta":{"_eb_attr":""},"product_brand":[],"product_cat":[1408,1225,1386,1191],"product_tag":[],"class_list":{"0":"post-46256","1":"product","2":"type-product","3":"status-publish","4":"has-post-thumbnail","6":"product_cat-moda-lencerialenceria-mujerlenceria-picantebodystocking","7":"product_cat-moda-lencerialenceria-mujer","8":"product_cat-moda-lencerialenceria-mujerlenceria-picante","9":"product_cat-moda-lenceria","10":"yith_product_brand-leg-avenue","11":"yith_product_brand-leg-avenueleg-avenue-bodystockings","13":"first","14":"instock","15":"taxable","16":"shipping-taxable","17":"purchasable","18":"product-type-simple"},"_links":{"self":[{"href":"https:\/\/www.bananatreeshop.com\/pt\/wp-json\/wp\/v2\/product\/46256","targetHints":{"allow":["GET"]}}],"collection":[{"href":"https:\/\/www.bananatreeshop.com\/pt\/wp-json\/wp\/v2\/product"}],"about":[{"href":"https:\/\/www.bananatreeshop.com\/pt\/wp-json\/wp\/v2\/types\/product"}],"replies":[{"embeddable":true,"href":"https:\/\/www.bananatreeshop.com\/pt\/wp-json\/wp\/v2\/comments?post=46256"}],"wp:featuredmedia":[{"embeddable":true,"href":"https:\/\/www.bananatreeshop.com\/pt\/wp-json\/wp\/v2\/media\/81380"}],"wp:attachment":[{"href":"https:\/\/www.bananatreeshop.com\/pt\/wp-json\/wp\/v2\/media?parent=46256"}],"wp:term":[{"taxonomy":"product_brand","embeddable":true,"href":"https:\/\/www.bananatreeshop.com\/pt\/wp-json\/wp\/v2\/product_brand?post=46256"},{"taxonomy":"product_cat","embeddable":true,"href":"https:\/\/www.bananatreeshop.com\/pt\/wp-json\/wp\/v2\/product_cat?post=46256"},{"taxonomy":"product_tag","embeddable":true,"href":"https:\/\/www.bananatreeshop.com\/pt\/wp-json\/wp\/v2\/product_tag?post=46256"}],"curies":[{"name":"wp","href":"https:\/\/api.w.org\/{rel}","templated":true}]}}