{"id":46259,"date":"2025-07-15T22:01:15","date_gmt":"2025-07-15T22:01:15","guid":{"rendered":"https:\/\/www.bananatreeshop.com\/?post_type=product&#038;p=46259"},"modified":"2026-04-03T11:04:49","modified_gmt":"2026-04-03T11:04:49","slug":"leg-avenue-bodystocking-with-straps","status":"publish","type":"product","link":"https:\/\/www.bananatreeshop.com\/pt\/produto\/leg-avenue-bodystocking-with-straps\/","title":{"rendered":"LEG AVENUE &#8211; BODYSTOCKING CON TIRANTES"},"content":{"rendered":"<p>Explora la fusi\u00f3n perfecta entre sofisticaci\u00f3n y sensualidad con nuestro\u00a0bodystocking, una prenda dise\u00f1ada para realzar tu feminidad y despertar la pasi\u00f3n en cada ocasi\u00f3n. Este bodystocking presenta un tejido liso que combina la elegancia con detalles provocativos, ofreci\u00e9ndote una experiencia \u00fanica que transformar\u00e1 por completo tu colecci\u00f3n de lencer\u00eda.<\/p>\n<p>El tejido liso aporta una est\u00e9tica moderna y elegante a esta prenda, proporcionando un lienzo perfecto para destacar tu figura de manera sutil y refinada. La suavidad y la fluidez del material no solo realzan tu sensualidad, sino que tambi\u00e9n garantizan una sensaci\u00f3n lujosa y c\u00f3moda contra tu piel.<\/p>\n<p>Con un dise\u00f1o sin costuras este bodystocking ofrece un ajuste c\u00f3modo y favorecedor, abrazando tu figura de manera natural. Siente la diferencia con cada movimiento mientras esta prenda se adapta a tus curvas, permiti\u00e9ndote expresar tu feminidad con confianza.<\/p>\n<p>Suspende la realidad y sum\u00e9rgete en la experiencia de llevar nuestro suspender bodystocking, una obra maestra de la lencer\u00eda que te har\u00e1 sentir poderosa, sexy y completamente irresistible. Descubre una nueva dimensi\u00f3n de la seducci\u00f3n con esta pieza \u00fanica que combina a la perfecci\u00f3n el arte del dise\u00f1o y la sensualidad. Eleva tu colecci\u00f3n de lencer\u00eda con nuestro\u00a0 bodystocking y haz que cada momento sea inolvidable.<\/p>\n<p><u><strong>CARACTERISTICAS:<\/strong><\/u><\/p>\n<ul>\n<li>Talla unica<\/li>\n<li><u>Composicion<\/u>: 100% nailon<\/li>\n<li><u>Cor <\/u>: Negro\u00a0<\/li>\n<\/ul>\n<p>\u00a0<\/p>\n<p><strong>Leg Avenue<\/strong>\u00a0tiene los productos que estabas buscando comprometi\u00e9ndose a ofrecer a los clientes productos innovadores, precios competitivos y una gran satisfacci\u00f3n, reci\u00e9n llegados desde el distrito m\u00e1s fashion de Los \u00c1ngeles. Nadie lo hace m\u00e1s sexy!!<\/p>","protected":false},"excerpt":{"rendered":"<p>LEG AVENUE &#8211; BODYSTOCKING WITH STRAPS<\/p>","protected":false},"featured_media":81388,"comment_status":"open","ping_status":"closed","template":"","meta":{"_eb_attr":""},"product_brand":[],"product_cat":[1408,1225,1386,1191],"product_tag":[],"class_list":{"0":"post-46259","1":"product","2":"type-product","3":"status-publish","4":"has-post-thumbnail","6":"product_cat-moda-lencerialenceria-mujerlenceria-picantebodystocking","7":"product_cat-moda-lencerialenceria-mujer","8":"product_cat-moda-lencerialenceria-mujerlenceria-picante","9":"product_cat-moda-lenceria","10":"yith_product_brand-leg-avenue","11":"yith_product_brand-leg-avenueleg-avenue-bodystockings","13":"first","14":"instock","15":"taxable","16":"shipping-taxable","17":"purchasable","18":"product-type-simple"},"_links":{"self":[{"href":"https:\/\/www.bananatreeshop.com\/pt\/wp-json\/wp\/v2\/product\/46259","targetHints":{"allow":["GET"]}}],"collection":[{"href":"https:\/\/www.bananatreeshop.com\/pt\/wp-json\/wp\/v2\/product"}],"about":[{"href":"https:\/\/www.bananatreeshop.com\/pt\/wp-json\/wp\/v2\/types\/product"}],"replies":[{"embeddable":true,"href":"https:\/\/www.bananatreeshop.com\/pt\/wp-json\/wp\/v2\/comments?post=46259"}],"wp:featuredmedia":[{"embeddable":true,"href":"https:\/\/www.bananatreeshop.com\/pt\/wp-json\/wp\/v2\/media\/81388"}],"wp:attachment":[{"href":"https:\/\/www.bananatreeshop.com\/pt\/wp-json\/wp\/v2\/media?parent=46259"}],"wp:term":[{"taxonomy":"product_brand","embeddable":true,"href":"https:\/\/www.bananatreeshop.com\/pt\/wp-json\/wp\/v2\/product_brand?post=46259"},{"taxonomy":"product_cat","embeddable":true,"href":"https:\/\/www.bananatreeshop.com\/pt\/wp-json\/wp\/v2\/product_cat?post=46259"},{"taxonomy":"product_tag","embeddable":true,"href":"https:\/\/www.bananatreeshop.com\/pt\/wp-json\/wp\/v2\/product_tag?post=46259"}],"curies":[{"name":"wp","href":"https:\/\/api.w.org\/{rel}","templated":true}]}}