{"id":46266,"date":"2025-07-16T23:00:26","date_gmt":"2025-07-16T23:00:26","guid":{"rendered":"https:\/\/www.bananatreeshop.com\/?post_type=product&#038;p=46266"},"modified":"2026-04-09T00:53:38","modified_gmt":"2026-04-09T00:53:38","slug":"leg-avenue-top-crop-lace-with-thong","status":"publish","type":"product","link":"https:\/\/www.bananatreeshop.com\/pt\/produto\/leg-avenue-top-crop-lace-with-thong\/","title":{"rendered":"LEG AVENUE &#8211; TOP CORTO DE ENCAJE CON TANGA"},"content":{"rendered":"<p>Emb\u00e1rcate en un viaje de elegancia y encanto con nuestro cautivador conjunto de lencer\u00eda, que presenta un top corto envolvente de encaje y una provocadora braguita con lazo lateral. Este exquisito conjunto fusiona la delicadeza del encaje con detalles cautivadores, creando una experiencia \u00fanica que resalta tu feminidad con un toque de estilo juguet\u00f3n.<\/p>\n<p>El top corto envolvente abraza suavemente tu figura, realzando tus curvas con la sensualidad del encaje. Su dise\u00f1o envolvente a\u00f1ade un toque elegante, creando un escote sugerente que atrae la atenci\u00f3n de manera sutil pero impactante. Cada detalle del encaje ha sido seleccionado cuidadosamente para ofrecerte una prenda que es una obra de arte por s\u00ed misma.<\/p>\n<p>La braguita con lazo lateral complementa el conjunto con un toque coqueto y provocador. El lazo lateral a\u00f1ade un elemento juguet\u00f3n, permiti\u00e9ndote ajustar el ajuste seg\u00fan tus preferencias personales. La combinaci\u00f3n de encaje y lazo lateral crea una est\u00e9tica que equilibra la sensualidad con la diversi\u00f3n, proporcion\u00e1ndote un conjunto que es tan c\u00f3modo como seductor.<\/p>\n<p>Este conjunto es m\u00e1s que lencer\u00eda; es una expresi\u00f3n de confianza y feminidad. Ya sea para una ocasi\u00f3n especial o simplemente para sentirte hermosa en tu d\u00eda a d\u00eda, nuestro conjunto de top corto envolvente de encaje y braguita con lazo lateral te invita a explorar tu sensualidad con gracia y estilo. Descubre la magia de la lencer\u00eda que combina la suavidad del encaje con detalles cautivadores, permiti\u00e9ndote expresar tu personalidad \u00fanica con un toque de elegancia y coqueter\u00eda.<\/p>\n<p><u><strong>CARACTERISTICAS:<\/strong><\/u><\/p>\n<ul>\n<li>Talla unica<\/li>\n<li><u>Composicion<\/u>: 93% Poli\u00e9ster 7% Elastano<\/li>\n<li><u>Cor <\/u>: Rosa<\/li>\n<\/ul>\n<p>\u00a0<\/p>\n<p><strong>Leg Avenue<\/strong>\u00a0tiene los productos que estabas buscando comprometi\u00e9ndose a ofrecer a los clientes productos innovadores, precios competitivos y una gran satisfacci\u00f3n, reci\u00e9n llegados desde el distrito m\u00e1s fashion de Los \u00c1ngeles. Nadie lo hace m\u00e1s sexy!!<\/p>","protected":false},"excerpt":{"rendered":"<p>LEG AVENUE &#8211; TOP CROP LACE WITH THONG<\/p>","protected":false},"featured_media":84348,"comment_status":"open","ping_status":"closed","template":"","meta":{"_eb_attr":""},"product_brand":[],"product_cat":[1225,1226,1191,1419],"product_tag":[],"class_list":{"0":"post-46266","1":"product","2":"type-product","3":"status-publish","4":"has-post-thumbnail","6":"product_cat-moda-lencerialenceria-mujer","7":"product_cat-moda-lencerialenceria-mujerlenceria-sexy","8":"product_cat-moda-lenceria","9":"product_cat-moda-lencerialenceria-mujerlenceria-sexytop-y-parte-inferior","10":"yith_product_brand-leg-avenue","11":"yith_product_brand-leg-avenueleg-avenue-sets","13":"first","14":"instock","15":"taxable","16":"shipping-taxable","17":"purchasable","18":"product-type-simple"},"_links":{"self":[{"href":"https:\/\/www.bananatreeshop.com\/pt\/wp-json\/wp\/v2\/product\/46266","targetHints":{"allow":["GET"]}}],"collection":[{"href":"https:\/\/www.bananatreeshop.com\/pt\/wp-json\/wp\/v2\/product"}],"about":[{"href":"https:\/\/www.bananatreeshop.com\/pt\/wp-json\/wp\/v2\/types\/product"}],"replies":[{"embeddable":true,"href":"https:\/\/www.bananatreeshop.com\/pt\/wp-json\/wp\/v2\/comments?post=46266"}],"wp:featuredmedia":[{"embeddable":true,"href":"https:\/\/www.bananatreeshop.com\/pt\/wp-json\/wp\/v2\/media\/84348"}],"wp:attachment":[{"href":"https:\/\/www.bananatreeshop.com\/pt\/wp-json\/wp\/v2\/media?parent=46266"}],"wp:term":[{"taxonomy":"product_brand","embeddable":true,"href":"https:\/\/www.bananatreeshop.com\/pt\/wp-json\/wp\/v2\/product_brand?post=46266"},{"taxonomy":"product_cat","embeddable":true,"href":"https:\/\/www.bananatreeshop.com\/pt\/wp-json\/wp\/v2\/product_cat?post=46266"},{"taxonomy":"product_tag","embeddable":true,"href":"https:\/\/www.bananatreeshop.com\/pt\/wp-json\/wp\/v2\/product_tag?post=46266"}],"curies":[{"name":"wp","href":"https:\/\/api.w.org\/{rel}","templated":true}]}}