{"id":46270,"date":"2025-07-15T22:01:21","date_gmt":"2025-07-15T22:01:21","guid":{"rendered":"https:\/\/www.bananatreeshop.com\/?post_type=product&#038;p=46270"},"modified":"2026-04-03T11:04:59","modified_gmt":"2026-04-03T11:04:59","slug":"leg-avenue-mini-dress-with-lace-long-sleeve-red","status":"publish","type":"product","link":"https:\/\/www.bananatreeshop.com\/pt\/produto\/leg-avenue-mini-dress-with-lace-long-sleeve-red\/","title":{"rendered":"LEG AVENUE &#8211; MINI VESTIDO DE ENCAJE CON MANGA LARGA ROJO"},"content":{"rendered":"<p>Sum\u00e9rgete en el encanto y la sofisticaci\u00f3n con nuestro cautivador mini vestido de encaje y manga larga. Este exquisito dise\u00f1o fusiona la delicadeza intr\u00ednseca del encaje con la sensualidad atemporal de las mangas largas, creando una pieza que destaca tu feminidad con elegancia y estilo.<\/p>\n<p>El encaje, tejido con precisi\u00f3n, adorna el vestido, ofreciendo un toque de romanticismo y detalle artesanal. Su textura \u00fanica juega con la transparencia y la sugerencia, permitiendo que la piel se asome de manera sutil, creando una experiencia visual encantadora.<\/p>\n<p>Las mangas largas a\u00f1aden un elemento de misterio y sofisticaci\u00f3n al conjunto. Esta elecci\u00f3n de dise\u00f1o no solo realza la elegancia del vestido, sino que tambi\u00e9n proporciona versatilidad, permiti\u00e9ndote llevarlo con confianza en diversas ocasiones, ya sea una salida nocturna o una ocasi\u00f3n especial.<\/p>\n<p>Este mini vestido es m\u00e1s que una prenda de moda, es una expresi\u00f3n de confianza y estilo. Su corte favorecedor y los detalles cuidadosamente seleccionados crean una pieza \u00fanica que te har\u00e1 sentir irresistible en cualquier momento. Descubre la magia de la lencer\u00eda que celebra la fusi\u00f3n entre la sensualidad del encaje y la elegancia de las mangas largas, elevando tu presencia con cada movimiento y detalle.<\/p>\n<p><u><strong>CARACTERISTICAS:<\/strong><\/u><\/p>\n<ul>\n<li>Talla unica<\/li>\n<li><u>Composicion<\/u>: 95% nailon, 5% elastano.<\/li>\n<li><u>Cor <\/u>:\u00a0<\/li>\n<\/ul>\n<p>\u00a0<\/p>\n<p><strong>Leg Avenue<\/strong>\u00a0tiene los productos que estabas buscando comprometi\u00e9ndose a ofrecer a los clientes productos innovadores, precios competitivos y una gran satisfacci\u00f3n, reci\u00e9n llegados desde el distrito m\u00e1s fashion de Los \u00c1ngeles. Nadie lo hace m\u00e1s sexy!!<\/p>","protected":false},"excerpt":{"rendered":"<p>LEG AVENUE &#8211; MINI DRESS WITH LACE LONG SLEEVE RED<\/p>","protected":false},"featured_media":81405,"comment_status":"open","ping_status":"closed","template":"","meta":{"_eb_attr":""},"product_brand":[],"product_cat":[1225,1386,1191,1411],"product_tag":[],"class_list":{"0":"post-46270","1":"product","2":"type-product","3":"status-publish","4":"has-post-thumbnail","6":"product_cat-moda-lencerialenceria-mujer","7":"product_cat-moda-lencerialenceria-mujerlenceria-picante","8":"product_cat-moda-lenceria","9":"product_cat-moda-lencerialenceria-mujerlenceria-picantevestidos-sexys","10":"yith_product_brand-leg-avenue","11":"yith_product_brand-leg-avenueleg-avenue-dresses","13":"first","14":"instock","15":"taxable","16":"shipping-taxable","17":"purchasable","18":"product-type-simple"},"_links":{"self":[{"href":"https:\/\/www.bananatreeshop.com\/pt\/wp-json\/wp\/v2\/product\/46270","targetHints":{"allow":["GET"]}}],"collection":[{"href":"https:\/\/www.bananatreeshop.com\/pt\/wp-json\/wp\/v2\/product"}],"about":[{"href":"https:\/\/www.bananatreeshop.com\/pt\/wp-json\/wp\/v2\/types\/product"}],"replies":[{"embeddable":true,"href":"https:\/\/www.bananatreeshop.com\/pt\/wp-json\/wp\/v2\/comments?post=46270"}],"wp:featuredmedia":[{"embeddable":true,"href":"https:\/\/www.bananatreeshop.com\/pt\/wp-json\/wp\/v2\/media\/81405"}],"wp:attachment":[{"href":"https:\/\/www.bananatreeshop.com\/pt\/wp-json\/wp\/v2\/media?parent=46270"}],"wp:term":[{"taxonomy":"product_brand","embeddable":true,"href":"https:\/\/www.bananatreeshop.com\/pt\/wp-json\/wp\/v2\/product_brand?post=46270"},{"taxonomy":"product_cat","embeddable":true,"href":"https:\/\/www.bananatreeshop.com\/pt\/wp-json\/wp\/v2\/product_cat?post=46270"},{"taxonomy":"product_tag","embeddable":true,"href":"https:\/\/www.bananatreeshop.com\/pt\/wp-json\/wp\/v2\/product_tag?post=46270"}],"curies":[{"name":"wp","href":"https:\/\/api.w.org\/{rel}","templated":true}]}}