{"id":46272,"date":"2025-07-16T23:00:27","date_gmt":"2025-07-16T23:00:27","guid":{"rendered":"https:\/\/www.bananatreeshop.com\/?post_type=product&#038;p=46272"},"modified":"2026-04-15T19:14:23","modified_gmt":"2026-04-15T19:14:23","slug":"leg-avenue-set-3-pieces-top-thong-sleeves","status":"publish","type":"product","link":"https:\/\/www.bananatreeshop.com\/pt\/produto\/leg-avenue-set-3-pieces-top-thong-sleeves\/","title":{"rendered":"LEG AVENUE &#8211; SET 3 PIEZAS TOP + TANGA + MANGAS"},"content":{"rendered":"<p>Sum\u00e9rgete en la elegancia y la versatilidad con nuestro cautivador set de 3 piezas, que incluye tanga, top y mangas. Este conjunto ofrece una fusi\u00f3n perfecta de comodidad y sensualidad, permiti\u00e9ndote expresar tu estilo \u00fanico en cada ocasi\u00f3n. Descubre la magia de sentirte atractiva y con estilo, ya sea para una salida especial o simplemente para resaltar tu feminidad en tu d\u00eda a d\u00eda. Con este set, experimentar\u00e1s la combinaci\u00f3n perfecta de moda y encanto, llevando contigo una dosis extra de confianza y elegancia.<\/p>\n<p><u><strong>CARACTERISTICAS:<\/strong><\/u><\/p>\n<ul>\n<li>Talla unica<\/li>\n<li><u>Composicion<\/u>:\u00a0 92% nailon, 8% elastano.<\/li>\n<li><u>Cor <\/u>: Rojo<\/li>\n<\/ul>\n<p>\u00a0<\/p>\n<p><strong>Leg Avenue<\/strong>\u00a0tiene los productos que estabas buscando comprometi\u00e9ndose a ofrecer a los clientes productos innovadores, precios competitivos y una gran satisfacci\u00f3n, reci\u00e9n llegados desde el distrito m\u00e1s fashion de Los \u00c1ngeles. Nadie lo hace m\u00e1s sexy!!<\/p>","protected":false},"excerpt":{"rendered":"<p>LEG AVENUE &#8211; SET 3 PIECES TOP + THONG + SLEEVES<\/p>","protected":false},"featured_media":84353,"comment_status":"open","ping_status":"closed","template":"","meta":{"_eb_attr":""},"product_brand":[],"product_cat":[1225,1226,1191,1419],"product_tag":[],"class_list":{"0":"post-46272","1":"product","2":"type-product","3":"status-publish","4":"has-post-thumbnail","6":"product_cat-moda-lencerialenceria-mujer","7":"product_cat-moda-lencerialenceria-mujerlenceria-sexy","8":"product_cat-moda-lenceria","9":"product_cat-moda-lencerialenceria-mujerlenceria-sexytop-y-parte-inferior","10":"yith_product_brand-leg-avenue","11":"yith_product_brand-leg-avenueleg-avenue-sets","13":"first","14":"instock","15":"taxable","16":"shipping-taxable","17":"purchasable","18":"product-type-simple"},"_links":{"self":[{"href":"https:\/\/www.bananatreeshop.com\/pt\/wp-json\/wp\/v2\/product\/46272","targetHints":{"allow":["GET"]}}],"collection":[{"href":"https:\/\/www.bananatreeshop.com\/pt\/wp-json\/wp\/v2\/product"}],"about":[{"href":"https:\/\/www.bananatreeshop.com\/pt\/wp-json\/wp\/v2\/types\/product"}],"replies":[{"embeddable":true,"href":"https:\/\/www.bananatreeshop.com\/pt\/wp-json\/wp\/v2\/comments?post=46272"}],"wp:featuredmedia":[{"embeddable":true,"href":"https:\/\/www.bananatreeshop.com\/pt\/wp-json\/wp\/v2\/media\/84353"}],"wp:attachment":[{"href":"https:\/\/www.bananatreeshop.com\/pt\/wp-json\/wp\/v2\/media?parent=46272"}],"wp:term":[{"taxonomy":"product_brand","embeddable":true,"href":"https:\/\/www.bananatreeshop.com\/pt\/wp-json\/wp\/v2\/product_brand?post=46272"},{"taxonomy":"product_cat","embeddable":true,"href":"https:\/\/www.bananatreeshop.com\/pt\/wp-json\/wp\/v2\/product_cat?post=46272"},{"taxonomy":"product_tag","embeddable":true,"href":"https:\/\/www.bananatreeshop.com\/pt\/wp-json\/wp\/v2\/product_tag?post=46272"}],"curies":[{"name":"wp","href":"https:\/\/api.w.org\/{rel}","templated":true}]}}