{"id":46298,"date":"2025-07-10T02:00:53","date_gmt":"2025-07-10T02:00:53","guid":{"rendered":"https:\/\/www.bananatreeshop.com\/?post_type=product&#038;p=46298"},"modified":"2026-04-16T06:03:14","modified_gmt":"2026-04-16T06:03:14","slug":"lelo-hugo-2-green-remote-control-prostate-massager","status":"publish","type":"product","link":"https:\/\/www.bananatreeshop.com\/pt\/produto\/lelo-hugo-2-green-remote-control-prostate-massager\/","title":{"rendered":"LELO &#8211; HUGO 2 MASAJEADOR DE PROSTATA CONTROL REMOTO VERDE"},"content":{"rendered":"<p><strong>HUGO\u2122 2 Remote<\/strong> es un masajeador de pr\u00f3stata mejorado con mando a distancia ideal para parejas atrevidas o lobos solitarios que busquen un enfoque sensacional para llegar al orgasmo. Su dise\u00f1o actualizado se adapta perfectamente a cualquier tipo de cuerpo, mientras que su potencia adicional permite que el placer sea todav\u00eda m\u00e1s intenso. <strong>HUGO\u2122 2 Remote<\/strong> cuenta con una bater\u00eda m\u00e1s duradera, m\u00e1s modos y una gama m\u00e1s amplia de intensidades.<\/p>\n<ul>\n<li><u>8 POTENTES MODOS DE PLACER<\/u>: HUGO\u2122 2 Remote cuenta con una bater\u00eda m\u00e1s duradera, m\u00e1s modos y una gama m\u00e1s amplia de intensidades.<\/li>\n<li><u>TECNOLOG\u00cdA SENSEMOTION<\/u>:\u00a0<strong>SenseMotion\u2122<\/strong>, que cuenta con dos modos distintos, te permite subir de nivel la vibraci\u00f3n inclinando el mando a distancia o movi\u00e9ndolo en cualquier direcci\u00f3n.<\/li>\n<li><u>DOS MOTORES PARA EL DOBLE DE PLACER<\/u>: Dos motores que se encuentran en la base y en la punta para lograr el doble de placer.<\/li>\n<\/ul>\n<p>\u00a0<\/p>\n<p><u><strong>CARACTERISTICAS:<\/strong><\/u><\/p>\n<ul>\n<li>Materiales: Silicona biocompatible y pl\u00e1stico ABS<\/li>\n<li>Tama\u00f1o: 107\u00a0x 41\u00a0x 104\u00a0mm<\/li>\n<li>Longitud insertable: 72 mm<\/li>\n<li>Peso: 151\u00a0g<\/li>\n<li>Bater\u00eda: Li-ion 420 mAh 3.7 V<\/li>\n<li>Motor de vibraci\u00f3n 1: 130 Hz<\/li>\n<li>Motor de vibraci\u00f3n 2: 108 Hz<\/li>\n<li>Nivel m\u00e1x. de ruido: <60 dB<\/li>\n<li>Color: Verde \/ Negro<\/li>\n<\/ul>\n<p><u><strong>Mando a distancia<\/strong><\/u><\/p>\n<ul>\n<li>Materiales: Silicona biocompatible y pl\u00e1stico ABS<\/li>\n<li>Tama\u00f1o: 64 x 26 x 64 mm<\/li>\n<li>Peso: 30 g<\/li>\n<li>Pilas: 2 AAA<\/li>\n<\/ul>","protected":false},"excerpt":{"rendered":"<p>LELO &#8211; HUGO 2 GREEN REMOTE CONTROL PROSTATE MASSAGER<\/p>","protected":false},"featured_media":61764,"comment_status":"open","ping_status":"closed","template":"","meta":{"_eb_attr":""},"product_brand":[],"product_cat":[1159,1161],"product_tag":[],"class_list":{"0":"post-46298","1":"product","2":"type-product","3":"status-publish","4":"has-post-thumbnail","6":"product_cat-juguetes-bienestar-vibradores","7":"product_cat-juguetes-bienestar-vibradoresvibradores-control-remoto","8":"pa_color-negro","9":"pa_color-verde","10":"yith_product_brand-lelo","12":"first","13":"instock","14":"taxable","15":"shipping-taxable","16":"purchasable","17":"product-type-variable","18":"has-default-attributes"},"_links":{"self":[{"href":"https:\/\/www.bananatreeshop.com\/pt\/wp-json\/wp\/v2\/product\/46298","targetHints":{"allow":["GET"]}}],"collection":[{"href":"https:\/\/www.bananatreeshop.com\/pt\/wp-json\/wp\/v2\/product"}],"about":[{"href":"https:\/\/www.bananatreeshop.com\/pt\/wp-json\/wp\/v2\/types\/product"}],"replies":[{"embeddable":true,"href":"https:\/\/www.bananatreeshop.com\/pt\/wp-json\/wp\/v2\/comments?post=46298"}],"wp:featuredmedia":[{"embeddable":true,"href":"https:\/\/www.bananatreeshop.com\/pt\/wp-json\/wp\/v2\/media\/61764"}],"wp:attachment":[{"href":"https:\/\/www.bananatreeshop.com\/pt\/wp-json\/wp\/v2\/media?parent=46298"}],"wp:term":[{"taxonomy":"product_brand","embeddable":true,"href":"https:\/\/www.bananatreeshop.com\/pt\/wp-json\/wp\/v2\/product_brand?post=46298"},{"taxonomy":"product_cat","embeddable":true,"href":"https:\/\/www.bananatreeshop.com\/pt\/wp-json\/wp\/v2\/product_cat?post=46298"},{"taxonomy":"product_tag","embeddable":true,"href":"https:\/\/www.bananatreeshop.com\/pt\/wp-json\/wp\/v2\/product_tag?post=46298"}],"curies":[{"name":"wp","href":"https:\/\/api.w.org\/{rel}","templated":true}]}}