{"id":46678,"date":"2025-07-17T20:01:29","date_gmt":"2025-07-17T20:01:29","guid":{"rendered":"https:\/\/www.bananatreeshop.com\/?post_type=product&#038;p=46678"},"modified":"2026-04-04T06:02:16","modified_gmt":"2026-04-04T06:02:16","slug":"satisfyer-glowing-ghost-air-pulse-vibrator-yellow","status":"publish","type":"product","link":"https:\/\/www.bananatreeshop.com\/pt\/produto\/satisfyer-glowing-ghost-air-pulse-vibrator-yellow\/","title":{"rendered":"SATISFYER &#8211; GLOWING GHOST AIR PULSE  VIBRADOR AMARILLO"},"content":{"rendered":"<p>Un peque\u00f1o juguete de amor para cl\u00edmax aterradores y buenos: el Satisfyer <strong>Glowing Ghost<\/strong> es la \u00faltima incorporaci\u00f3n a la l\u00ednea de vibradores Air Pulse de Satisfyer, que te pondr\u00e1 la piel de gallina de placer con la querida tecnolog\u00eda Air Pulse de Satisfyer y sus intensas vibraciones.<\/p>\n<p>Prep\u00e1rate para un intenso susto de placer: El Satisfyer <strong>Glowing Ghost<\/strong> est\u00e1 aqu\u00ed para traerte orgasmos aterradores. Este simp\u00e1tico dispositivo de placer es el juguete er\u00f3tico perfecto para personas con poca o ninguna experiencia, ya que tiene un dise\u00f1o muy mono y un tama\u00f1o manejable.<\/p>\n<p>El Satisfyer <strong>Glowing Ghost<\/strong> presenta la innovadora tecnolog\u00eda de pulso de aire de Satisfyer que estimula el cl\u00edtoris completamente sin contacto. Solo tienes que colocar su abertura alrededor del cl\u00edtoris y disfrutar de uno de los 11 programas de ondas de presi\u00f3n. Si deseas a\u00fan m\u00e1s estimulaci\u00f3n, puedes combinar la tecnolog\u00eda Air Pulse con la funci\u00f3n de vibraci\u00f3n, o usar ambas funciones de forma independiente, \u00a1como quieras!<\/p>\n<p>Y todo esto no es lo \u00fanico que hace este precioso vibrador algo especial: Con una superficie fluorescente bajo la capa exterior transparente de silicona, el Satisfyer <strong>Glowing Ghost<\/strong> hace honor a su nombre y brilla en la oscuridad, proporcion\u00e1ndote ese bonito resplandor despu\u00e9s de una sesi\u00f3n de autocuidado. Con un acabado resistente al agua IPX7, el Satisfyer <strong>Glowing Ghost<\/strong> es seguro para una inmersi\u00f3n profunda en la ba\u00f1era o bajo la ducha y se puede limpiar f\u00e1cilmente con agua y un poco de jab\u00f3n o con limpiador de dispositivos. \u00a1Un fantasma sexy que te har\u00e1 derretirte de placer!<\/p>\n<p>\u00a0<\/p>\n<p><u><strong>CARACTERISTICAS<\/strong><\/u>:<\/p>\n<ul>\n<li>Brilla en la oscuridad<\/li>\n<li>Silicona respetuosa con el cuerpo<\/li>\n<li>Resistente al agua IPX7<\/li>\n<li>11 intensidades de ondas de presi\u00f3n + 12 configuraciones de vibraci\u00f3n<\/li>\n<li>2 motores controlados independientemente<\/li>\n<li>Estimulaci\u00f3n del cl\u00edtoris mediante ondas de presi\u00f3n y vibraci\u00f3n.<\/li>\n<\/ul>","protected":false},"excerpt":{"rendered":"<p>SATISFYER &#8211; GLOWING GHOST AIR PULSE  VIBRATOR YELLOW<\/p>","protected":false},"featured_media":86390,"comment_status":"open","ping_status":"closed","template":"","meta":{"_eb_attr":""},"product_brand":[],"product_cat":[1250,1152,1153,1449],"product_tag":[],"class_list":{"0":"post-46678","1":"product","2":"type-product","3":"status-publish","4":"has-post-thumbnail","6":"product_cat-juguetes-bienestar-juguetes-para-mujeresestimuladores","7":"product_cat-juguetes-bienestar","8":"product_cat-juguetes-bienestar-juguetes-para-mujeres","9":"product_cat-juguetes-bienestar-juguetes-para-mujeresestimuladoressuccionadores-con-vibracion","10":"pa_color-amarillo","11":"pa_color-blanco","12":"yith_product_brand-satisfyer","13":"yith_product_brand-satisfyer-satisfyer-air-pulse","15":"first","16":"instock","17":"taxable","18":"shipping-taxable","19":"purchasable","20":"product-type-variable","21":"has-default-attributes"},"_links":{"self":[{"href":"https:\/\/www.bananatreeshop.com\/pt\/wp-json\/wp\/v2\/product\/46678","targetHints":{"allow":["GET"]}}],"collection":[{"href":"https:\/\/www.bananatreeshop.com\/pt\/wp-json\/wp\/v2\/product"}],"about":[{"href":"https:\/\/www.bananatreeshop.com\/pt\/wp-json\/wp\/v2\/types\/product"}],"replies":[{"embeddable":true,"href":"https:\/\/www.bananatreeshop.com\/pt\/wp-json\/wp\/v2\/comments?post=46678"}],"wp:featuredmedia":[{"embeddable":true,"href":"https:\/\/www.bananatreeshop.com\/pt\/wp-json\/wp\/v2\/media\/86390"}],"wp:attachment":[{"href":"https:\/\/www.bananatreeshop.com\/pt\/wp-json\/wp\/v2\/media?parent=46678"}],"wp:term":[{"taxonomy":"product_brand","embeddable":true,"href":"https:\/\/www.bananatreeshop.com\/pt\/wp-json\/wp\/v2\/product_brand?post=46678"},{"taxonomy":"product_cat","embeddable":true,"href":"https:\/\/www.bananatreeshop.com\/pt\/wp-json\/wp\/v2\/product_cat?post=46678"},{"taxonomy":"product_tag","embeddable":true,"href":"https:\/\/www.bananatreeshop.com\/pt\/wp-json\/wp\/v2\/product_tag?post=46678"}],"curies":[{"name":"wp","href":"https:\/\/api.w.org\/{rel}","templated":true}]}}