{"id":46867,"date":"2025-10-01T19:06:20","date_gmt":"2025-10-01T19:06:20","guid":{"rendered":"https:\/\/www.bananatreeshop.com\/?post_type=product&#038;p=46867"},"modified":"2026-04-04T06:02:20","modified_gmt":"2026-04-04T06:02:20","slug":"pretty-love-mini-fun-toys-by-magic-bee-vibrator-sucker","status":"publish","type":"product","link":"https:\/\/www.bananatreeshop.com\/pt\/produto\/pretty-love-mini-fun-toys-by-magic-bee-vibrator-sucker\/","title":{"rendered":"PRETTY LOVE &#8211; MINI FUN TOYS BY MAGIC BEE VIBRADOR  TAPPING"},"content":{"rendered":"<p>\u00a1Este vibrador de dedo es el complemento perfecto para el dormitorio para juegos previos en solitario o en pareja y diversi\u00f3n sexy!<\/p>\n<p>\u00a1Experimente una estimulaci\u00f3n poderosa con este vibrador de silicona recargable!<\/p>\n<p>\u00a1Viene con 12 modos de tapping celestiales que te ofrecen toda la estimulaci\u00f3n que puedas desear para encontrar tu m\u00e1xima felicidad!<\/p>\n<p>\u00a0<\/p>\n<p><strong><u>CARACTER\u00cdSTICAS:\u00a0<\/u><\/strong><\/p>\n<ul>\n<li><strong>Funci\u00f3n:<\/strong> 10 funciones de succi\u00f3n<\/li>\n<li><strong>Fuerza:<\/strong> USB recargable<\/li>\n<li><strong>Material<\/strong>: ABS\u00a0de silicona<\/li>\n<li><strong>Impermeable<\/strong>: S\u00ed<\/li>\n<li><strong>Color:<\/strong> Amarillo<\/li>\n<li><strong>Tama\u00f1o de embalaje (mm):<\/strong> 150*100*50<\/li>\n<\/ul>\n<p>Pretty Love fabrica productos de alta calidad. Tienen 1 a\u00f1o de garant\u00eda en defectos t\u00e9cnicos.<\/p>","protected":false},"excerpt":{"rendered":"<p>PRETTY LOVE &#8211; MINI FUN TOYS BY MAGIC BEE VIBRATOR  TAPPING<\/p>","protected":false},"featured_media":93976,"comment_status":"open","ping_status":"closed","template":"","meta":{"_eb_attr":""},"product_brand":[],"product_cat":[1250,1152,1153,1449],"product_tag":[],"class_list":{"0":"post-46867","1":"product","2":"type-product","3":"status-publish","4":"has-post-thumbnail","6":"product_cat-juguetes-bienestar-juguetes-para-mujeresestimuladores","7":"product_cat-juguetes-bienestar","8":"product_cat-juguetes-bienestar-juguetes-para-mujeres","9":"product_cat-juguetes-bienestar-juguetes-para-mujeresestimuladoressuccionadores-con-vibracion","10":"yith_product_brand-pretty-love","11":"yith_product_brand-pretty-lovepretty-love-smart","13":"first","14":"instock","15":"taxable","16":"shipping-taxable","17":"purchasable","18":"product-type-simple"},"_links":{"self":[{"href":"https:\/\/www.bananatreeshop.com\/pt\/wp-json\/wp\/v2\/product\/46867","targetHints":{"allow":["GET"]}}],"collection":[{"href":"https:\/\/www.bananatreeshop.com\/pt\/wp-json\/wp\/v2\/product"}],"about":[{"href":"https:\/\/www.bananatreeshop.com\/pt\/wp-json\/wp\/v2\/types\/product"}],"replies":[{"embeddable":true,"href":"https:\/\/www.bananatreeshop.com\/pt\/wp-json\/wp\/v2\/comments?post=46867"}],"wp:featuredmedia":[{"embeddable":true,"href":"https:\/\/www.bananatreeshop.com\/pt\/wp-json\/wp\/v2\/media\/93976"}],"wp:attachment":[{"href":"https:\/\/www.bananatreeshop.com\/pt\/wp-json\/wp\/v2\/media?parent=46867"}],"wp:term":[{"taxonomy":"product_brand","embeddable":true,"href":"https:\/\/www.bananatreeshop.com\/pt\/wp-json\/wp\/v2\/product_brand?post=46867"},{"taxonomy":"product_cat","embeddable":true,"href":"https:\/\/www.bananatreeshop.com\/pt\/wp-json\/wp\/v2\/product_cat?post=46867"},{"taxonomy":"product_tag","embeddable":true,"href":"https:\/\/www.bananatreeshop.com\/pt\/wp-json\/wp\/v2\/product_tag?post=46867"}],"curies":[{"name":"wp","href":"https:\/\/api.w.org\/{rel}","templated":true}]}}