{"id":47160,"date":"2025-07-15T22:01:41","date_gmt":"2025-07-15T22:01:41","guid":{"rendered":"https:\/\/www.bananatreeshop.com\/?post_type=product&#038;p=47160"},"modified":"2026-04-03T12:00:57","modified_gmt":"2026-04-03T12:00:57","slug":"leg-avenue-mini-dress-gloves-set-white","status":"publish","type":"product","link":"https:\/\/www.bananatreeshop.com\/pt\/produto\/leg-avenue-mini-dress-gloves-set-white\/","title":{"rendered":"LEG AVENUE &#8211; SET MINIVESTIDO  GUANTES BLANCO"},"content":{"rendered":"<p>Haz que anhelen m\u00e1s con este atractivo minivestido de encaje y guantes de 2 piezas de Leg Avenue.Con paneles de red recortados y detalles de bragas falsas, este conjunto de lencer\u00eda eleva tu juego de seducci\u00f3n a nuevas alturas.\u00a0Confeccionado con un tejido de lencer\u00eda transparente, el\u00e1stico y transpirable, garantiza comodidad y enciende la pasi\u00f3n.\u00a0Bragas tipo tanga no incluidas.<\/p>\n<p>Si\u00e9ntete absolutamente sexy con este minivestido de red con espalda cruzada.\u00a0Este minivestido de dos piezas tiene detalle de bragas falsas y guantes a juego.\u00a0Usa este vestido en una noche coqueta y llamar\u00e1s toda la atenci\u00f3n.<\/p>\n<p>\u00a0<\/p>\n<p><u><strong>CARACTERISTICAS:<\/strong><\/u><\/p>\n<ul>\n<li>Talla unica<\/li>\n<li>Composicion: 92% nylon, 8% elastano<\/li>\n<li>Color: Blanco<\/li>\n<li>El paquete incluye: 2 piezas &#8211; Minivestido y guantes a juego<\/li>\n<li>Minivestido con espalda nadadora, detalle de braguita sint\u00e9tica y guantes a juego<\/li>\n<li>Lavar a 30 grados, no usar lej\u00eda, secar al aire, no planchar.<\/li>\n<\/ul>\n<p><strong>Leg Avenue<\/strong>\u00a0tiene los productos que estabas buscando comprometi\u00e9ndose a ofrecer a los clientes productos innovadores, precios competitivos y una gran satisfacci\u00f3n, reci\u00e9n llegados desde el distrito m\u00e1s fashion de Los \u00c1ngeles. Nadie lo hace m\u00e1s sexy!!<\/p>","protected":false},"excerpt":{"rendered":"<p>LEG AVENUE &#8211; MINI DRESS  GLOVES SET WHITE<\/p>","protected":false},"featured_media":81461,"comment_status":"open","ping_status":"closed","template":"","meta":{"_eb_attr":""},"product_brand":[],"product_cat":[1225,1386,1191,1411],"product_tag":[],"class_list":{"0":"post-47160","1":"product","2":"type-product","3":"status-publish","4":"has-post-thumbnail","6":"product_cat-moda-lencerialenceria-mujer","7":"product_cat-moda-lencerialenceria-mujerlenceria-picante","8":"product_cat-moda-lenceria","9":"product_cat-moda-lencerialenceria-mujerlenceria-picantevestidos-sexys","10":"yith_product_brand-leg-avenue","11":"yith_product_brand-leg-avenueleg-avenue-sets","13":"first","14":"instock","15":"taxable","16":"shipping-taxable","17":"purchasable","18":"product-type-simple"},"_links":{"self":[{"href":"https:\/\/www.bananatreeshop.com\/pt\/wp-json\/wp\/v2\/product\/47160","targetHints":{"allow":["GET"]}}],"collection":[{"href":"https:\/\/www.bananatreeshop.com\/pt\/wp-json\/wp\/v2\/product"}],"about":[{"href":"https:\/\/www.bananatreeshop.com\/pt\/wp-json\/wp\/v2\/types\/product"}],"replies":[{"embeddable":true,"href":"https:\/\/www.bananatreeshop.com\/pt\/wp-json\/wp\/v2\/comments?post=47160"}],"wp:featuredmedia":[{"embeddable":true,"href":"https:\/\/www.bananatreeshop.com\/pt\/wp-json\/wp\/v2\/media\/81461"}],"wp:attachment":[{"href":"https:\/\/www.bananatreeshop.com\/pt\/wp-json\/wp\/v2\/media?parent=47160"}],"wp:term":[{"taxonomy":"product_brand","embeddable":true,"href":"https:\/\/www.bananatreeshop.com\/pt\/wp-json\/wp\/v2\/product_brand?post=47160"},{"taxonomy":"product_cat","embeddable":true,"href":"https:\/\/www.bananatreeshop.com\/pt\/wp-json\/wp\/v2\/product_cat?post=47160"},{"taxonomy":"product_tag","embeddable":true,"href":"https:\/\/www.bananatreeshop.com\/pt\/wp-json\/wp\/v2\/product_tag?post=47160"}],"curies":[{"name":"wp","href":"https:\/\/api.w.org\/{rel}","templated":true}]}}