{"id":47174,"date":"2025-07-16T23:00:33","date_gmt":"2025-07-16T23:00:33","guid":{"rendered":"https:\/\/www.bananatreeshop.com\/?post_type=product&#038;p=47174"},"modified":"2026-04-15T20:33:12","modified_gmt":"2026-04-15T20:33:12","slug":"leg-avenue-short-top-tights-set","status":"publish","type":"product","link":"https:\/\/www.bananatreeshop.com\/pt\/produto\/leg-avenue-short-top-tights-set\/","title":{"rendered":"LEG AVENUE &#8211; SET TOP CORTO  MEDIAS TOBILLO"},"content":{"rendered":"<p>Si\u00e9ntete sexy de pies a cabeza con este exclusivo conjunto de lencer\u00eda.\u00a0Incluye un crop top con tejido de rejilla de encaje, escote amplio y manga larga.\u00a0El conjunto de lencer\u00eda viene con medias a juego hasta el tobillo.\u00a0Use este conjunto durante una cita nocturna emocionante o robe el espect\u00e1culo en un festival.\u00a0Bragas no incluidas.<\/p>\n<p>El top corto de encaje Chantilly sin costuras y las medias sin pies son una combinaci\u00f3n sensual y sofisticada que ofrece un estilo elegante y sin esfuerzo.<\/p>\n<p>El encaje Chantilly es conocido por su delicadeza y belleza, agregando un toque de feminidad y romanticismo al top corto. Al ser sin costuras, proporciona un ajuste suave y c\u00f3modo, sin marcas ni irritaciones en la piel, lo que lo hace perfecto para usar durante largos periodos de tiempo.<\/p>\n<p>Por otro lado, las medias sin pies ofrecen una cobertura seductora y suave, sin restricciones en el calzado que desees usar. Esto hace que sean vers\u00e1tiles y adecuadas para diferentes estilos y ocasiones.<\/p>\n<p>Esta combinaci\u00f3n es ideal para una noche especial, una ocasi\u00f3n rom\u00e1ntica o simplemente para sentirte elegante y sexy en tu d\u00eda a d\u00eda. Combinado con una falda ajustada o un par de pantalones de cintura alta, este conjunto te har\u00e1 lucir y sentirte incre\u00edblemente glamurosa.<\/p>\n<p>\u00a0<\/p>\n<p><u><strong>CARACTERISTICAS:<\/strong><\/u><\/p>\n<ul>\n<li>Talla unica<\/li>\n<li>Composicion: 92% Nailon 8% Elastano<\/li>\n<li>El paquete incluye: 2 piezas &#8211; Top y pantalon<\/li>\n<li>Dise\u00f1o de lencer\u00eda transparente que abraza el cuerpo<\/li>\n<li>Encaje floral, tela de rejilla.<\/li>\n<li>Top corto de manga larga<\/li>\n<li>Lavar a mano con agua fr\u00eda, usar lej\u00eda sin cloro cuando sea necesario, secar en plano, no planchar.<\/li>\n<\/ul>\n<p><strong>Leg Avenue<\/strong>\u00a0tiene los productos que estabas buscando comprometi\u00e9ndose a ofrecer a los clientes productos innovadores, precios competitivos y una gran satisfacci\u00f3n, reci\u00e9n llegados desde el distrito m\u00e1s fashion de Los \u00c1ngeles. Nadie lo hace m\u00e1s sexy!!<\/p>","protected":false},"excerpt":{"rendered":"<p>LEG AVENUE &#8211; SHORT TOP  TIGHTS SET<\/p>","protected":false},"featured_media":84367,"comment_status":"open","ping_status":"closed","template":"","meta":{"_eb_attr":""},"product_brand":[],"product_cat":[1225,1226,1191,1419],"product_tag":[],"class_list":{"0":"post-47174","1":"product","2":"type-product","3":"status-publish","4":"has-post-thumbnail","6":"product_cat-moda-lencerialenceria-mujer","7":"product_cat-moda-lencerialenceria-mujerlenceria-sexy","8":"product_cat-moda-lenceria","9":"product_cat-moda-lencerialenceria-mujerlenceria-sexytop-y-parte-inferior","10":"yith_product_brand-leg-avenue","11":"yith_product_brand-leg-avenueleg-avenue-sets","13":"first","14":"instock","15":"taxable","16":"shipping-taxable","17":"purchasable","18":"product-type-simple"},"_links":{"self":[{"href":"https:\/\/www.bananatreeshop.com\/pt\/wp-json\/wp\/v2\/product\/47174","targetHints":{"allow":["GET"]}}],"collection":[{"href":"https:\/\/www.bananatreeshop.com\/pt\/wp-json\/wp\/v2\/product"}],"about":[{"href":"https:\/\/www.bananatreeshop.com\/pt\/wp-json\/wp\/v2\/types\/product"}],"replies":[{"embeddable":true,"href":"https:\/\/www.bananatreeshop.com\/pt\/wp-json\/wp\/v2\/comments?post=47174"}],"wp:featuredmedia":[{"embeddable":true,"href":"https:\/\/www.bananatreeshop.com\/pt\/wp-json\/wp\/v2\/media\/84367"}],"wp:attachment":[{"href":"https:\/\/www.bananatreeshop.com\/pt\/wp-json\/wp\/v2\/media?parent=47174"}],"wp:term":[{"taxonomy":"product_brand","embeddable":true,"href":"https:\/\/www.bananatreeshop.com\/pt\/wp-json\/wp\/v2\/product_brand?post=47174"},{"taxonomy":"product_cat","embeddable":true,"href":"https:\/\/www.bananatreeshop.com\/pt\/wp-json\/wp\/v2\/product_cat?post=47174"},{"taxonomy":"product_tag","embeddable":true,"href":"https:\/\/www.bananatreeshop.com\/pt\/wp-json\/wp\/v2\/product_tag?post=47174"}],"curies":[{"name":"wp","href":"https:\/\/api.w.org\/{rel}","templated":true}]}}