{"id":47458,"date":"2025-07-16T23:00:53","date_gmt":"2025-07-16T23:00:53","guid":{"rendered":"https:\/\/www.bananatreeshop.com\/?post_type=product&#038;p=47458"},"modified":"2026-04-15T20:45:54","modified_gmt":"2026-04-15T20:45:54","slug":"chilirose-cr-4436-top-leggins-black-s-l","status":"publish","type":"product","link":"https:\/\/www.bananatreeshop.com\/pt\/produto\/chilirose-cr-4436-top-leggins-black-s-l\/","title":{"rendered":"CHILIROSE &#8211; CR 4436 TOP  LEGGINS NEGRO S\/L"},"content":{"rendered":"<p><strong>CR 4436 <\/strong>sum\u00e9rgete en un mundo de elegancia y sensualidad con este encantador conjunto de top y leggins, dise\u00f1ado para realzar tu feminidad y despertar la pasi\u00f3n. Confeccionado en un suave material, este conjunto es una declaraci\u00f3n audaz de estilo y seducci\u00f3n que te har\u00e1 sentirte segura y poderosa en cualquier ocasi\u00f3n.<\/p>\n<p>Este conjunto de top y leggins es una elecci\u00f3n perfecta para una amplia variedad de ocasiones, desde noches especiales en pareja hasta eventos privados y fiestas tem\u00e1ticas. Con su encanto irresistible y su estilo atemporal, este conjunto te har\u00e1 destacar y robar\u00e1 miradas dondequiera que vayas. Prep\u00e1rate para deslumbrar y cautivar con este encantador conjunto que te har\u00e1 sentirte segura, sensual y simplemente irresistible.<\/p>\n<p><u><strong>CARACTERISTICAS: <\/strong><\/u><\/p>\n<ul>\n<li>Conjunto de top + leggins<\/li>\n<li>Confeccionado en material el\u00e1stico sin costuras<\/li>\n<li>85% Nylon, 15% Elastano<\/li>\n<li>Disponible en S\/L<\/li>\n<\/ul>\n<p>\u00a0<\/p>\n<p>La marca <strong>CHILIROSE <\/strong>fue creada en 2008 y nuestra misi\u00f3n es ofrecer lencer\u00eda sensual y excitante a nuestros clientes a un precio competitivo. Ahora, en 2022, despu\u00e9s de 14 a\u00f1os, somos una de las principales empresas de lencer\u00eda ex\u00f3tica y tenemos una gran colecci\u00f3n de ropa de dormir, vestidos, batas, cors\u00e9s, vestidos, ropa de discoteca y m\u00e1s. Nuestro estricto control de calidad garantiza a nuestros clientes la plena satisfacci\u00f3n y hace que vender sea un placer. Cuidamos especialmente la selecci\u00f3n de nuestros materiales y la mano de obra. Ofrecemos muchos estilos nuevos y fant\u00e1sticos con regularidad y esperamos sorprenderlo positivamente cada vez.<\/p>\n<p>\u00a0<\/p>\n<table border=\"1\" cellpadding=\"0\" cellspacing=\"0\" width=\"832\">\n<tbody>\n<tr height=\"23\" style=\"border: 1px solid black;\">\n<td class=\"xl72\" colspan=\"8\" height=\"23\" style=\"text-align: center; border: 1px solid black;\" width=\"832\"><b>GU\u00cdA DE TALLAS<\/b><\/td>\n<\/tr>\n<tr height=\"23\" style=\"border: 1px solid black;\">\n<td class=\"xl73\" colspan=\"2\" height=\"23\" style=\"text-align: center; border: 1px solid black;\"><strong>TALLA<\/strong><\/td>\n<td class=\"xl71\" style=\"text-align: center; border: 1px solid black;\" width=\"104\"><strong>S<\/strong><\/td>\n<td class=\"xl71\" style=\"text-align: center; border: 1px solid black;\" width=\"104\"><strong>M<\/strong><\/td>\n<td class=\"xl71\" style=\"text-align: center; border: 1px solid black;\" width=\"104\"><strong>L<\/strong><\/td>\n<td class=\"xl71\" style=\"text-align: center; border: 1px solid black;\" width=\"104\"><strong>XL<\/strong><\/td>\n<td class=\"xl71\" style=\"text-align: center; border: 1px solid black;\" width=\"104\"><strong>XXL<\/strong><\/td>\n<td class=\"xl71\" style=\"text-align: center; border: 1px solid black;\" width=\"104\"><strong>S\/M\u00a0 \u00a0 L\/XL<\/strong><\/td>\n<\/tr>\n<tr>\n<td class=\"xl74\" colspan=\"2\" height=\"23\" style=\"text-align: center; border: 1px solid black;\" width=\"208\"><strong>Pecho (cm)<\/strong><\/td>\n<td class=\"xl72\" style=\"text-align: center; border: 1px solid black;\" width=\"104\">85-89<\/td>\n<td class=\"xl72\" style=\"text-align: center; border: 1px solid black;\" width=\"104\">90-94<\/td>\n<td class=\"xl71\" style=\"text-align: center; border: 1px solid black;\" width=\"104\">95-99<\/td>\n<td class=\"xl71\" style=\"text-align: center; border: 1px solid black;\" width=\"104\">100-104<\/td>\n<td class=\"xl71\" style=\"text-align: center; border: 1px solid black;\" width=\"104\">105-109<\/td>\n<td class=\"xl71\" style=\"text-align: center; border: 1px solid black;\" width=\"104\">85-94  95-104<\/td>\n<\/tr>\n<tr>\n<td class=\"xl74\" colspan=\"2\" height=\"23\" style=\"text-align: center; border: 1px solid black;\" width=\"208\"><strong>Bajo pecho (cm)<\/strong><\/td>\n<td class=\"xl72\" style=\"text-align: center; border: 1px solid black;\" width=\"104\"><span -webkit-text-stroke-width:=\"\" background-color:=\"\" display:=\"\" float:=\"\" font-size:=\"\" font-style:=\"\" font-variant-caps:=\"\" font-variant-ligatures:=\"\" font-weight:=\"\" inline=\"\" letter-spacing:=\"\" orphans:=\"\" style=\"color: rgb(51, 51, 51); font-family: sans-serif, Arial, Verdana, \" text-align:=\"\" text-decoration-color:=\"\" text-decoration-style:=\"\" text-decoration-thickness:=\"\" text-indent:=\"\" text-transform:=\"\" trebuchet=\"\" white-space:=\"\" widows:=\"\" word-spacing:=\"\">69-72<\/span><\/td>\n<td class=\"xl72\" style=\"text-align: center; border: 1px solid black;\" width=\"104\"><span -webkit-text-stroke-width:=\"\" background-color:=\"\" display:=\"\" float:=\"\" font-size:=\"\" font-style:=\"\" font-variant-caps:=\"\" font-variant-ligatures:=\"\" font-weight:=\"\" inline=\"\" letter-spacing:=\"\" orphans:=\"\" style=\"color: rgb(51, 51, 51); font-family: sans-serif, Arial, Verdana, \" text-align:=\"\" text-decoration-color:=\"\" text-decoration-style:=\"\" text-decoration-thickness:=\"\" text-indent:=\"\" text-transform:=\"\" trebuchet=\"\" white-space:=\"\" widows:=\"\" word-spacing:=\"\">73-77<\/span><\/td>\n<td class=\"xl71\" style=\"text-align: center; border: 1px solid black;\" width=\"104\"><span -webkit-text-stroke-width:=\"\" background-color:=\"\" display:=\"\" float:=\"\" font-size:=\"\" font-style:=\"\" font-variant-caps:=\"\" font-variant-ligatures:=\"\" font-weight:=\"\" inline=\"\" letter-spacing:=\"\" orphans:=\"\" style=\"color: rgb(51, 51, 51); font-family: sans-serif, Arial, Verdana, \" text-align:=\"\" text-decoration-color:=\"\" text-decoration-style:=\"\" text-decoration-thickness:=\"\" text-indent:=\"\" text-transform:=\"\" trebuchet=\"\" white-space:=\"\" widows:=\"\" word-spacing:=\"\">78-81<\/span><\/td>\n<td class=\"xl71\" style=\"text-align: center; border: 1px solid black;\" width=\"104\"><span -webkit-text-stroke-width:=\"\" background-color:=\"\" display:=\"\" float:=\"\" font-size:=\"\" font-style:=\"\" font-variant-caps:=\"\" font-variant-ligatures:=\"\" font-weight:=\"\" inline=\"\" letter-spacing:=\"\" orphans:=\"\" style=\"color: rgb(51, 51, 51); font-family: sans-serif, Arial, Verdana, \" text-align:=\"\" text-decoration-color:=\"\" text-decoration-style:=\"\" text-decoration-thickness:=\"\" text-indent:=\"\" text-transform:=\"\" trebuchet=\"\" white-space:=\"\" widows:=\"\" word-spacing:=\"\">82-86<\/span><\/td>\n<td class=\"xl71\" style=\"text-align: center; border: 1px solid black;\" width=\"104\"><span -webkit-text-stroke-width:=\"\" background-color:=\"\" display:=\"\" float:=\"\" font-size:=\"\" font-style:=\"\" font-variant-caps:=\"\" font-variant-ligatures:=\"\" font-weight:=\"\" inline=\"\" letter-spacing:=\"\" orphans:=\"\" style=\"color: rgb(51, 51, 51); font-family: sans-serif, Arial, Verdana, \" text-align:=\"\" text-decoration-color:=\"\" text-decoration-style:=\"\" text-decoration-thickness:=\"\" text-indent:=\"\" text-transform:=\"\" trebuchet=\"\" white-space:=\"\" widows:=\"\" word-spacing:=\"\">87-90<\/span><\/td>\n<td class=\"xl71\" style=\"text-align: center; border: 1px solid black;\" width=\"104\"><span -webkit-text-stroke-width:=\"\" background-color:=\"\" display:=\"\" float:=\"\" font-size:=\"\" font-style:=\"\" font-variant-caps:=\"\" font-variant-ligatures:=\"\" font-weight:=\"\" inline=\"\" letter-spacing:=\"\" orphans:=\"\" style=\"color: rgb(51, 51, 51); font-family: sans-serif, Arial, Verdana, \" text-align:=\"\" text-decoration-color:=\"\" text-decoration-style:=\"\" text-decoration-thickness:=\"\" text-indent:=\"\" text-transform:=\"\" trebuchet=\"\" white-space:=\"\" widows:=\"\" word-spacing:=\"\">69-77\u00a0 \u00a0 78-86<\/span><\/td>\n<\/tr>\n<tr height=\"23\" style=\"border: 1px solid black;\">\n<td class=\"xl74\" colspan=\"2\" height=\"23\" style=\"text-align: center; border: 1px solid black;\" width=\"208\"><strong>Cintura (cm)<\/strong><\/td>\n<td class=\"xl72\" style=\"text-align: center; border: 1px solid black;\" width=\"104\">68-72<\/td>\n<td class=\"xl72\" style=\"text-align: center; border: 1px solid black;\" width=\"104\">73-77<\/td>\n<td class=\"xl71\" style=\"text-align: center; border: 1px solid black;\" width=\"104\">78-82<\/td>\n<td class=\"xl71\" style=\"text-align: center; border: 1px solid black;\" width=\"104\">83-87<\/td>\n<td class=\"xl71\" style=\"text-align: center; border: 1px solid black;\" width=\"104\">88-93<\/td>\n<td class=\"xl71\" style=\"text-align: center; border: 1px solid black;\" width=\"104\">68-77\u00a0 \u00a0 78-87<\/td>\n<\/tr>\n<tr height=\"23\" style=\"border: 1px solid black;\">\n<td class=\"xl74\" colspan=\"2\" height=\"23\" style=\"text-align: center; border: 1px solid black;\" width=\"208\"><strong>Caderas (cm)<\/strong><\/td>\n<td class=\"xl72\" style=\"text-align: center; border: 1px solid black;\" width=\"104\">90-94<\/td>\n<td class=\"xl72\" style=\"text-align: center; border: 1px solid black;\" width=\"104\">95-100<\/td>\n<td class=\"xl71\" style=\"text-align: center; border: 1px solid black;\" width=\"104\">101-105<\/td>\n<td class=\"xl71\" style=\"text-align: center; border: 1px solid black;\" width=\"104\">106-111<\/td>\n<td class=\"xl71\" style=\"text-align: center; border: 1px solid black;\" width=\"104\">112-116<\/td>\n<td class=\"xl71\" style=\"text-align: center; border: 1px solid black;\" width=\"104\">90-100  101-111<\/td>\n<\/tr>\n<\/tbody>\n<\/table>\n<p>\u00a0<\/p>","protected":false},"excerpt":{"rendered":"<p>CHILIROSE &#8211; CR 4436 TOP  LEGGINS BLACK S\/L<\/p>","protected":false},"featured_media":84422,"comment_status":"open","ping_status":"closed","template":"","meta":{"_eb_attr":""},"product_brand":[],"product_cat":[1225,1226,1191,1419],"product_tag":[],"class_list":{"0":"post-47458","1":"product","2":"type-product","3":"status-publish","4":"has-post-thumbnail","6":"product_cat-moda-lencerialenceria-mujer","7":"product_cat-moda-lencerialenceria-mujerlenceria-sexy","8":"product_cat-moda-lenceria","9":"product_cat-moda-lencerialenceria-mujerlenceria-sexytop-y-parte-inferior","10":"yith_product_brand-chilirose","11":"yith_product_brand-chilirosechilirose-sets","13":"first","14":"instock","15":"taxable","16":"shipping-taxable","17":"purchasable","18":"product-type-simple"},"_links":{"self":[{"href":"https:\/\/www.bananatreeshop.com\/pt\/wp-json\/wp\/v2\/product\/47458","targetHints":{"allow":["GET"]}}],"collection":[{"href":"https:\/\/www.bananatreeshop.com\/pt\/wp-json\/wp\/v2\/product"}],"about":[{"href":"https:\/\/www.bananatreeshop.com\/pt\/wp-json\/wp\/v2\/types\/product"}],"replies":[{"embeddable":true,"href":"https:\/\/www.bananatreeshop.com\/pt\/wp-json\/wp\/v2\/comments?post=47458"}],"wp:featuredmedia":[{"embeddable":true,"href":"https:\/\/www.bananatreeshop.com\/pt\/wp-json\/wp\/v2\/media\/84422"}],"wp:attachment":[{"href":"https:\/\/www.bananatreeshop.com\/pt\/wp-json\/wp\/v2\/media?parent=47458"}],"wp:term":[{"taxonomy":"product_brand","embeddable":true,"href":"https:\/\/www.bananatreeshop.com\/pt\/wp-json\/wp\/v2\/product_brand?post=47458"},{"taxonomy":"product_cat","embeddable":true,"href":"https:\/\/www.bananatreeshop.com\/pt\/wp-json\/wp\/v2\/product_cat?post=47458"},{"taxonomy":"product_tag","embeddable":true,"href":"https:\/\/www.bananatreeshop.com\/pt\/wp-json\/wp\/v2\/product_tag?post=47458"}],"curies":[{"name":"wp","href":"https:\/\/api.w.org\/{rel}","templated":true}]}}