{"id":47800,"date":"2025-07-10T19:01:49","date_gmt":"2025-07-10T19:01:49","guid":{"rendered":"https:\/\/www.bananatreeshop.com\/?post_type=product&#038;p=47800"},"modified":"2026-04-17T14:03:26","modified_gmt":"2026-04-17T14:03:26","slug":"pretty-love-august-remote-global-double-pleasure-vibrator","status":"publish","type":"product","link":"https:\/\/www.bananatreeshop.com\/pt\/produto\/pretty-love-august-remote-global-double-pleasure-vibrator\/","title":{"rendered":"PRETTY LOVE &#8211; AUGUST VIBRADOR DOBLE PLACER APP REMOTE"},"content":{"rendered":"<p><font style=\"vertical-align:\"><font style=\"vertical-align:\">Este fabuloso vibrador de silicona con 12 funciones es el juguete sexual ideal para aumentar la pasi\u00f3n por ti y tu pareja. <\/font><\/font><\/p>\n<p><font style=\"vertical-align:\"><font style=\"vertical-align:\">El magn\u00edfico material de silicona tiene un acabado aterciopelado para una sensaci\u00f3n incre\u00edble en la piel y un vibrador de 12 funciones que brinda sensaciones incre\u00edbles en lo m\u00e1s profundo de tus terminaciones nerviosas.<\/font><\/font><\/p>\n<p><font style=\"vertical-align:\"><font style=\"vertical-align:\">Este juguete est\u00e1 dise\u00f1ado para ajustarse a su cuerpo, masajeando el cl\u00edtoris y los puntos dulces internos, dejando espacio para que \u00e9l penetre y reciba tambi\u00e9n los efectos de vibraci\u00f3n y masaje del juguete. Este es un juguete recargable por USB, por lo que nunca tendr\u00e1s que quedarte sin energ\u00eda, puede controlarse mediante un tel\u00e9fono m\u00f3vil y es resistente al agua para que puedas llevarlo a una variedad de sitios divertidos.<\/font><\/font><\/p>\n<p>\u00a0<\/p>\n<p><u><strong>CARACTERISTICAS:<\/strong><\/u><\/p>\n<ul>\n<li>Funci\u00f3n: 12\u00a0funciones de vibraci\u00f3n\u00a0<\/li>\n<li>Carga: USB recargable<\/li>\n<li>Material: ABS de silicona<\/li>\n<li>Color: Lila<\/li>\n<li>Resistente al agua<\/li>\n<li>App larga distancia<\/li>\n<\/ul>","protected":false},"excerpt":{"rendered":"<p>PRETTY LOVE &#8211; AUGUST REMOTE GLOBAL DOUBLE PLEASURE  APP VIBRATOR<\/p>","protected":false},"featured_media":64817,"comment_status":"open","ping_status":"closed","template":"","meta":{"_eb_attr":""},"product_brand":[],"product_cat":[1159,1161,1251],"product_tag":[],"class_list":{"0":"post-47800","1":"product","2":"type-product","3":"status-publish","4":"has-post-thumbnail","6":"product_cat-juguetes-bienestar-vibradores","7":"product_cat-juguetes-bienestar-vibradoresvibradores-control-remoto","8":"product_cat-juguetes-bienestar-vibradoresvibradores-hi-tech","9":"yith_product_brand-pretty-love","10":"yith_product_brand-pretty-lovepretty-love-c-type","12":"first","13":"instock","14":"taxable","15":"shipping-taxable","16":"purchasable","17":"product-type-simple"},"_links":{"self":[{"href":"https:\/\/www.bananatreeshop.com\/pt\/wp-json\/wp\/v2\/product\/47800","targetHints":{"allow":["GET"]}}],"collection":[{"href":"https:\/\/www.bananatreeshop.com\/pt\/wp-json\/wp\/v2\/product"}],"about":[{"href":"https:\/\/www.bananatreeshop.com\/pt\/wp-json\/wp\/v2\/types\/product"}],"replies":[{"embeddable":true,"href":"https:\/\/www.bananatreeshop.com\/pt\/wp-json\/wp\/v2\/comments?post=47800"}],"wp:featuredmedia":[{"embeddable":true,"href":"https:\/\/www.bananatreeshop.com\/pt\/wp-json\/wp\/v2\/media\/64817"}],"wp:attachment":[{"href":"https:\/\/www.bananatreeshop.com\/pt\/wp-json\/wp\/v2\/media?parent=47800"}],"wp:term":[{"taxonomy":"product_brand","embeddable":true,"href":"https:\/\/www.bananatreeshop.com\/pt\/wp-json\/wp\/v2\/product_brand?post=47800"},{"taxonomy":"product_cat","embeddable":true,"href":"https:\/\/www.bananatreeshop.com\/pt\/wp-json\/wp\/v2\/product_cat?post=47800"},{"taxonomy":"product_tag","embeddable":true,"href":"https:\/\/www.bananatreeshop.com\/pt\/wp-json\/wp\/v2\/product_tag?post=47800"}],"curies":[{"name":"wp","href":"https:\/\/api.w.org\/{rel}","templated":true}]}}