{"id":47848,"date":"2025-07-09T19:00:44","date_gmt":"2025-07-09T19:00:44","guid":{"rendered":"https:\/\/www.bananatreeshop.com\/?post_type=product&#038;p=47848"},"modified":"2026-04-14T01:03:17","modified_gmt":"2026-04-14T01:03:17","slug":"crazy-bull-realistic-vagina-and-anus-luna-vibrator","status":"publish","type":"product","link":"https:\/\/www.bananatreeshop.com\/pt\/produto\/crazy-bull-realistic-vagina-and-anus-luna-vibrator\/","title":{"rendered":"CRAZY BULL &#8211; VAGINA Y ANO REAL\u00cdSTICOS VIBRADOR LUNA"},"content":{"rendered":"<p>Si anhelas una sensaci\u00f3n realista, este masturbador ser\u00e1 el juguete ideal para ti.<\/p>\n<p>\u00a1Cumple tu doble fantas\u00eda con este masturbador de dos canales que te permite deslizarte por la puerta principal y golpear la puerta trasera tan fuerte como quieras!<\/p>\n<p>La funci\u00f3n de vibrador aumentar\u00e1 tu estimulaci\u00f3n y cuenta con m\u00faltiples velocidades para permitir una variedad de sensaciones.<\/p>\n<p><u><strong>Caracter\u00edsticas:\u00a0<\/strong><\/u><\/p>\n<ul>\n<li>Vagina y ano real\u00edsticos.\u00a0<\/li>\n<li>Vibraci\u00f3n incorporada regulable con mando<\/li>\n<li>Pilas Mando: 2xAA<\/li>\n<li>Canales interiores texturados\u00a0<\/li>\n<li>Medidas: Ver imagen<\/li>\n<li>Se recomienda el uso de lubricante.\u00a0<\/li>\n<li>Limpiar despu\u00e9s de usar.\u00a0<\/li>\n<\/ul>\n<p>Ahora con Crazy Bull&#8230;<strong>\u00a1\u00a1\u00a1crazy placer!!!<\/strong><\/p>","protected":false},"excerpt":{"rendered":"<p>CRAZY BULL &#8211; REALISTIC VAGINA AND ANUS LUNA VIBRATOR<\/p>","protected":false},"featured_media":59951,"comment_status":"open","ping_status":"closed","template":"","meta":{"_eb_attr":""},"product_brand":[],"product_cat":[1152,1217,1241],"product_tag":[],"class_list":{"0":"post-47848","1":"product","2":"type-product","3":"status-publish","4":"has-post-thumbnail","6":"product_cat-juguetes-bienestar","7":"product_cat-juguetes-bienestar-juguetes-para-hombres","8":"product_cat-juguetes-bienestar-juguetes-para-hombresvaginas-con-vibracion","9":"yith_product_brand-crazy-bull","11":"first","12":"instock","13":"taxable","14":"shipping-taxable","15":"purchasable","16":"product-type-simple"},"_links":{"self":[{"href":"https:\/\/www.bananatreeshop.com\/pt\/wp-json\/wp\/v2\/product\/47848","targetHints":{"allow":["GET"]}}],"collection":[{"href":"https:\/\/www.bananatreeshop.com\/pt\/wp-json\/wp\/v2\/product"}],"about":[{"href":"https:\/\/www.bananatreeshop.com\/pt\/wp-json\/wp\/v2\/types\/product"}],"replies":[{"embeddable":true,"href":"https:\/\/www.bananatreeshop.com\/pt\/wp-json\/wp\/v2\/comments?post=47848"}],"wp:featuredmedia":[{"embeddable":true,"href":"https:\/\/www.bananatreeshop.com\/pt\/wp-json\/wp\/v2\/media\/59951"}],"wp:attachment":[{"href":"https:\/\/www.bananatreeshop.com\/pt\/wp-json\/wp\/v2\/media?parent=47848"}],"wp:term":[{"taxonomy":"product_brand","embeddable":true,"href":"https:\/\/www.bananatreeshop.com\/pt\/wp-json\/wp\/v2\/product_brand?post=47848"},{"taxonomy":"product_cat","embeddable":true,"href":"https:\/\/www.bananatreeshop.com\/pt\/wp-json\/wp\/v2\/product_cat?post=47848"},{"taxonomy":"product_tag","embeddable":true,"href":"https:\/\/www.bananatreeshop.com\/pt\/wp-json\/wp\/v2\/product_tag?post=47848"}],"curies":[{"name":"wp","href":"https:\/\/api.w.org\/{rel}","templated":true}]}}