{"id":48242,"date":"2025-07-16T01:01:01","date_gmt":"2025-07-16T01:01:01","guid":{"rendered":"https:\/\/www.bananatreeshop.com\/?post_type=product&#038;p=48242"},"modified":"2026-04-03T14:02:27","modified_gmt":"2026-04-03T14:02:27","slug":"livco-corsetti-fashion-amrin-bodystocking-black-one-size","status":"publish","type":"product","link":"https:\/\/www.bananatreeshop.com\/pt\/produto\/livco-corsetti-fashion-amrin-bodystocking-black-one-size\/","title":{"rendered":"LIVCO CORSETTI FASHION &#8211; AMRIN BODYSTOCKING NEGRO TALLA \u00daNICA"},"content":{"rendered":"<p>Sexy y cautivador Bodystocking Amrin Black en color negro, que como un im\u00e1n atrae la mirada masculina. Seductora, apasionada y picante. El conjunto est\u00e1 hecho de encaje hermoso y delicado, que se adaptar\u00e1 perfectamente a las mujeres de tallas m\u00e1s peque\u00f1as y m\u00e1s grandes. Funcionar\u00e1 bien durante los juegos en la cama para dos. Y durante una cita al aire libre, cuando la ropa interior incorporada puede convertirse en un obst\u00e1culo para los juegos er\u00f3ticos conjuntos.<\/p>\n<p>Es lencer\u00eda para mujeres seguras y valientes que saben lo que quieren y c\u00f3mo lo van a conseguir. Conscientes de sus fortalezas, su feminidad y sexualidad. Atrevida, valiente y llena de atractivo sexual. El bodystocking negro resalta y resalta todos los puntos fuertes del cuerpo femenino, al tiempo que oculta lo que puede permanecer oculto. Desde el que cubre y deja al descubierto el escote, los senos y las nalgas y enfatiza y adelgaza la cintura, envolvi\u00e9ndola sexymente. Hace que las piernas sean \u00f3pticamente m\u00e1s largas y delgadas. Toda la silueta parece tentadora, apetitosa y seductora, y ning\u00fan hombre pasar\u00e1 indiferente junto a una mujer as\u00ed vestida.<\/p>\n<p>\u00a0<\/p>\n<p><u><strong>LIVCO CORSETTI FASHION<\/strong><\/u><\/p>\n<p>Bienvenido al mundo de la perfecta elegancia y sensualidad con\u00a0<strong>Livco Corsetti Fashion,<\/strong>\u00a0una marca de lencer\u00eda que no s\u00f3lo resalta la belleza de la figura femenina, sino que tambi\u00e9n define una nueva dimensi\u00f3n de lujo. Veamos juntos por qu\u00e9 la ropa interior<strong>\u00a0Livco Corsetti Fashion<\/strong>\u00a0es sin\u00f3nimo de exclusividad.<\/p>\n<ul>\n<li><em><strong>Precisi\u00f3n magistral\u00a0<\/strong><\/em>: Cada pieza de la ropa interior\u00a0<strong>Livco Corsetti Fashion<\/strong>\u00a0es el resultado de una precisi\u00f3n magistral. Cada costura, encaje y detalle est\u00e1 cuidadosamente dise\u00f1ado para garantizar un ajuste perfecto y comodidad.<\/li>\n<li><em><strong>Materiales lujosos:\u00a0<\/strong><\/em>la marca es famosa por utilizar materiales lujosos como delicados encajes y sat\u00e9n. No es s\u00f3lo ropa interior, es una sensaci\u00f3n de suavidad y placer en la piel.<\/li>\n<li><em><strong>Formas y patrones innovadores:<\/strong><\/em><strong>\u00a0Livco Corsetti Fashion<\/strong>\u00a0no tiene miedo de experimentar con formas y patrones. Aqu\u00ed encontrar\u00e1 sujetadores, bodis de encaje y conjuntos con cortes innovadores que resaltar\u00e1n la individualidad de cada mujer.<\/li>\n<li><em><strong>Colecciones sensuales para cada ocasi\u00f3n:<\/strong><\/em>\u00a0Ya sea que est\u00e9 buscando lencer\u00eda para una noche rom\u00e1ntica o un conjunto elegante para una ocasi\u00f3n especial,<strong>\u00a0Livco Corsetti Fashion<\/strong>\u00a0tiene colecciones sensuales que se adaptan a diferentes estilos y gustos.<\/li>\n<li><em><strong>Riqueza de colores y matices:<\/strong><\/em>\u00a0deja que tu ropa interior refleje tu personalidad.<strong>\u00a0Livco Corsetti Fashion<\/strong>\u00a0ofrece una gran variedad de colores y matices, permiti\u00e9ndote encontrar el conjunto perfecto para cada situaci\u00f3n.<\/li>\n<\/ul>\n<p>Junto a\u00a0<strong>Livco Corsetti Fashion<\/strong>, ingresa al mundo de la ropa interior femenina exclusiva, donde la belleza se combina con la comodidad y cada detalle hace que cada mujer se sienta \u00fanica. \u00a1Vaya m\u00e1s all\u00e1 de los l\u00edmites de la ropa interior ordinaria y descubra la perfecci\u00f3n en cada detalle!<\/p>\n<p>Al ingresar al mundo de<strong>\u00a0Livco Corsetti Fashion<\/strong>, ingresar\u00e1s al pa\u00eds de la ropa interior femenina \u00fanica y sexy, donde cada detalle evoca emociones y te invita a explorar la sensualidad. Descubre la diversidad de la oferta, que incluye sujetadores, bralettes, medias, cors\u00e9s, bodis, camisones y babydolls, abriendo la puerta a experiencias extraordinarias.<\/p>\n<ul>\n<li><em><strong>Sujetadores:<\/strong><\/em>\u00a0Dise\u00f1ados a la perfecci\u00f3n. Dale a tus curvas la definici\u00f3n adecuada con los sujetadores\u00a0<strong>Livco Corsetti Fashion.\u00a0<\/strong>Aqu\u00ed encontrar\u00e1s una variedad de formas, desde los cl\u00e1sicos push-up hasta modelos m\u00e1s sensuales y experimentales.<\/li>\n<li><em><strong>Bralettes:<\/strong><\/em>\u00a0comodidad y sensualidad en uno. Los bralettes son la quintaesencia de la elegancia informal y ofrecen comodidad y un encanto sutil.<strong>\u00a0Livco Corsetti Fashion<\/strong>\u00a0presenta bralettes que combinan estas dos caracter\u00edsticas a la perfecci\u00f3n.<\/li>\n<li><em><strong>Medias:\u00a0<\/strong><\/em>A\u00f1ade un elemento de extravagancia\u00a0<strong>Livco Corsetti.<\/strong>\u00a0Las medias de moda no son s\u00f3lo un elemento pr\u00e1ctico, sino tambi\u00e9n pura extravagancia. A\u00f1aden un innegable encanto y elegancia a cualquier conjunto de ropa interior.<\/li>\n<li><em><strong>Cors\u00e9s:<\/strong><\/em>\u00a0Moldea tu figura\u00a0Los cors\u00e9s son un cl\u00e1sico que siempre crea un efecto fenomenal. Descubre la colecci\u00f3n de cors\u00e9s que moldean tu figura, enfatizan las curvas y te dan confianza en ti misma.<\/li>\n<li><em><strong>Body:<\/strong><\/em>\u00a0Sensual Whole in One.\u00a0 Los bodys Sensual son la elecci\u00f3n perfecta para quienes desean combinar elegancia con practicidad.<strong>\u00a0Livco Corsetti Fashion\u00a0<\/strong>ofrece una variedad de estilos, satisfaciendo diferentes gustos.<\/li>\n<li><em><strong>Camisones y Babydolls:\u00a0<\/strong><\/em>Ropa de dormir rom\u00e1ntica. Para los amantes del romance, la colecci\u00f3n de camisones y babydolls est\u00e1 llena de creaciones ligeras, aireadas y sensuales que har\u00e1n que cada noche sea especial.<\/li>\n<\/ul>\n<p><strong>Livco Corsetti Fashion<\/strong> no es s\u00f3lo ropa interior, es una forma de expresar tu lado sensual y descubrir nuevas dimensiones de elegancia femenina. Experimente experiencias \u00fanicas con cada compra y deje que cada pieza de ropa interior<strong> Livco Corsetti Fashion<\/strong> enfatice su singularidad.<\/p>\n<p>\u00a0<\/p>\n<table border=\"1\" cellpadding=\"0\" cellspacing=\"0\" width=\"832\">\n<tbody>\n<tr height=\"23\" style=\"border: 1px solid black;\">\n<td class=\"xl72\" colspan=\"9\" height=\"23\" style=\"text-align: center; border: 1px solid black;\" width=\"832\"><b>GU\u00cdA DE TALLAS<\/b><\/td>\n<\/tr>\n<tr height=\"23\" style=\"border: 1px solid black;\">\n<td class=\"xl73\" colspan=\"2\" height=\"23\" style=\"text-align: center; border: 1px solid black;\"><strong>TALLA<\/strong><\/td>\n<td class=\"xl71\" style=\"text-align: center; border: 1px solid black;\" width=\"104\"><strong>S<\/strong><\/td>\n<td class=\"xl71\" style=\"text-align: center; border: 1px solid black;\" width=\"104\"><strong>M<\/strong><\/td>\n<td class=\"xl71\" style=\"text-align: center; border: 1px solid black;\" width=\"104\"><strong>L<\/strong><\/td>\n<td class=\"xl71\" style=\"text-align: center; border: 1px solid black;\" width=\"104\"><strong style=\"text-align: center;\">XL<\/strong><\/td>\n<td class=\"xl71\" style=\"text-align: center; border: 1px solid black;\" width=\"104\"><strong style=\"text-align: center;\">XXL<\/strong><\/td>\n<td class=\"xl71\" style=\"text-align: center; border: 1px solid black;\" width=\"104\"><strong style=\"text-align: center;\">S\/L\u00a0 \u00a0 XL\/XXL<\/strong><\/td>\n<td class=\"xl71\" style=\"text-align: center; border: 1px solid black;\" width=\"104\"><strong>S\/M\u00a0 \u00a0 L\/XL<\/strong><\/td>\n<\/tr>\n<tr>\n<td class=\"xl74\" colspan=\"2\" height=\"23\" style=\"text-align: center; border: 1px solid black;\" width=\"208\"><strong>Pecho (cm)<\/strong><\/td>\n<td class=\"xl72\" style=\"text-align: center; border: 1px solid black;\" width=\"104\">84-88<\/td>\n<td class=\"xl72\" style=\"text-align: center; border: 1px solid black;\" width=\"104\">89-92<\/td>\n<td class=\"xl71\" style=\"text-align: center; border: 1px solid black;\" width=\"104\">93-96<\/td>\n<td class=\"xl71\" style=\"text-align: center; border: 1px solid black;\" width=\"104\">97-100<\/td>\n<td class=\"xl71\" style=\"text-align: center; border: 1px solid black;\" width=\"104\">101-104<\/td>\n<td class=\"xl71\" style=\"text-align: center; border: 1px solid black;\" width=\"104\"><span style=\"text-align: center;\">84-96  97-104<\/span><\/td>\n<td class=\"xl71\" style=\"text-align: center; border: 1px solid black;\" width=\"104\">84-92  93-100<\/td>\n<\/tr>\n<tr height=\"23\" style=\"border: 1px solid black;\">\n<td class=\"xl74\" colspan=\"2\" height=\"23\" style=\"text-align: center; border: 1px solid black;\" width=\"208\"><strong>Cintura (cm)<\/strong><\/td>\n<td class=\"xl72\" style=\"text-align: center; border: 1px solid black;\" width=\"104\">62-68<\/td>\n<td class=\"xl72\" style=\"text-align: center; border: 1px solid black;\" width=\"104\">69-74<\/td>\n<td class=\"xl71\" style=\"text-align: center; border: 1px solid black;\" width=\"104\">75-78<\/td>\n<td class=\"xl71\" style=\"text-align: center; border: 1px solid black;\" width=\"104\">79-82<\/td>\n<td class=\"xl71\" style=\"text-align: center; border: 1px solid black;\" width=\"104\">83-90<\/td>\n<td class=\"xl71\" style=\"text-align: center; border: 1px solid black;\" width=\"104\"><span style=\"text-align: center;\">62-78\u00a0 \u00a0 79-88<\/span><\/td>\n<td class=\"xl71\" style=\"text-align: center; border: 1px solid black;\" width=\"104\">62-74\u00a0 \u00a0 75-82<\/td>\n<\/tr>\n<tr height=\"23\" style=\"border: 1px solid black;\">\n<td class=\"xl74\" colspan=\"2\" height=\"23\" style=\"text-align: center; border: 1px solid black;\" width=\"208\"><strong>Caderas (cm)<\/strong><\/td>\n<td class=\"xl72\" style=\"text-align: center; border: 1px solid black;\" width=\"104\">88-93<\/td>\n<td class=\"xl72\" style=\"text-align: center; border: 1px solid black;\" width=\"104\">94-98<\/td>\n<td class=\"xl71\" style=\"text-align: center; border: 1px solid black;\" width=\"104\">99-104<\/td>\n<td class=\"xl71\" style=\"text-align: center; border: 1px solid black;\" width=\"104\">105-109<\/td>\n<td class=\"xl71\" style=\"text-align: center; border: 1px solid black;\" width=\"104\">110-117<\/td>\n<td class=\"xl71\" style=\"text-align: center; border: 1px solid black;\" width=\"104\"><span style=\"text-align: center;\">88-104  105-117<\/span><\/td>\n<td class=\"xl71\" style=\"text-align: center; border: 1px solid black;\" width=\"104\"><span style=\"text-align: center;\">88-98\u00a0 \u00a0 99-109<\/span><\/td>\n<\/tr>\n<\/tbody>\n<\/table>","protected":false},"excerpt":{"rendered":"<p>LIVCO CORSETTI FASHION &#8211; AMRIN BODYSTOCKING BLACK ONE SIZE<\/p>","protected":false},"featured_media":82080,"comment_status":"open","ping_status":"closed","template":"","meta":{"_eb_attr":""},"product_brand":[],"product_cat":[1408,1225,1386,1191],"product_tag":[],"class_list":{"0":"post-48242","1":"product","2":"type-product","3":"status-publish","4":"has-post-thumbnail","6":"product_cat-moda-lencerialenceria-mujerlenceria-picantebodystocking","7":"product_cat-moda-lencerialenceria-mujer","8":"product_cat-moda-lencerialenceria-mujerlenceria-picante","9":"product_cat-moda-lenceria","10":"yith_product_brand-livco-corsetti-fashionlivco-corsetti-bodystockings","11":"yith_product_brand-livco-corsetti-fashion","13":"first","14":"instock","15":"taxable","16":"shipping-taxable","17":"purchasable","18":"product-type-simple"},"_links":{"self":[{"href":"https:\/\/www.bananatreeshop.com\/pt\/wp-json\/wp\/v2\/product\/48242","targetHints":{"allow":["GET"]}}],"collection":[{"href":"https:\/\/www.bananatreeshop.com\/pt\/wp-json\/wp\/v2\/product"}],"about":[{"href":"https:\/\/www.bananatreeshop.com\/pt\/wp-json\/wp\/v2\/types\/product"}],"replies":[{"embeddable":true,"href":"https:\/\/www.bananatreeshop.com\/pt\/wp-json\/wp\/v2\/comments?post=48242"}],"wp:featuredmedia":[{"embeddable":true,"href":"https:\/\/www.bananatreeshop.com\/pt\/wp-json\/wp\/v2\/media\/82080"}],"wp:attachment":[{"href":"https:\/\/www.bananatreeshop.com\/pt\/wp-json\/wp\/v2\/media?parent=48242"}],"wp:term":[{"taxonomy":"product_brand","embeddable":true,"href":"https:\/\/www.bananatreeshop.com\/pt\/wp-json\/wp\/v2\/product_brand?post=48242"},{"taxonomy":"product_cat","embeddable":true,"href":"https:\/\/www.bananatreeshop.com\/pt\/wp-json\/wp\/v2\/product_cat?post=48242"},{"taxonomy":"product_tag","embeddable":true,"href":"https:\/\/www.bananatreeshop.com\/pt\/wp-json\/wp\/v2\/product_tag?post=48242"}],"curies":[{"name":"wp","href":"https:\/\/api.w.org\/{rel}","templated":true}]}}