{"id":48376,"date":"2025-07-16T01:01:15","date_gmt":"2025-07-16T01:01:15","guid":{"rendered":"https:\/\/www.bananatreeshop.com\/?post_type=product&#038;p=48376"},"modified":"2026-04-03T14:02:43","modified_gmt":"2026-04-03T14:02:43","slug":"chilirose-cr-4307-bodystocking-crotchless-black-s-m","status":"publish","type":"product","link":"https:\/\/www.bananatreeshop.com\/pt\/produto\/chilirose-cr-4307-bodystocking-crotchless-black-s-m\/","title":{"rendered":"CHILIROSE &#8211; CR 4307 BODYSTOCKING CROTCHLESS NEGRO S\/M"},"content":{"rendered":"<p><strong>CR 4307 <\/strong>este bodystocking negro calado es una obra maestra de la seducci\u00f3n y el estilo, dise\u00f1ado para realzar tu figura de manera espectacular y despertar la pasi\u00f3n. Confeccionado en un tejido el\u00e1stico y suave, este bodystocking abraza delicadamente cada curva de tu cuerpo, creando una apariencia sensual y sugerente.<\/p>\n<p>El dise\u00f1o calado ofrece un juego de transparencias que revela sutilmente la piel debajo, a\u00f1adiendo un toque de misterio y provocaci\u00f3n a tu look. Las delicadas formas y patrones intrincados dan un toque de elegancia y sofisticaci\u00f3n al conjunto, mientras que el color negro profundo a\u00f1ade un toque de sensualidad y misterio.<\/p>\n<p>El ajuste ce\u00f1ido y el\u00e1stico del bodystocking garantiza una silueta favorecedora y c\u00f3moda. El dise\u00f1o sin costuras proporciona un acabado suave y aerodin\u00e1mico que se adapta perfectamente a tu cuerpo, creando un efecto de segunda piel que te har\u00e1 sentir irresistible. Este bodystocking es perfecto para una noche especial, una cita rom\u00e1ntica o simplemente para sorprender a tu pareja con un toque de sensualidad y elegancia. Comb\u00ednalo con lencer\u00eda provocativa o \u00fasalo solo para un efecto a\u00fan m\u00e1s impactante. \u00a1Prep\u00e1rate para deslumbrar y seducir con este deslumbrante bodystocking negro calado!<\/p>\n<p><u><strong>CARACTERISTICAS: <\/strong><\/u><\/p>\n<ul>\n<li>Bodystocking de cabaret con entrepierna abierta, que se puede utilizar para varios estilos.<\/li>\n<li>\u00a1Tenga en cuenta que las cubiertas para pezones no est\u00e1n incluidas!<\/li>\n<li>Disponible en S\/M<\/li>\n<\/ul>\n<p>\u00a0<\/p>\n<p>La marca <strong>CHILIROSE <\/strong>fue creada en 2008 y nuestra misi\u00f3n es ofrecer lencer\u00eda sensual y excitante a nuestros clientes a un precio competitivo. Ahora, en 2022, despu\u00e9s de 14 a\u00f1os, somos una de las principales empresas de lencer\u00eda ex\u00f3tica y tenemos una gran colecci\u00f3n de ropa de dormir, vestidos, batas, cors\u00e9s, vestidos, ropa de discoteca y m\u00e1s. Nuestro estricto control de calidad garantiza a nuestros clientes la plena satisfacci\u00f3n y hace que vender sea un placer. Cuidamos especialmente la selecci\u00f3n de nuestros materiales y la mano de obra. Ofrecemos muchos estilos nuevos y fant\u00e1sticos con regularidad y esperamos sorprenderlo positivamente cada vez.<\/p>\n<p>\u00a0<\/p>\n<table border=\"1\" cellpadding=\"0\" cellspacing=\"0\" width=\"832\">\n<tbody>\n<tr height=\"23\" style=\"border: 1px solid black;\">\n<td class=\"xl72\" colspan=\"8\" height=\"23\" style=\"text-align: center; border: 1px solid black;\" width=\"832\"><b>GU\u00cdA DE TALLAS<\/b><\/td>\n<\/tr>\n<tr height=\"23\" style=\"border: 1px solid black;\">\n<td class=\"xl73\" colspan=\"2\" height=\"23\" style=\"text-align: center; border: 1px solid black;\"><strong>TALLA<\/strong><\/td>\n<td class=\"xl71\" style=\"text-align: center; border: 1px solid black;\" width=\"104\"><strong>S<\/strong><\/td>\n<td class=\"xl71\" style=\"text-align: center; border: 1px solid black;\" width=\"104\"><strong>M<\/strong><\/td>\n<td class=\"xl71\" style=\"text-align: center; border: 1px solid black;\" width=\"104\"><strong>L<\/strong><\/td>\n<td class=\"xl71\" style=\"text-align: center; border: 1px solid black;\" width=\"104\"><strong>XL<\/strong><\/td>\n<td class=\"xl71\" style=\"text-align: center; border: 1px solid black;\" width=\"104\"><strong>XXL<\/strong><\/td>\n<td class=\"xl71\" style=\"text-align: center; border: 1px solid black;\" width=\"104\"><strong>S\/M\u00a0 \u00a0 L\/XL<\/strong><\/td>\n<\/tr>\n<tr>\n<td class=\"xl74\" colspan=\"2\" height=\"23\" style=\"text-align: center; border: 1px solid black;\" width=\"208\"><strong>Pecho (cm)<\/strong><\/td>\n<td class=\"xl72\" style=\"text-align: center; border: 1px solid black;\" width=\"104\">85-89<\/td>\n<td class=\"xl72\" style=\"text-align: center; border: 1px solid black;\" width=\"104\">90-94<\/td>\n<td class=\"xl71\" style=\"text-align: center; border: 1px solid black;\" width=\"104\">95-99<\/td>\n<td class=\"xl71\" style=\"text-align: center; border: 1px solid black;\" width=\"104\">100-104<\/td>\n<td class=\"xl71\" style=\"text-align: center; border: 1px solid black;\" width=\"104\">105-109<\/td>\n<td class=\"xl71\" style=\"text-align: center; border: 1px solid black;\" width=\"104\">85-94  95-104<\/td>\n<\/tr>\n<tr>\n<td class=\"xl74\" colspan=\"2\" height=\"23\" style=\"text-align: center; border: 1px solid black;\" width=\"208\"><strong>Bajo pecho (cm)<\/strong><\/td>\n<td class=\"xl72\" style=\"text-align: center; border: 1px solid black;\" width=\"104\"><span -webkit-text-stroke-width:=\"\" background-color:=\"\" display:=\"\" float:=\"\" font-size:=\"\" font-style:=\"\" font-variant-caps:=\"\" font-variant-ligatures:=\"\" font-weight:=\"\" inline=\"\" letter-spacing:=\"\" orphans:=\"\" style=\"color: rgb(51, 51, 51); font-family: sans-serif, Arial, Verdana, \" text-align:=\"\" text-decoration-color:=\"\" text-decoration-style:=\"\" text-decoration-thickness:=\"\" text-indent:=\"\" text-transform:=\"\" trebuchet=\"\" white-space:=\"\" widows:=\"\" word-spacing:=\"\">69-72<\/span><\/td>\n<td class=\"xl72\" style=\"text-align: center; border: 1px solid black;\" width=\"104\"><span -webkit-text-stroke-width:=\"\" background-color:=\"\" display:=\"\" float:=\"\" font-size:=\"\" font-style:=\"\" font-variant-caps:=\"\" font-variant-ligatures:=\"\" font-weight:=\"\" inline=\"\" letter-spacing:=\"\" orphans:=\"\" style=\"color: rgb(51, 51, 51); font-family: sans-serif, Arial, Verdana, \" text-align:=\"\" text-decoration-color:=\"\" text-decoration-style:=\"\" text-decoration-thickness:=\"\" text-indent:=\"\" text-transform:=\"\" trebuchet=\"\" white-space:=\"\" widows:=\"\" word-spacing:=\"\">73-77<\/span><\/td>\n<td class=\"xl71\" style=\"text-align: center; border: 1px solid black;\" width=\"104\"><span -webkit-text-stroke-width:=\"\" background-color:=\"\" display:=\"\" float:=\"\" font-size:=\"\" font-style:=\"\" font-variant-caps:=\"\" font-variant-ligatures:=\"\" font-weight:=\"\" inline=\"\" letter-spacing:=\"\" orphans:=\"\" style=\"color: rgb(51, 51, 51); font-family: sans-serif, Arial, Verdana, \" text-align:=\"\" text-decoration-color:=\"\" text-decoration-style:=\"\" text-decoration-thickness:=\"\" text-indent:=\"\" text-transform:=\"\" trebuchet=\"\" white-space:=\"\" widows:=\"\" word-spacing:=\"\">78-81<\/span><\/td>\n<td class=\"xl71\" style=\"text-align: center; border: 1px solid black;\" width=\"104\"><span -webkit-text-stroke-width:=\"\" background-color:=\"\" display:=\"\" float:=\"\" font-size:=\"\" font-style:=\"\" font-variant-caps:=\"\" font-variant-ligatures:=\"\" font-weight:=\"\" inline=\"\" letter-spacing:=\"\" orphans:=\"\" style=\"color: rgb(51, 51, 51); font-family: sans-serif, Arial, Verdana, \" text-align:=\"\" text-decoration-color:=\"\" text-decoration-style:=\"\" text-decoration-thickness:=\"\" text-indent:=\"\" text-transform:=\"\" trebuchet=\"\" white-space:=\"\" widows:=\"\" word-spacing:=\"\">82-86<\/span><\/td>\n<td class=\"xl71\" style=\"text-align: center; border: 1px solid black;\" width=\"104\"><span -webkit-text-stroke-width:=\"\" background-color:=\"\" display:=\"\" float:=\"\" font-size:=\"\" font-style:=\"\" font-variant-caps:=\"\" font-variant-ligatures:=\"\" font-weight:=\"\" inline=\"\" letter-spacing:=\"\" orphans:=\"\" style=\"color: rgb(51, 51, 51); font-family: sans-serif, Arial, Verdana, \" text-align:=\"\" text-decoration-color:=\"\" text-decoration-style:=\"\" text-decoration-thickness:=\"\" text-indent:=\"\" text-transform:=\"\" trebuchet=\"\" white-space:=\"\" widows:=\"\" word-spacing:=\"\">87-90<\/span><\/td>\n<td class=\"xl71\" style=\"text-align: center; border: 1px solid black;\" width=\"104\"><span -webkit-text-stroke-width:=\"\" background-color:=\"\" display:=\"\" float:=\"\" font-size:=\"\" font-style:=\"\" font-variant-caps:=\"\" font-variant-ligatures:=\"\" font-weight:=\"\" inline=\"\" letter-spacing:=\"\" orphans:=\"\" style=\"color: rgb(51, 51, 51); font-family: sans-serif, Arial, Verdana, \" text-align:=\"\" text-decoration-color:=\"\" text-decoration-style:=\"\" text-decoration-thickness:=\"\" text-indent:=\"\" text-transform:=\"\" trebuchet=\"\" white-space:=\"\" widows:=\"\" word-spacing:=\"\">69-77\u00a0 \u00a0 78-86<\/span><\/td>\n<\/tr>\n<tr height=\"23\" style=\"border: 1px solid black;\">\n<td class=\"xl74\" colspan=\"2\" height=\"23\" style=\"text-align: center; border: 1px solid black;\" width=\"208\"><strong>Cintura (cm)<\/strong><\/td>\n<td class=\"xl72\" style=\"text-align: center; border: 1px solid black;\" width=\"104\">68-72<\/td>\n<td class=\"xl72\" style=\"text-align: center; border: 1px solid black;\" width=\"104\">73-77<\/td>\n<td class=\"xl71\" style=\"text-align: center; border: 1px solid black;\" width=\"104\">78-82<\/td>\n<td class=\"xl71\" style=\"text-align: center; border: 1px solid black;\" width=\"104\">83-87<\/td>\n<td class=\"xl71\" style=\"text-align: center; border: 1px solid black;\" width=\"104\">88-93<\/td>\n<td class=\"xl71\" style=\"text-align: center; border: 1px solid black;\" width=\"104\">68-77\u00a0 \u00a0 78-87<\/td>\n<\/tr>\n<tr height=\"23\" style=\"border: 1px solid black;\">\n<td class=\"xl74\" colspan=\"2\" height=\"23\" style=\"text-align: center; border: 1px solid black;\" width=\"208\"><strong>Caderas (cm)<\/strong><\/td>\n<td class=\"xl72\" style=\"text-align: center; border: 1px solid black;\" width=\"104\">90-94<\/td>\n<td class=\"xl72\" style=\"text-align: center; border: 1px solid black;\" width=\"104\">95-100<\/td>\n<td class=\"xl71\" style=\"text-align: center; border: 1px solid black;\" width=\"104\">101-105<\/td>\n<td class=\"xl71\" style=\"text-align: center; border: 1px solid black;\" width=\"104\">106-111<\/td>\n<td class=\"xl71\" style=\"text-align: center; border: 1px solid black;\" width=\"104\">112-116<\/td>\n<td class=\"xl71\" style=\"text-align: center; border: 1px solid black;\" width=\"104\">90-100  101-111<\/td>\n<\/tr>\n<\/tbody>\n<\/table>\n<p>\u00a0<\/p>","protected":false},"excerpt":{"rendered":"<p>CHILIROSE &#8211; CR 4307 BODYSTOCKING CROTCHLESS BLACK S\/M<\/p>","protected":false},"featured_media":82113,"comment_status":"open","ping_status":"closed","template":"","meta":{"_eb_attr":""},"product_brand":[],"product_cat":[1408,1225,1386,1191],"product_tag":[],"class_list":{"0":"post-48376","1":"product","2":"type-product","3":"status-publish","4":"has-post-thumbnail","6":"product_cat-moda-lencerialenceria-mujerlenceria-picantebodystocking","7":"product_cat-moda-lencerialenceria-mujer","8":"product_cat-moda-lencerialenceria-mujerlenceria-picante","9":"product_cat-moda-lenceria","10":"yith_product_brand-chilirose","11":"yith_product_brand-chilirosechilirose-bodies","13":"first","14":"instock","15":"taxable","16":"shipping-taxable","17":"purchasable","18":"product-type-simple"},"_links":{"self":[{"href":"https:\/\/www.bananatreeshop.com\/pt\/wp-json\/wp\/v2\/product\/48376","targetHints":{"allow":["GET"]}}],"collection":[{"href":"https:\/\/www.bananatreeshop.com\/pt\/wp-json\/wp\/v2\/product"}],"about":[{"href":"https:\/\/www.bananatreeshop.com\/pt\/wp-json\/wp\/v2\/types\/product"}],"replies":[{"embeddable":true,"href":"https:\/\/www.bananatreeshop.com\/pt\/wp-json\/wp\/v2\/comments?post=48376"}],"wp:featuredmedia":[{"embeddable":true,"href":"https:\/\/www.bananatreeshop.com\/pt\/wp-json\/wp\/v2\/media\/82113"}],"wp:attachment":[{"href":"https:\/\/www.bananatreeshop.com\/pt\/wp-json\/wp\/v2\/media?parent=48376"}],"wp:term":[{"taxonomy":"product_brand","embeddable":true,"href":"https:\/\/www.bananatreeshop.com\/pt\/wp-json\/wp\/v2\/product_brand?post=48376"},{"taxonomy":"product_cat","embeddable":true,"href":"https:\/\/www.bananatreeshop.com\/pt\/wp-json\/wp\/v2\/product_cat?post=48376"},{"taxonomy":"product_tag","embeddable":true,"href":"https:\/\/www.bananatreeshop.com\/pt\/wp-json\/wp\/v2\/product_tag?post=48376"}],"curies":[{"name":"wp","href":"https:\/\/api.w.org\/{rel}","templated":true}]}}