{"id":48526,"date":"2025-07-18T15:01:34","date_gmt":"2025-07-18T15:01:34","guid":{"rendered":"https:\/\/www.bananatreeshop.com\/?post_type=product&#038;p=48526"},"modified":"2026-04-16T04:04:20","modified_gmt":"2026-04-16T04:04:20","slug":"adrien-lastic-couple-secrets-ii-double-stimulation-pink-free-app","status":"publish","type":"product","link":"https:\/\/www.bananatreeshop.com\/pt\/produto\/adrien-lastic-couple-secrets-ii-double-stimulation-pink-free-app\/","title":{"rendered":"ADRIEN LASTIC &#8211; COUPLE SECRETS II DOBLE ESTIMULACION ROSA + APP"},"content":{"rendered":"<p><u><strong>DESCUBRE COUPLE SECRETS II + APP<\/strong><\/u><\/p>\n<p>\u00a1D\u00e9jate llevar por el Couple Secrets II de Adrien Lastic y transforma tus puntos sensibles en pura dicha al mismo tiempo!<\/p>\n<p>A simple vista, este vibrador de doble cabezal, ingeniosamente creativo, podr\u00eda parecer destinado solo para uso individual, pero este juguete multifuncional es perfecto para disfrutar en pareja y tiene el potencial de complacer a ambos para una experiencia que se eleva a otro nivel.<\/p>\n<p>Con sus dos potentes pero discretos motores estrat\u00e9gicamente ubicados en la barra de estimulaci\u00f3n vaginal y el estimulador anal, este juguete ofrece un placer intenso. Ya sea que busques un juego de burlas interminables o una satisfacci\u00f3n total con penetraci\u00f3n, explora los 10 modos de vibraci\u00f3n. Puedes elegir entre configuraciones lentas y constantes, vibraciones r\u00e1pidas que te har\u00e1n temblar o pulsaciones suaves y espor\u00e1dicas.<\/p>\n<p>Hecho completamente de silicona 100%, la piel suave y sedosa de este vibrador de doble eje es hipoalerg\u00e9nica, segura y muy agradable al tacto.<\/p>\n<p>La parte inferior gruesa y redondeada est\u00e1 dise\u00f1ada con curvas y hendiduras para facilitar la inserci\u00f3n y extracci\u00f3n. Solo necesitas conectar el cable USB incluido en el puerto de la parte trasera del Couple Secrets II durante 90 minutos para disfrutar de 40 minutos de juego ultra satisfactorio.<\/p>\n<p>Este juguete de doble penetraci\u00f3n de Adrien Lastic es 100% resistente a salpicaduras. Comb\u00ednalo con tu lubricante a base de agua favorito para una sensaci\u00f3n a\u00fan m\u00e1s suave.<\/p>\n<p><u><strong>C\u00d3MO USARLO?<\/strong><\/u><\/p>\n<div>\n<p>Es muy f\u00e1cil. Dependiendo de si lo usas solo o en pareja, aplica tu lubricante a base de agua favorito en el juguete y las \u00e1reas a estimular, especialmente en el ano ya que no se lubrica naturalmente. Una vez listo, puedes comenzar la penetraci\u00f3n. Y recuerda, el Couple Secrets no necesita que lo sostengas con tus manos, est\u00e1 dise\u00f1ado para mantenerse en su lugar mientras te estimula. \u00a1As\u00ed que aprovecha para disfrutar con tus manos estimulando otras partes de tu cuerpo! Ademas, \u00a1Conectate con la App Adrien Lastic y disfruta de tantos modos como puedas imaginarte!<\/p>\n<p><u><strong>CARACTERISTICAS:<\/strong><\/u><\/p>\n<ul>\n<li>100% Silicona Premium Super Suave y ABS<\/li>\n<li>Resistente a salpicaduras<\/li>\n<li>Dimensiones:\u00a0Largo 10.8\u00a0 \/ 7.9 cm \/\/ Di\u00e1metro 3.5 \/ 2.7 cm<\/li>\n<li>USB Recargable<\/li>\n<li>2 Motores Potentes<\/li>\n<li>10 Modos de Vibraci\u00f3n<\/li>\n<li>App M\u00f3bil<\/li>\n<li>Bateria de Litio<\/li>\n<li>60 gr<\/li>\n<\/ul>\n<p>\u00a0<\/p>\n<p><u><strong>PROPIEDADES:<\/strong><\/u><\/p>\n<ul>\n<li>Doble penetraci\u00f3n sin necesidad de usar las manos.<\/li>\n<li>Conecta Couple Secrets a trav\u00e9s de la App Adrien Lastic y explora un mundo lleno de sensaciones.<\/li>\n<li>Controla el Couple Secrets con un mando a distancia y haz travesuras incluso fuera de casa.<\/li>\n<li>Con un tacto suave y sedoso, este vibrador inal\u00e1mbrico es resistente al agua y cuenta con 10 funciones vibracionales.<\/li>\n<li><strong>LIMPIEZA: <\/strong>Limpia a fondo el juguete antes y despu\u00e9s de cada uso con agua tibia y jab\u00f3n suave.<\/li>\n<li><strong>ALMACENAMIENTO: <\/strong>Guarde su juguete Adrien Lastic en un lugar sin polvo y mant\u00e9ngalo alejado de juguetes de otros materiales. Evite dejarlo a la luz solar directa y NUNCA lo exponga a calor extremo.<\/li>\n<li><strong>CONSEJOS DE USO: <\/strong>Adrien Lastic recomienda el uso de lubricantes a base de agua para una inserci\u00f3n f\u00e1cil y suave de todos los productos de silicona. No utilice lubricantes, aceites o cremas de silicona con ning\u00fan producto de silicona, ya que pueden degradar el material del producto y limitar su rendimiento y vida \u00fatil.<\/li>\n<\/ul>\n<p>\u00a0<\/p>\n<p><u><strong>CONTENIDO EN LA CAJA<\/strong><\/u><\/p>\n<ul>\n<li>Couple Secrets<\/li>\n<li>Bolsa de raso<\/li>\n<li>Tarjeta de garant\u00eda<\/li>\n<li>Manual de instrucciones<\/li>\n<li>Cable USB<\/li>\n<\/ul>\n<\/div>","protected":false},"excerpt":{"rendered":"<p>ADRIEN LASTIC &#8211; COUPLE SECRETS II DOUBLE STIMULATION PINK +  APP<\/p>","protected":false},"featured_media":89289,"comment_status":"open","ping_status":"closed","template":"","meta":{"_eb_attr":""},"product_brand":[],"product_cat":[1448,1159],"product_tag":[],"class_list":{"0":"post-48526","1":"product","2":"type-product","3":"status-publish","4":"has-post-thumbnail","6":"product_cat-juguetes-bienestar-vibradoresvibrador-parejas-u","7":"product_cat-juguetes-bienestar-vibradores","8":"yith_product_brand-adrien-lastic","10":"first","11":"instock","12":"taxable","13":"shipping-taxable","14":"purchasable","15":"product-type-simple"},"_links":{"self":[{"href":"https:\/\/www.bananatreeshop.com\/pt\/wp-json\/wp\/v2\/product\/48526","targetHints":{"allow":["GET"]}}],"collection":[{"href":"https:\/\/www.bananatreeshop.com\/pt\/wp-json\/wp\/v2\/product"}],"about":[{"href":"https:\/\/www.bananatreeshop.com\/pt\/wp-json\/wp\/v2\/types\/product"}],"replies":[{"embeddable":true,"href":"https:\/\/www.bananatreeshop.com\/pt\/wp-json\/wp\/v2\/comments?post=48526"}],"wp:featuredmedia":[{"embeddable":true,"href":"https:\/\/www.bananatreeshop.com\/pt\/wp-json\/wp\/v2\/media\/89289"}],"wp:attachment":[{"href":"https:\/\/www.bananatreeshop.com\/pt\/wp-json\/wp\/v2\/media?parent=48526"}],"wp:term":[{"taxonomy":"product_brand","embeddable":true,"href":"https:\/\/www.bananatreeshop.com\/pt\/wp-json\/wp\/v2\/product_brand?post=48526"},{"taxonomy":"product_cat","embeddable":true,"href":"https:\/\/www.bananatreeshop.com\/pt\/wp-json\/wp\/v2\/product_cat?post=48526"},{"taxonomy":"product_tag","embeddable":true,"href":"https:\/\/www.bananatreeshop.com\/pt\/wp-json\/wp\/v2\/product_tag?post=48526"}],"curies":[{"name":"wp","href":"https:\/\/api.w.org\/{rel}","templated":true}]}}