{"id":48559,"date":"2025-07-09T11:01:35","date_gmt":"2025-07-09T11:01:35","guid":{"rendered":"https:\/\/www.bananatreeshop.com\/?post_type=product&#038;p=48559"},"modified":"2026-04-13T18:25:23","modified_gmt":"2026-04-13T18:25:23","slug":"pretty-love-ethan-rechargeable-vibrator-lila","status":"publish","type":"product","link":"https:\/\/www.bananatreeshop.com\/pt\/produto\/pretty-love-ethan-rechargeable-vibrator-lila\/","title":{"rendered":"PRETTY LOVE &#8211; ETHAN VIBRADOR RECARGABLE LILA"},"content":{"rendered":"<p>\u00a1Esta vibra satisfactoria funciona como magia!<\/p>\n<p>La punta se inclina hacia adelante, apuntando a 12 potentes niveles de vibraci\u00f3n justo contra tu zona m\u00e1s sensible. La silicona suave como la seda y un eje flexible hacen que cada momento sea una felicidad total. \u00a1Para divertirte a\u00fan m\u00e1s, hay m\u00e1s formas de jugar gracias a la aplicaci\u00f3n gratuita Prettylove! La aplicaci\u00f3n desbloquea interesantes funciones de juguetes a trav\u00e9s de tu tel\u00e9fono.<\/p>\n<p>Caracter\u00edsticas:<\/p>\n<ul>\n<li>12 modos de vibraci\u00f3n<\/li>\n<li>APP largo alcance<\/li>\n<li>Vibraciones poderosas<\/li>\n<li>Silicona s\u00faper suave<\/li>\n<li>USB recargable<\/li>\n<li>Color: Lila<\/li>\n<\/ul>\n<p style=\"line-height: 16.64px;\"><span style=\"line-height: 16.64px;\">Pretty Love fabrica productos con exigentes est\u00e1ndares de calidad, todos sus productos est\u00e1n dise\u00f1ados en Estados Unidos y cuentan con 1 a\u00f1o garant\u00eda sobre defectos t\u00e9cnicos.<\/span><\/p>\n<div>\u00a0<\/div>","protected":false},"excerpt":{"rendered":"<p>PRETTY LOVE &#8211; ETHAN RECHARGEABLE VIBRATOR LILA<\/p>","protected":false},"featured_media":95624,"comment_status":"open","ping_status":"closed","template":"","meta":{"_eb_attr":""},"product_brand":[],"product_cat":[1152,1159,1231],"product_tag":[],"class_list":{"0":"post-48559","1":"product","2":"type-product","3":"status-publish","4":"has-post-thumbnail","6":"product_cat-juguetes-bienestar","7":"product_cat-juguetes-bienestar-vibradores","8":"product_cat-juguetes-bienestar-vibradoresvibradores-punto-g","9":"yith_product_brand-pretty-love","10":"yith_product_brand-pretty-lovepretty-love-smart","12":"first","13":"instock","14":"taxable","15":"shipping-taxable","16":"purchasable","17":"product-type-simple"},"_links":{"self":[{"href":"https:\/\/www.bananatreeshop.com\/pt\/wp-json\/wp\/v2\/product\/48559","targetHints":{"allow":["GET"]}}],"collection":[{"href":"https:\/\/www.bananatreeshop.com\/pt\/wp-json\/wp\/v2\/product"}],"about":[{"href":"https:\/\/www.bananatreeshop.com\/pt\/wp-json\/wp\/v2\/types\/product"}],"replies":[{"embeddable":true,"href":"https:\/\/www.bananatreeshop.com\/pt\/wp-json\/wp\/v2\/comments?post=48559"}],"wp:featuredmedia":[{"embeddable":true,"href":"https:\/\/www.bananatreeshop.com\/pt\/wp-json\/wp\/v2\/media\/95624"}],"wp:attachment":[{"href":"https:\/\/www.bananatreeshop.com\/pt\/wp-json\/wp\/v2\/media?parent=48559"}],"wp:term":[{"taxonomy":"product_brand","embeddable":true,"href":"https:\/\/www.bananatreeshop.com\/pt\/wp-json\/wp\/v2\/product_brand?post=48559"},{"taxonomy":"product_cat","embeddable":true,"href":"https:\/\/www.bananatreeshop.com\/pt\/wp-json\/wp\/v2\/product_cat?post=48559"},{"taxonomy":"product_tag","embeddable":true,"href":"https:\/\/www.bananatreeshop.com\/pt\/wp-json\/wp\/v2\/product_tag?post=48559"}],"curies":[{"name":"wp","href":"https:\/\/api.w.org\/{rel}","templated":true}]}}