{"id":48600,"date":"2025-10-01T19:06:21","date_gmt":"2025-10-01T19:06:21","guid":{"rendered":"https:\/\/www.bananatreeshop.com\/?post_type=product&#038;p=48600"},"modified":"2026-04-04T06:02:22","modified_gmt":"2026-04-04T06:02:22","slug":"pretty-love-mini-fun-toys-by-magic-fairy-vibrator-stimulating-waves","status":"publish","type":"product","link":"https:\/\/www.bananatreeshop.com\/pt\/produto\/pretty-love-mini-fun-toys-by-magic-fairy-vibrator-stimulating-waves\/","title":{"rendered":"PRETTY LOVE &#8211; MINI FUN TOYS BY MAGIC FAIRY VIBRADOR  SUCCIONADOR"},"content":{"rendered":"<p>Descubre un mundo de placer \u00edntimo a tu alcance con el Vibrador de Dedo Pretty Love. Este vibrador de dedo compacto y discreto proporciona 10 funciones de vibraci\u00f3n y 10 funciones de golpeteo.<\/p>\n<p>Est\u00e1 idealmente dise\u00f1ado para brindarle la m\u00e1xima estimulaci\u00f3n doble. La boca envolver\u00e1 perfectamente tu preciosa perla mientras que las orejas de conejo te aportar\u00e1n poderosas vibraciones. Con un cargador port\u00e1til, se puede utilizar c\u00f3modamente en cualquier lugar.<\/p>\n<p>\u00a0<\/p>\n<p><strong><u>CARACTER\u00cdSTICAS:\u00a0<\/u><\/strong><\/p>\n<ul>\n<li><strong>Funci\u00f3n:<\/strong> 10 funciones de succi\u00f3n y de vibraci\u00f3n<\/li>\n<li><strong>Fuerza:<\/strong> USB recargable<\/li>\n<li><strong>Material<\/strong>: ABS\u00a0de silicona<\/li>\n<li><strong>Impermeable<\/strong>: S\u00ed<\/li>\n<li><strong>Color:<\/strong> Rosa<\/li>\n<li><strong>Tama\u00f1o de embalaje (mm):<\/strong> 150*100*50<\/li>\n<\/ul>\n<p>Pretty Love fabrica productos de alta calidad. Tienen 1 a\u00f1o de garant\u00eda en defectos t\u00e9cnicos.<\/p>","protected":false},"excerpt":{"rendered":"<p>PRETTY LOVE &#8211; MINI FUN TOYS BY MAGIC FAIRY VIBRATOR  SUCKER<\/p>","protected":false},"featured_media":93979,"comment_status":"open","ping_status":"closed","template":"","meta":{"_eb_attr":""},"product_brand":[],"product_cat":[1250,1152,1153,1449],"product_tag":[],"class_list":{"0":"post-48600","1":"product","2":"type-product","3":"status-publish","4":"has-post-thumbnail","6":"product_cat-juguetes-bienestar-juguetes-para-mujeresestimuladores","7":"product_cat-juguetes-bienestar","8":"product_cat-juguetes-bienestar-juguetes-para-mujeres","9":"product_cat-juguetes-bienestar-juguetes-para-mujeresestimuladoressuccionadores-con-vibracion","10":"yith_product_brand-pretty-love","11":"yith_product_brand-pretty-lovepretty-love-smart","13":"first","14":"instock","15":"taxable","16":"shipping-taxable","17":"purchasable","18":"product-type-simple"},"_links":{"self":[{"href":"https:\/\/www.bananatreeshop.com\/pt\/wp-json\/wp\/v2\/product\/48600","targetHints":{"allow":["GET"]}}],"collection":[{"href":"https:\/\/www.bananatreeshop.com\/pt\/wp-json\/wp\/v2\/product"}],"about":[{"href":"https:\/\/www.bananatreeshop.com\/pt\/wp-json\/wp\/v2\/types\/product"}],"replies":[{"embeddable":true,"href":"https:\/\/www.bananatreeshop.com\/pt\/wp-json\/wp\/v2\/comments?post=48600"}],"wp:featuredmedia":[{"embeddable":true,"href":"https:\/\/www.bananatreeshop.com\/pt\/wp-json\/wp\/v2\/media\/93979"}],"wp:attachment":[{"href":"https:\/\/www.bananatreeshop.com\/pt\/wp-json\/wp\/v2\/media?parent=48600"}],"wp:term":[{"taxonomy":"product_brand","embeddable":true,"href":"https:\/\/www.bananatreeshop.com\/pt\/wp-json\/wp\/v2\/product_brand?post=48600"},{"taxonomy":"product_cat","embeddable":true,"href":"https:\/\/www.bananatreeshop.com\/pt\/wp-json\/wp\/v2\/product_cat?post=48600"},{"taxonomy":"product_tag","embeddable":true,"href":"https:\/\/www.bananatreeshop.com\/pt\/wp-json\/wp\/v2\/product_tag?post=48600"}],"curies":[{"name":"wp","href":"https:\/\/api.w.org\/{rel}","templated":true}]}}