{"id":48814,"date":"2025-07-14T02:00:50","date_gmt":"2025-07-14T02:00:50","guid":{"rendered":"https:\/\/www.bananatreeshop.com\/?post_type=product&#038;p=48814"},"modified":"2026-04-03T01:03:08","modified_gmt":"2026-04-03T01:03:08","slug":"leg-avenue-crystalized-mesh-stockings-black-plus-size","status":"publish","type":"product","link":"https:\/\/www.bananatreeshop.com\/pt\/produto\/leg-avenue-crystalized-mesh-stockings-black-plus-size\/","title":{"rendered":"LEG AVENUE &#8211; MEDIAS REJILLA CRISTALIZADA NEGRO PLUS SIZE"},"content":{"rendered":"<p>Presentamos las medias Colby Rhinestone Fishnet de talla grande de Leg Avenue: el toque final perfecto que le faltaba a su conjunto. Estas impresionantes medias de rejilla est\u00e1n confeccionadas con materiales de primera calidad de Leg Avenue y adornadas con brillantes pedrer\u00eda de varios tama\u00f1os. Combinan maravillosamente con tu lencer\u00eda sexy o disfraces de Halloween, ofreciendo un ajuste favorecedor y una comodidad excepcional.<\/p>\n<p>\u00a0<\/p>\n<p><u><strong>CARACTERISTICAS:<\/strong><\/u><\/p>\n<ul>\n<li>Medias de rejilla cristalizadas con pedrer\u00eda\u00a0<\/li>\n<li>Talla unica Plus<\/li>\n<li>Composicion: 92% nailon, 8% spandex<\/li>\n<li>Color: Negro y Caramelo<\/li>\n<li>Tejido de calceter\u00eda de alta calidad para mayor durabilidad<\/li>\n<li>Dise\u00f1o de rejilla transpirable<\/li>\n<li>Material ultrasuave y el\u00e1stico.<\/li>\n<li>Diamantes de imitaci\u00f3n colocados a mano para mayor brillo<\/li>\n<li>Puntera reforzada para mayor comodidad<\/li>\n<li>Cintura sin pellizcos para un ajuste perfecto<\/li>\n<\/ul>\n<p>\u00a0<\/p>\n<p><strong>Leg Avenue<\/strong>\u00a0tiene los productos que estabas buscando comprometi\u00e9ndose a ofrecer a los clientes productos innovadores, precios competitivos y una gran satisfacci\u00f3n, reci\u00e9n llegados desde el distrito m\u00e1s fashion de Los \u00c1ngeles.<\/p>\n<p>\u00a1Aqu\u00ed todo se trata de ti! Entendemos que cada cuerpo es \u00fanico y creemos que todas las mujeres deben verse y sentirse fant\u00e1sticas, independientemente de su tama\u00f1o o forma. As\u00ed que ten la seguridad de que nuestros dise\u00f1os siempre est\u00e1n enfocados a resaltar tus mejores caracter\u00edsticas. Y en serio, lo decimos en serio cuando decimos que valoramos las telas s\u00faper suaves y la elasticidad del siguiente nivel. Comodidad y estilo? \u00a1Doble verificaci\u00f3n!<\/p>\n<p>La variedad es la clave de nuestro \u00e9xito y puedes verlo en nuestros estilos. Nuestros dise\u00f1adores mezclan y combinan materiales como profesionales, dando a nuestras creaciones ese aire de lujo inconfundible para que te sientas absolutamente de primera. Ya sea un encaje que hace que tus sentidos hormigueen o un sat\u00e9n s\u00faper suave que tus manos no pueden resistir, hacemos todo lo posible para brindarte algo especial.<\/p>\n<p><strong>Leg Avenue<\/strong> est\u00e1 llena de pasi\u00f3n, diversi\u00f3n y autoexpresi\u00f3n. Queremos que seas completamente t\u00fa mismo, con un toque de picard\u00eda y monta\u00f1as de confianza. Descubra c\u00f3mo nuestra lencer\u00eda, medias y disfraces elevan su apariencia al siguiente nivel. \u00a1Juntos aspiramos a lo fant\u00e1stico y demostramos que el estilo no tiene talla!<\/p>","protected":false},"excerpt":{"rendered":"<p>LEG AVENUE &#8211; CRYSTALIZED MESH STOCKINGS BLACK PLUS SIZE<\/p>","protected":false},"featured_media":77550,"comment_status":"open","ping_status":"closed","template":"","meta":{"_eb_attr":""},"product_brand":[],"product_cat":[1225,1226,1379,1191,1134],"product_tag":[],"class_list":{"0":"post-48814","1":"product","2":"type-product","3":"status-publish","4":"has-post-thumbnail","6":"product_cat-moda-lencerialenceria-mujer","7":"product_cat-moda-lencerialenceria-mujerlenceria-sexy","8":"product_cat-moda-lencerialenceria-mujerlenceria-sexymedias","9":"product_cat-moda-lenceria","10":"product_cat-offers","11":"pa_color-natural","12":"pa_color-negro","13":"pa_size-plus-size","14":"pa_talla-plus-size","15":"yith_product_brand-leg-avenue","16":"yith_product_brand-leg-avenueleg-avenue-hosiery","18":"first","19":"instock","20":"taxable","21":"shipping-taxable","22":"purchasable","23":"product-type-variable","24":"has-default-attributes"},"_links":{"self":[{"href":"https:\/\/www.bananatreeshop.com\/pt\/wp-json\/wp\/v2\/product\/48814","targetHints":{"allow":["GET"]}}],"collection":[{"href":"https:\/\/www.bananatreeshop.com\/pt\/wp-json\/wp\/v2\/product"}],"about":[{"href":"https:\/\/www.bananatreeshop.com\/pt\/wp-json\/wp\/v2\/types\/product"}],"replies":[{"embeddable":true,"href":"https:\/\/www.bananatreeshop.com\/pt\/wp-json\/wp\/v2\/comments?post=48814"}],"wp:featuredmedia":[{"embeddable":true,"href":"https:\/\/www.bananatreeshop.com\/pt\/wp-json\/wp\/v2\/media\/77550"}],"wp:attachment":[{"href":"https:\/\/www.bananatreeshop.com\/pt\/wp-json\/wp\/v2\/media?parent=48814"}],"wp:term":[{"taxonomy":"product_brand","embeddable":true,"href":"https:\/\/www.bananatreeshop.com\/pt\/wp-json\/wp\/v2\/product_brand?post=48814"},{"taxonomy":"product_cat","embeddable":true,"href":"https:\/\/www.bananatreeshop.com\/pt\/wp-json\/wp\/v2\/product_cat?post=48814"},{"taxonomy":"product_tag","embeddable":true,"href":"https:\/\/www.bananatreeshop.com\/pt\/wp-json\/wp\/v2\/product_tag?post=48814"}],"curies":[{"name":"wp","href":"https:\/\/api.w.org\/{rel}","templated":true}]}}