{"id":48964,"date":"2025-07-09T11:00:47","date_gmt":"2025-07-09T11:00:47","guid":{"rendered":"https:\/\/www.bananatreeshop.com\/?post_type=product&#038;p=48964"},"modified":"2026-04-15T18:02:25","modified_gmt":"2026-04-15T18:02:25","slug":"lelo-mia-3-personal-vibrator-pink","status":"publish","type":"product","link":"https:\/\/www.bananatreeshop.com\/pt\/produto\/lelo-mia-3-personal-vibrator-pink\/","title":{"rendered":"LELO &#8211; MIA 3 VIBRADOR PERSONAL ROSA"},"content":{"rendered":"<p><strong>MIA\u2122 3<\/strong> es un vibrador personal discreto dise\u00f1ado para lo \u00faltimo placer mientras viaja. Sus vibraciones casi silenciosas garantizan la privacidad donde quiera que est\u00e9.<\/p>\n<p>Mientras que el material ultrasuave se siente c\u00e1lido al tacto, mejorando su experiencia sensorial. La caracter\u00edstica m\u00e1s fuerte de MIA\u2122 3 es su tama\u00f1o compacto, por lo que cabe f\u00e1cilmente en bolsos, carteras o maletas, haci\u00e9ndolo c\u00f3modo de llevar y asegurando que el placer est\u00e9 siempre dentro alcanzar.<\/p>\n<p>Es discreto porque parece un l\u00e1piz labial normal, lo que lo hace sencillo y perfecto para viajar. Disponible en tres colores, este\u00a0vibrador compacto es ideal para el placer espont\u00e1neo, ajuste perfectamente incluso en los bolsos m\u00e1s peque\u00f1os.<\/p>\n<p>\u00a0<\/p>\n<p><strong><u>CARACTER\u00cdSTICAS:<\/u><\/strong><\/p>\n<ul>\n<li>Material: ABS, silicona de calidad alimentaria<\/li>\n<li>Acabado: Mate<\/li>\n<li>Tama\u00f1o: 22x22x111mm\/0,87&#215;0,87&#215;4,37 pulgadas<\/li>\n<li>Peso: 36 g\/1,27 onzas<\/li>\n<li>Bater\u00eda: Li-Ion 70 mAh 3,7 V<\/li>\n<li>Carga: hasta 2 h a 5,0 V 70 mA<\/li>\n<li>Potencia nominal: &#8211; Entrada: 5V 0,35W &#8211; Salida: 3,7 V 0,4 W<\/li>\n<li>Tiempo de usuario: hasta 1,5 h<\/li>\n<li>En espera: 90 d\u00edas<\/li>\n<li>Frecuencia: 130Hz<\/li>\n<li>M\u00e1x. nivel de ruido: < 60 dB<\/li>\n<li>Interfaz: 2 botones<\/li>\n<\/ul>\n<p><strong><u>C\u00d3MO UTILIZAR:<\/u><\/strong><\/p>\n<ul>\n<li>Antes del primer uso, cargue su MIA\u2122 3 durante 2 horas.<\/li>\n<li>La interfaz de su MIA\u2122 3 puede estar bloqueada.<\/li>\n<li>Mantenga presionados los botones + y  durante 3 segundos.<\/li>\n<li>Pulse semibrevemente el bot\u00f3n \u201c+\u201c para encender.<\/li>\n<li>Haga doble clic en el bot\u00f3n \u201c+\u201d o \u201c-\u201d para cambiar entre 8 modos.<\/li>\n<li>Presione semibrevemente el bot\u00f3n \u201c-\u201d en el nivel 1 para apagar.<\/li>\n<li>Mantenga presionado el bot\u00f3n \u201d-\u201c en el otro niveles para apagar.<\/li>\n<\/ul>","protected":false},"excerpt":{"rendered":"<p>LELO &#8211; MIA 3 PERSONAL VIBRATOR PINK<\/p>","protected":false},"featured_media":57985,"comment_status":"open","ping_status":"closed","template":"","meta":{"_eb_attr":""},"product_brand":[],"product_cat":[1152,1159,1259],"product_tag":[],"class_list":{"0":"post-48964","1":"product","2":"type-product","3":"status-publish","4":"has-post-thumbnail","6":"product_cat-juguetes-bienestar","7":"product_cat-juguetes-bienestar-vibradores","8":"product_cat-juguetes-bienestar-vibradoresvibradores-lay-on-clitoris","9":"yith_product_brand-lelo","11":"first","12":"instock","13":"taxable","14":"shipping-taxable","15":"purchasable","16":"product-type-simple"},"_links":{"self":[{"href":"https:\/\/www.bananatreeshop.com\/pt\/wp-json\/wp\/v2\/product\/48964","targetHints":{"allow":["GET"]}}],"collection":[{"href":"https:\/\/www.bananatreeshop.com\/pt\/wp-json\/wp\/v2\/product"}],"about":[{"href":"https:\/\/www.bananatreeshop.com\/pt\/wp-json\/wp\/v2\/types\/product"}],"replies":[{"embeddable":true,"href":"https:\/\/www.bananatreeshop.com\/pt\/wp-json\/wp\/v2\/comments?post=48964"}],"wp:featuredmedia":[{"embeddable":true,"href":"https:\/\/www.bananatreeshop.com\/pt\/wp-json\/wp\/v2\/media\/57985"}],"wp:attachment":[{"href":"https:\/\/www.bananatreeshop.com\/pt\/wp-json\/wp\/v2\/media?parent=48964"}],"wp:term":[{"taxonomy":"product_brand","embeddable":true,"href":"https:\/\/www.bananatreeshop.com\/pt\/wp-json\/wp\/v2\/product_brand?post=48964"},{"taxonomy":"product_cat","embeddable":true,"href":"https:\/\/www.bananatreeshop.com\/pt\/wp-json\/wp\/v2\/product_cat?post=48964"},{"taxonomy":"product_tag","embeddable":true,"href":"https:\/\/www.bananatreeshop.com\/pt\/wp-json\/wp\/v2\/product_tag?post=48964"}],"curies":[{"name":"wp","href":"https:\/\/api.w.org\/{rel}","templated":true}]}}