{"id":49020,"date":"2025-07-09T11:00:50","date_gmt":"2025-07-09T11:00:50","guid":{"rendered":"https:\/\/www.bananatreeshop.com\/?post_type=product&#038;p=49020"},"modified":"2026-04-15T08:03:33","modified_gmt":"2026-04-15T08:03:33","slug":"lelo-siri-3-clitoris-massager-soft-pink","status":"publish","type":"product","link":"https:\/\/www.bananatreeshop.com\/pt\/produto\/lelo-siri-3-clitoris-massager-soft-pink\/","title":{"rendered":"LELO &#8211; SIRI 3 MASAJEADOR DE CLITORIS ROSA SUAVE"},"content":{"rendered":"<p><strong>SIRI\u2122 3 <\/strong>es un masajeador de cl\u00edtoris activado por sonido que responde a las frecuencias de la m\u00fasica en tiempo real y las transmite al cl\u00edtoris en forma de placenteras vibraciones gracias a la tecnolog\u00eda SoundSense\u2122. Cuenta con ocho potentes modos de placer y dos micr\u00f3fonos integrados que permiten que tanto el reconocimiento de sonido como la cancelaci\u00f3n de ruido sean precisos, eliminando as\u00ed el ruido ambiente no deseado.<\/p>\n<p>\u00a0<\/p>\n<p><strong><u>CARACTER\u00cdSTICAS:<\/u><\/strong><\/p>\n<ul>\n<li>Materiales: silicona biocompatible y pl\u00e1stico ABS<\/li>\n<li>Acabado: suave<\/li>\n<li>Tama\u00f1o: 96 x 45 x 34 mm<\/li>\n<li>Peso: 172 g<\/li>\n<li>Bater\u00eda: bater\u00eda de iones de litio de 420 mAh 3.7 V<\/li>\n<li>Carga: hasta 2 horas a 5.0 V 500 mA<\/li>\n<li>Potencia nominal: Entrada: 5 V 420mA 2.1 W<\/li>\n<li>Salida: 3.7 V 200mA 0,74 W<\/li>\n<li>Tiempo de uso: hasta 2\u00a0h<\/li>\n<li>En espera: 90 d\u00edas<\/li>\n<li>Frecuencia: 93 Hz<\/li>\n<li>Nivel m\u00e1x. de ruido: <60 dB<\/li>\n<li>Interfaz: 4 botones<\/li>\n<\/ul>\n<p>\u00a0<\/p>","protected":false},"excerpt":{"rendered":"<p>LELO &#8211; SIRI 3 CLITORIS MASSAGER SOFT PINK<\/p>","protected":false},"featured_media":57992,"comment_status":"open","ping_status":"closed","template":"","meta":{"_eb_attr":""},"product_brand":[],"product_cat":[1152,1159,1259],"product_tag":[],"class_list":{"0":"post-49020","1":"product","2":"type-product","3":"status-publish","4":"has-post-thumbnail","6":"product_cat-juguetes-bienestar","7":"product_cat-juguetes-bienestar-vibradores","8":"product_cat-juguetes-bienestar-vibradoresvibradores-lay-on-clitoris","9":"yith_product_brand-lelo","11":"first","12":"instock","13":"taxable","14":"shipping-taxable","15":"purchasable","16":"product-type-simple"},"_links":{"self":[{"href":"https:\/\/www.bananatreeshop.com\/pt\/wp-json\/wp\/v2\/product\/49020","targetHints":{"allow":["GET"]}}],"collection":[{"href":"https:\/\/www.bananatreeshop.com\/pt\/wp-json\/wp\/v2\/product"}],"about":[{"href":"https:\/\/www.bananatreeshop.com\/pt\/wp-json\/wp\/v2\/types\/product"}],"replies":[{"embeddable":true,"href":"https:\/\/www.bananatreeshop.com\/pt\/wp-json\/wp\/v2\/comments?post=49020"}],"wp:featuredmedia":[{"embeddable":true,"href":"https:\/\/www.bananatreeshop.com\/pt\/wp-json\/wp\/v2\/media\/57992"}],"wp:attachment":[{"href":"https:\/\/www.bananatreeshop.com\/pt\/wp-json\/wp\/v2\/media?parent=49020"}],"wp:term":[{"taxonomy":"product_brand","embeddable":true,"href":"https:\/\/www.bananatreeshop.com\/pt\/wp-json\/wp\/v2\/product_brand?post=49020"},{"taxonomy":"product_cat","embeddable":true,"href":"https:\/\/www.bananatreeshop.com\/pt\/wp-json\/wp\/v2\/product_cat?post=49020"},{"taxonomy":"product_tag","embeddable":true,"href":"https:\/\/www.bananatreeshop.com\/pt\/wp-json\/wp\/v2\/product_tag?post=49020"}],"curies":[{"name":"wp","href":"https:\/\/api.w.org\/{rel}","templated":true}]}}