{"id":49040,"date":"2025-07-09T11:00:57","date_gmt":"2025-07-09T11:00:57","guid":{"rendered":"https:\/\/www.bananatreeshop.com\/?post_type=product&#038;p=49040"},"modified":"2026-04-03T23:01:36","modified_gmt":"2026-04-03T23:01:36","slug":"satisfyer-exciterrr-lay-on-clitoris-berry-vibrator","status":"publish","type":"product","link":"https:\/\/www.bananatreeshop.com\/pt\/produto\/satisfyer-exciterrr-lay-on-clitoris-berry-vibrator\/","title":{"rendered":"SATISFYER &#8211; EXCITERRR VIBRADOR LAY-ON CL\u00cdTORIS FUCSIA"},"content":{"rendered":"<p>Exciterrr es un vibrador lay-on con un toque especial: Debajo de la suave superficie de silicona esconde una bola rodante que da un efecto extra de excitaci\u00f3n.<\/p>\n<p>Este dispositivo es perfecto para todo aquel que busque un extra de diversi\u00f3n. Este vibrador lay-on ofrece vibraciones y una bola firme que se mueve en c\u00edrculos debajo de la superficie de silicona para estimular las zonas er\u00f3genas. Dispositivo equipado con 10 programas de vibraci\u00f3n y 13 patrones de balanceo que pueden combinarse o usarse por separado para ofrecer versatilidad a tu momento de placer.<\/p>\n<p>La forma del Exciterrr permite una estimulaci\u00f3n amplia: Entrega tus labios a la vibraci\u00f3n mientras la bola gira alrededor del cl\u00edtoris. Su superficie hecha de silicona del dispositivo lo hace especialmente suave y agradable al tacto.<\/p>\n<p>El Exciterrr tiene un acabado impermeable (IPX7) para que te acompa\u00f1e bajo en agua.<\/p>\n<p>\u00dasalo en la ducha o la ba\u00f1era y prep\u00e1rate para un placer de otro planeta. Ya te has excitado?<\/p>\n<p>\u00a0<\/p>\n<p><u><strong>CARACTER\u00cdSTICAS<\/strong><\/u>:<\/p>\n<ul>\n<li><strong>Tipo<\/strong>: Vibrador lay-on<\/li>\n<li><strong>Elemento especial<\/strong>: Bola rodante debajo de la superficie de silicona<\/li>\n<li><strong>Material<\/strong>: Silicona suave y agradable al tacto<\/li>\n<li><strong>Modos de uso<\/strong>: Vibraciones + movimiento de la bola rodante<\/li>\n<li><strong>Programas de vibraci\u00f3n<\/strong>: 10<\/li>\n<li><strong>Patrones de balanceo<\/strong>: 13 (pueden combinarse o usarse por separado)<\/li>\n<li><strong>Zona de estimulaci\u00f3n<\/strong>: Estimulaci\u00f3n amplia, ideal para los labios y el cl\u00edtoris<\/li>\n<li><strong>Acabado<\/strong>: Impermeable (IPX7), apto para uso en ducha o ba\u00f1era<\/li>\n<li><strong>Uso<\/strong>: Dise\u00f1ado para proporcionar un extra de excitaci\u00f3n y versatilidad<\/li>\n<\/ul>","protected":false},"excerpt":{"rendered":"<p>SATISFYER &#8211; EXCITERRR LAY-ON CLITORIS BERRY VIBRATOR<\/p>","protected":false},"featured_media":58012,"comment_status":"open","ping_status":"closed","template":"","meta":{"_eb_attr":""},"product_brand":[],"product_cat":[1152,1159,1259],"product_tag":[],"class_list":{"0":"post-49040","1":"product","2":"type-product","3":"status-publish","4":"has-post-thumbnail","6":"product_cat-juguetes-bienestar","7":"product_cat-juguetes-bienestar-vibradores","8":"product_cat-juguetes-bienestar-vibradoresvibradores-lay-on-clitoris","9":"yith_product_brand-satisfyer","10":"yith_product_brand-satisfyer-satisfyer-vibrator","12":"first","13":"instock","14":"taxable","15":"shipping-taxable","16":"purchasable","17":"product-type-simple"},"_links":{"self":[{"href":"https:\/\/www.bananatreeshop.com\/pt\/wp-json\/wp\/v2\/product\/49040","targetHints":{"allow":["GET"]}}],"collection":[{"href":"https:\/\/www.bananatreeshop.com\/pt\/wp-json\/wp\/v2\/product"}],"about":[{"href":"https:\/\/www.bananatreeshop.com\/pt\/wp-json\/wp\/v2\/types\/product"}],"replies":[{"embeddable":true,"href":"https:\/\/www.bananatreeshop.com\/pt\/wp-json\/wp\/v2\/comments?post=49040"}],"wp:featuredmedia":[{"embeddable":true,"href":"https:\/\/www.bananatreeshop.com\/pt\/wp-json\/wp\/v2\/media\/58012"}],"wp:attachment":[{"href":"https:\/\/www.bananatreeshop.com\/pt\/wp-json\/wp\/v2\/media?parent=49040"}],"wp:term":[{"taxonomy":"product_brand","embeddable":true,"href":"https:\/\/www.bananatreeshop.com\/pt\/wp-json\/wp\/v2\/product_brand?post=49040"},{"taxonomy":"product_cat","embeddable":true,"href":"https:\/\/www.bananatreeshop.com\/pt\/wp-json\/wp\/v2\/product_cat?post=49040"},{"taxonomy":"product_tag","embeddable":true,"href":"https:\/\/www.bananatreeshop.com\/pt\/wp-json\/wp\/v2\/product_tag?post=49040"}],"curies":[{"name":"wp","href":"https:\/\/api.w.org\/{rel}","templated":true}]}}