{"id":49761,"date":"2025-07-12T00:00:13","date_gmt":"2025-07-12T00:00:13","guid":{"rendered":"https:\/\/www.bananatreeshop.com\/?post_type=product&#038;p=49761"},"modified":"2026-04-01T18:02:48","modified_gmt":"2026-04-01T18:02:48","slug":"secretplay-cock-lollipop-with-alcohol-gin-tonic","status":"publish","type":"product","link":"https:\/\/www.bananatreeshop.com\/pt\/produto\/secretplay-cock-lollipop-with-alcohol-gin-tonic\/","title":{"rendered":"SECRETPLAY &#8211; PIRULETA PENE GOMINOLA CON ALCOHOL GIN  TONIC"},"content":{"rendered":"<p>\u00d1am, \u00f1am, \u00f1am\u2026 os vais a poner las botas devorando esta piruleta de gin tonic\u00a0con alcohol y con forma de pene.<\/p>\n<p><u><strong>CARACTER\u00cdSTICAS:<\/strong><\/u><\/p>\n<ul>\n<li>100% comestible<\/li>\n<li>Sabor: gin tonic<\/li>\n<li>Peso: 26 gramos<\/li>\n<li>Contiene alcohol: 7,3%<\/li>\n<\/ul>","protected":false},"excerpt":{"rendered":"<p>SECRETPLAY &#8211; COCK LOLLIPOP WITH ALCOHOL GIN  TONIC<\/p>","protected":false},"featured_media":68699,"comment_status":"open","ping_status":"closed","template":"","meta":{"_eb_attr":""},"product_brand":[],"product_cat":[1195,1194,1334,1197,1336],"product_tag":[],"class_list":{"0":"post-49761","1":"product","2":"type-product","3":"status-publish","4":"has-post-thumbnail","6":"product_cat-articulos-variosarticulos-divertidos","7":"product_cat-articulos-varios","8":"product_cat-articulos-variosdulcescaramelos-divertidos","9":"product_cat-articulos-variosdulces","10":"product_cat-articulos-variosdulcesgolosinas-divertidas-con-alcohol","11":"yith_product_brand-secretplay","12":"yith_product_brand-secretplaysecretplay-cosmetic","14":"first","15":"instock","16":"taxable","17":"shipping-taxable","18":"purchasable","19":"product-type-simple"},"_links":{"self":[{"href":"https:\/\/www.bananatreeshop.com\/pt\/wp-json\/wp\/v2\/product\/49761","targetHints":{"allow":["GET"]}}],"collection":[{"href":"https:\/\/www.bananatreeshop.com\/pt\/wp-json\/wp\/v2\/product"}],"about":[{"href":"https:\/\/www.bananatreeshop.com\/pt\/wp-json\/wp\/v2\/types\/product"}],"replies":[{"embeddable":true,"href":"https:\/\/www.bananatreeshop.com\/pt\/wp-json\/wp\/v2\/comments?post=49761"}],"wp:featuredmedia":[{"embeddable":true,"href":"https:\/\/www.bananatreeshop.com\/pt\/wp-json\/wp\/v2\/media\/68699"}],"wp:attachment":[{"href":"https:\/\/www.bananatreeshop.com\/pt\/wp-json\/wp\/v2\/media?parent=49761"}],"wp:term":[{"taxonomy":"product_brand","embeddable":true,"href":"https:\/\/www.bananatreeshop.com\/pt\/wp-json\/wp\/v2\/product_brand?post=49761"},{"taxonomy":"product_cat","embeddable":true,"href":"https:\/\/www.bananatreeshop.com\/pt\/wp-json\/wp\/v2\/product_cat?post=49761"},{"taxonomy":"product_tag","embeddable":true,"href":"https:\/\/www.bananatreeshop.com\/pt\/wp-json\/wp\/v2\/product_tag?post=49761"}],"curies":[{"name":"wp","href":"https:\/\/api.w.org\/{rel}","templated":true}]}}