{"id":50134,"date":"2025-07-10T20:01:26","date_gmt":"2025-07-10T20:01:26","guid":{"rendered":"https:\/\/www.bananatreeshop.com\/?post_type=product&#038;p=50134"},"modified":"2026-04-17T14:04:47","modified_gmt":"2026-04-17T14:04:47","slug":"fetish-fantasy-series-body-dock-thruster-dildo-clamp-with-7-push-modes-black","status":"publish","type":"product","link":"https:\/\/www.bananatreeshop.com\/pt\/produto\/fetish-fantasy-series-body-dock-thruster-dildo-clamp-with-7-push-modes-black\/","title":{"rendered":"FETISH FANTASY SERIES &#8211; BODY DOCK THRUSTER SUJETA DILDOS CON 7 MODOS DE EMPUJE NEGRO"},"content":{"rendered":"<p>Descubre el potente <strong>Body Dock Thruster<\/strong> port\u00e1til, con una impresionante capacidad de empuje que te proporcionar\u00e1 sensaciones poderosas que sacudir\u00e1n tu mundo.<\/p>\n<p>Con 7 modos de empuje, puedes personalizar tu experiencia para obtener exactamente lo que deseas, ya sea que busques pulsaciones suaves o empujes intensos y r\u00e1pidos.<\/p>\n<p>\u00a1El Body Dock Thruster funciona con la mayor\u00eda de los consoladores del mercado hoy en d\u00eda! La placa de acoplamiento de 3.4 pulgadas cuenta con un dise\u00f1o patentado de Push  Play, que te permite colocar f\u00e1cilmente tu accesorio de ventosa favorito antes de empezar.<\/p>\n<p>\u00a1Es hora de empujar, jugar y empujar con el vers\u00e1til Body Dock Thruster!<\/p>\n<p>\u00a0<\/p>\n<p><u><strong>CARACTER\u00cdSTICAS<\/strong><\/u>:<\/p>\n<p>\u00a0<\/p>\n<ul>\n<li>Dimensiones del producto: 24.9 x 9.7 cm<\/li>\n<li>Longitud total: 24.9 cm<\/li>\n<li>Di\u00e1metro: 8.6 cm<\/li>\n<li>Resistencia al agua: No<\/li>\n<li>Material: Pl\u00e1stico ABS  Silicona<\/li>\n<li>Recargable: Si<\/li>\n<li>Pilas: Lithium Ion<\/li>\n<li>Tiempo de funcionamiento en minutos: 70<\/li>\n<li>Tiempo de carga en minutos: 100<br \/>\u00a0<\/li>\n<\/ul>","protected":false},"excerpt":{"rendered":"<p>FETISH FANTASY SERIES &#8211; BODY DOCK THRUSTER DILDO CLAMP WITH 7 PUSH MODES BLACK<\/p>","protected":false},"featured_media":64960,"comment_status":"open","ping_status":"closed","template":"","meta":{"_eb_attr":""},"product_brand":[],"product_cat":[1152,1153,1240],"product_tag":[],"class_list":{"0":"post-50134","1":"product","2":"type-product","3":"status-publish","4":"has-post-thumbnail","6":"product_cat-juguetes-bienestar","7":"product_cat-juguetes-bienestar-juguetes-para-mujeres","8":"product_cat-juguetes-bienestar-kits-juguetes-sexuales","9":"yith_product_brand-pipedreamsfetish-fantasy-series","10":"yith_product_brand-pipedreams","12":"first","13":"instock","14":"taxable","15":"shipping-taxable","16":"purchasable","17":"product-type-simple"},"_links":{"self":[{"href":"https:\/\/www.bananatreeshop.com\/pt\/wp-json\/wp\/v2\/product\/50134","targetHints":{"allow":["GET"]}}],"collection":[{"href":"https:\/\/www.bananatreeshop.com\/pt\/wp-json\/wp\/v2\/product"}],"about":[{"href":"https:\/\/www.bananatreeshop.com\/pt\/wp-json\/wp\/v2\/types\/product"}],"replies":[{"embeddable":true,"href":"https:\/\/www.bananatreeshop.com\/pt\/wp-json\/wp\/v2\/comments?post=50134"}],"wp:featuredmedia":[{"embeddable":true,"href":"https:\/\/www.bananatreeshop.com\/pt\/wp-json\/wp\/v2\/media\/64960"}],"wp:attachment":[{"href":"https:\/\/www.bananatreeshop.com\/pt\/wp-json\/wp\/v2\/media?parent=50134"}],"wp:term":[{"taxonomy":"product_brand","embeddable":true,"href":"https:\/\/www.bananatreeshop.com\/pt\/wp-json\/wp\/v2\/product_brand?post=50134"},{"taxonomy":"product_cat","embeddable":true,"href":"https:\/\/www.bananatreeshop.com\/pt\/wp-json\/wp\/v2\/product_cat?post=50134"},{"taxonomy":"product_tag","embeddable":true,"href":"https:\/\/www.bananatreeshop.com\/pt\/wp-json\/wp\/v2\/product_tag?post=50134"}],"curies":[{"name":"wp","href":"https:\/\/api.w.org\/{rel}","templated":true}]}}