{"id":50299,"date":"2025-07-16T04:02:00","date_gmt":"2025-07-16T04:02:00","guid":{"rendered":"https:\/\/www.bananatreeshop.com\/?post_type=product&#038;p=50299"},"modified":"2026-04-03T17:04:11","modified_gmt":"2026-04-03T17:04:11","slug":"chilirose-cr-4336-mini-dress-black-s-m","status":"publish","type":"product","link":"https:\/\/www.bananatreeshop.com\/pt\/produto\/chilirose-cr-4336-mini-dress-black-s-m\/","title":{"rendered":"CHILIROSE &#8211; CR 4336 MINIVESTIDO NEGRO S\/M"},"content":{"rendered":"<p>Atr\u00e9vete a destacar con nuestro <strong>CR 4336<\/strong>, una pieza esencial para cualquier guardarropa. Este mini\u00a0vestido est\u00e1 confeccionado en un material ultra suave y el\u00e1stico que abraza tu figura de manera perfecta, ofreciendo un ajuste c\u00f3modo y favorecedor. Su dise\u00f1o sin costuras no solo garantiza una sensaci\u00f3n ligera y sin rozaduras, sino que tambi\u00e9n crea una silueta impecable y estilizada, perfecta para cualquier ocasi\u00f3n en la que quieras brillar.<\/p>\n<p>El cl\u00e1sico color negro le otorga un toque de elegancia atemporal, haci\u00e9ndolo vers\u00e1til para todo tipo de eventos, desde una salida nocturna hasta una ocasi\u00f3n m\u00e1s casual con un toque chic. Adem\u00e1s, el vestido incluye unas medias a juego, dise\u00f1adas para complementar tu estilo y realzar a\u00fan m\u00e1s tu look.<\/p>\n<p>Disponible en talla S\/M, este conjunto est\u00e1 pensado para adaptarse a diferentes tipos de cuerpo, garantizando un ajuste perfecto y comodidad durante todo el d\u00eda o la noche. Es la elecci\u00f3n ideal para quienes buscan un look sofisticado, pero sin sacrificar la comodidad.<\/p>\n<p>S\u00e9 el centro de atenci\u00f3n con este mini vestido que combina sencillez, estilo y sensualidad en una sola prenda.<\/p>\n<p>\u00a0<\/p>\n<p>La marca <strong>CHILIROSE <\/strong>fue creada en 2008 y nuestra misi\u00f3n es ofrecer lencer\u00eda sensual y excitante a nuestros clientes a un precio competitivo. Ahora, en 2022, despu\u00e9s de 14 a\u00f1os, somos una de las principales empresas de lencer\u00eda ex\u00f3tica y tenemos una gran colecci\u00f3n de ropa de dormir, vestidos, batas, cors\u00e9s, vestidos, ropa de discoteca y m\u00e1s. Nuestro estricto control de calidad garantiza a nuestros clientes la plena satisfacci\u00f3n y hace que vender sea un placer. Cuidamos especialmente la selecci\u00f3n de nuestros materiales y la mano de obra. Ofrecemos muchos estilos nuevos y fant\u00e1sticos con regularidad y esperamos sorprenderlo positivamente cada vez.<\/p>\n<p>\u00a0<\/p>\n<table border=\"1\" cellpadding=\"0\" cellspacing=\"0\" width=\"832\">\n<tbody>\n<tr 1px=\"\" height=\"23\" solid=\"\" style=\"border:\">\n<td 1px=\"\" border:=\"\" class=\"xl72\" colspan=\"8\" height=\"23\" solid=\"\" style=\"text-align:\" width=\"832\"><b>GU\u00cdA DE TALLAS<\/b><\/td>\n<\/tr>\n<tr 1px=\"\" height=\"23\" solid=\"\" style=\"border:\">\n<td 1px=\"\" border:=\"\" class=\"xl73\" colspan=\"2\" height=\"23\" solid=\"\" style=\"text-align:\"><strong>TALLA<\/strong><\/td>\n<td 1px=\"\" border:=\"\" class=\"xl71\" solid=\"\" style=\"text-align:\" width=\"104\"><strong>S<\/strong><\/td>\n<td 1px=\"\" border:=\"\" class=\"xl71\" solid=\"\" style=\"text-align:\" width=\"104\"><strong>M<\/strong><\/td>\n<td 1px=\"\" border:=\"\" class=\"xl71\" solid=\"\" style=\"text-align:\" width=\"104\"><strong>L<\/strong><\/td>\n<td 1px=\"\" border:=\"\" class=\"xl71\" solid=\"\" style=\"text-align:\" width=\"104\"><strong>XL<\/strong><\/td>\n<td 1px=\"\" border:=\"\" class=\"xl71\" solid=\"\" style=\"text-align:\" width=\"104\"><strong>XXL<\/strong><\/td>\n<td 1px=\"\" border:=\"\" class=\"xl71\" solid=\"\" style=\"text-align:\" width=\"104\"><strong>S\/M\u00a0 \u00a0 L\/XL<\/strong><\/td>\n<\/tr>\n<tr>\n<td 1px=\"\" border:=\"\" class=\"xl74\" colspan=\"2\" height=\"23\" solid=\"\" style=\"text-align:\" width=\"208\"><strong>Pecho cm<\/strong><\/td>\n<td 1px=\"\" border:=\"\" class=\"xl72\" solid=\"\" style=\"text-align:\" width=\"104\">85-89<\/td>\n<td 1px=\"\" border:=\"\" class=\"xl72\" solid=\"\" style=\"text-align:\" width=\"104\">90-94<\/td>\n<td 1px=\"\" border:=\"\" class=\"xl71\" solid=\"\" style=\"text-align:\" width=\"104\">95-99<\/td>\n<td 1px=\"\" border:=\"\" class=\"xl71\" solid=\"\" style=\"text-align:\" width=\"104\">100-104<\/td>\n<td 1px=\"\" border:=\"\" class=\"xl71\" solid=\"\" style=\"text-align:\" width=\"104\">105-109<\/td>\n<td 1px=\"\" border:=\"\" class=\"xl71\" solid=\"\" style=\"text-align:\" width=\"104\">85-94  95-104<\/td>\n<\/tr>\n<tr>\n<td 1px=\"\" border:=\"\" class=\"xl74\" colspan=\"2\" height=\"23\" solid=\"\" style=\"text-align:\" width=\"208\"><strong>Bajo pecho cm<\/strong><\/td>\n<td 1px=\"\" border:=\"\" class=\"xl72\" solid=\"\" style=\"text-align:\" width=\"104\"><span -webkit-text-stroke-width:=\"background-color:=\" display:=\"float:=\" font-family:=\"\" font-size:=\"font-style:=\" font-variant-caps:=\"font-variant-ligatures:=\" font-weight:=\"inline=\" letter-spacing:=\"orphans:=\" style=\"color:\" text-align:=\"text-decoration-color:=\" text-decoration-style:=\"text-decoration-thickness:=\" text-indent:=\"text-transform:=\" trebuchet=\"white-space:=\" widows:=\"word-spacing:=\">69-72<\/span><\/td>\n<td 1px=\"\" border:=\"\" class=\"xl72\" solid=\"\" style=\"text-align:\" width=\"104\"><span -webkit-text-stroke-width:=\"background-color:=\" display:=\"float:=\" font-family:=\"\" font-size:=\"font-style:=\" font-variant-caps:=\"font-variant-ligatures:=\" font-weight:=\"inline=\" letter-spacing:=\"orphans:=\" style=\"color:\" text-align:=\"text-decoration-color:=\" text-decoration-style:=\"text-decoration-thickness:=\" text-indent:=\"text-transform:=\" trebuchet=\"white-space:=\" widows:=\"word-spacing:=\">73-77<\/span><\/td>\n<td 1px=\"\" border:=\"\" class=\"xl71\" solid=\"\" style=\"text-align:\" width=\"104\"><span -webkit-text-stroke-width:=\"background-color:=\" display:=\"float:=\" font-family:=\"\" font-size:=\"font-style:=\" font-variant-caps:=\"font-variant-ligatures:=\" font-weight:=\"inline=\" letter-spacing:=\"orphans:=\" style=\"color:\" text-align:=\"text-decoration-color:=\" text-decoration-style:=\"text-decoration-thickness:=\" text-indent:=\"text-transform:=\" trebuchet=\"white-space:=\" widows:=\"word-spacing:=\">78-81<\/span><\/td>\n<td 1px=\"\" border:=\"\" class=\"xl71\" solid=\"\" style=\"text-align:\" width=\"104\"><span -webkit-text-stroke-width:=\"background-color:=\" display:=\"float:=\" font-family:=\"\" font-size:=\"font-style:=\" font-variant-caps:=\"font-variant-ligatures:=\" font-weight:=\"inline=\" letter-spacing:=\"orphans:=\" style=\"color:\" text-align:=\"text-decoration-color:=\" text-decoration-style:=\"text-decoration-thickness:=\" text-indent:=\"text-transform:=\" trebuchet=\"white-space:=\" widows:=\"word-spacing:=\">82-86<\/span><\/td>\n<td 1px=\"\" border:=\"\" class=\"xl71\" solid=\"\" style=\"text-align:\" width=\"104\"><span -webkit-text-stroke-width:=\"background-color:=\" display:=\"float:=\" font-family:=\"\" font-size:=\"font-style:=\" font-variant-caps:=\"font-variant-ligatures:=\" font-weight:=\"inline=\" letter-spacing:=\"orphans:=\" style=\"color:\" text-align:=\"text-decoration-color:=\" text-decoration-style:=\"text-decoration-thickness:=\" text-indent:=\"text-transform:=\" trebuchet=\"white-space:=\" widows:=\"word-spacing:=\">87-90<\/span><\/td>\n<td 1px=\"\" border:=\"\" class=\"xl71\" solid=\"\" style=\"text-align:\" width=\"104\"><span -webkit-text-stroke-width:=\"background-color:=\" display:=\"float:=\" font-family:=\"\" font-size:=\"font-style:=\" font-variant-caps:=\"font-variant-ligatures:=\" font-weight:=\"inline=\" letter-spacing:=\"orphans:=\" style=\"color:\" text-align:=\"text-decoration-color:=\" text-decoration-style:=\"text-decoration-thickness:=\" text-indent:=\"text-transform:=\" trebuchet=\"white-space:=\" widows:=\"word-spacing:=\">69-77\u00a0 \u00a0 78-86<\/span><\/td>\n<\/tr>\n<tr 1px=\"\" height=\"23\" solid=\"\" style=\"border:\">\n<td 1px=\"\" border:=\"\" class=\"xl74\" colspan=\"2\" height=\"23\" solid=\"\" style=\"text-align:\" width=\"208\"><strong>Cintura cm<\/strong><\/td>\n<td 1px=\"\" border:=\"\" class=\"xl72\" solid=\"\" style=\"text-align:\" width=\"104\">68-72<\/td>\n<td 1px=\"\" border:=\"\" class=\"xl72\" solid=\"\" style=\"text-align:\" width=\"104\">73-77<\/td>\n<td 1px=\"\" border:=\"\" class=\"xl71\" solid=\"\" style=\"text-align:\" width=\"104\">78-82<\/td>\n<td 1px=\"\" border:=\"\" class=\"xl71\" solid=\"\" style=\"text-align:\" width=\"104\">83-87<\/td>\n<td 1px=\"\" border:=\"\" class=\"xl71\" solid=\"\" style=\"text-align:\" width=\"104\">88-93<\/td>\n<td 1px=\"\" border:=\"\" class=\"xl71\" solid=\"\" style=\"text-align:\" width=\"104\">68-77\u00a0 \u00a0 78-87<\/td>\n<\/tr>\n<tr 1px=\"\" height=\"23\" solid=\"\" style=\"border:\">\n<td 1px=\"\" border:=\"\" class=\"xl74\" colspan=\"2\" height=\"23\" solid=\"\" style=\"text-align:\" width=\"208\"><strong>Caderas cm<\/strong><\/td>\n<td 1px=\"\" border:=\"\" class=\"xl72\" solid=\"\" style=\"text-align:\" width=\"104\">90-94<\/td>\n<td 1px=\"\" border:=\"\" class=\"xl72\" solid=\"\" style=\"text-align:\" width=\"104\">95-100<\/td>\n<td 1px=\"\" border:=\"\" class=\"xl71\" solid=\"\" style=\"text-align:\" width=\"104\">101-105<\/td>\n<td 1px=\"\" border:=\"\" class=\"xl71\" solid=\"\" style=\"text-align:\" width=\"104\">106-111<\/td>\n<td 1px=\"\" border:=\"\" class=\"xl71\" solid=\"\" style=\"text-align:\" width=\"104\">112-116<\/td>\n<td 1px=\"\" border:=\"\" class=\"xl71\" solid=\"\" style=\"text-align:\" width=\"104\">90-100  101-111<\/td>\n<\/tr>\n<\/tbody>\n<\/table>\n<p>\u00a0<\/p>","protected":false},"excerpt":{"rendered":"<p>CHILIROSE &#8211; CR 4336 MINI DRESS BLACK S\/M<\/p>","protected":false},"featured_media":82910,"comment_status":"open","ping_status":"closed","template":"","meta":{"_eb_attr":""},"product_brand":[],"product_cat":[1225,1386,1191,1411],"product_tag":[],"class_list":{"0":"post-50299","1":"product","2":"type-product","3":"status-publish","4":"has-post-thumbnail","6":"product_cat-moda-lencerialenceria-mujer","7":"product_cat-moda-lencerialenceria-mujerlenceria-picante","8":"product_cat-moda-lenceria","9":"product_cat-moda-lencerialenceria-mujerlenceria-picantevestidos-sexys","10":"yith_product_brand-chilirose","11":"yith_product_brand-chilirosechilirose-dresses","13":"first","14":"instock","15":"taxable","16":"shipping-taxable","17":"purchasable","18":"product-type-simple"},"_links":{"self":[{"href":"https:\/\/www.bananatreeshop.com\/pt\/wp-json\/wp\/v2\/product\/50299","targetHints":{"allow":["GET"]}}],"collection":[{"href":"https:\/\/www.bananatreeshop.com\/pt\/wp-json\/wp\/v2\/product"}],"about":[{"href":"https:\/\/www.bananatreeshop.com\/pt\/wp-json\/wp\/v2\/types\/product"}],"replies":[{"embeddable":true,"href":"https:\/\/www.bananatreeshop.com\/pt\/wp-json\/wp\/v2\/comments?post=50299"}],"wp:featuredmedia":[{"embeddable":true,"href":"https:\/\/www.bananatreeshop.com\/pt\/wp-json\/wp\/v2\/media\/82910"}],"wp:attachment":[{"href":"https:\/\/www.bananatreeshop.com\/pt\/wp-json\/wp\/v2\/media?parent=50299"}],"wp:term":[{"taxonomy":"product_brand","embeddable":true,"href":"https:\/\/www.bananatreeshop.com\/pt\/wp-json\/wp\/v2\/product_brand?post=50299"},{"taxonomy":"product_cat","embeddable":true,"href":"https:\/\/www.bananatreeshop.com\/pt\/wp-json\/wp\/v2\/product_cat?post=50299"},{"taxonomy":"product_tag","embeddable":true,"href":"https:\/\/www.bananatreeshop.com\/pt\/wp-json\/wp\/v2\/product_tag?post=50299"}],"curies":[{"name":"wp","href":"https:\/\/api.w.org\/{rel}","templated":true}]}}