{"id":50338,"date":"2025-07-16T05:00:38","date_gmt":"2025-07-16T05:00:38","guid":{"rendered":"https:\/\/www.bananatreeshop.com\/?post_type=product&#038;p=50338"},"modified":"2026-04-03T17:05:04","modified_gmt":"2026-04-03T17:05:04","slug":"passion-bs-105-bodystocking-black-one-size","status":"publish","type":"product","link":"https:\/\/www.bananatreeshop.com\/pt\/produto\/passion-bs-105-bodystocking-black-one-size\/","title":{"rendered":"PASSION &#8211; BS 105 BODYSTOCKING NEGRO TALLA \u00daNICA"},"content":{"rendered":"<p>El bodystocking de la prestigiosa marca <strong>PASSION <\/strong>es una obra maestra de la sensualidad con un dise\u00f1o espectacularmente sexy que se adapta al cuerpo en talla \u00fanica. Este atuendo se distingue por su impresionante estampado, que a\u00f1ade un toque de intriga y pasi\u00f3n a tu estilo.<\/p>\n<p>Adem\u00e1s de su atractivo dise\u00f1o, el bodystocking est\u00e1 confeccionado con un material resistente de alta calidad que asegura su durabilidad y resistencia.<\/p>\n<p>Con el bodystocking <strong>PASSION<\/strong>, estar\u00e1s lista para cautivar y sorprender en cualquier momento y lugar, llevando tu sensualidad a un nivel completamente nuevo.<\/p>\n<ul>\n<li>Sensual mini-vestido en cuerpo de red<\/li>\n<li>Sexys encajes y transparencias\u00a0<\/li>\n<li>Espectacular dise\u00f1o\u00a0<\/li>\n<li>Material el\u00e1stico. Se adapta al cuerpo<\/li>\n<li>Composici\u00f3n: 80% poliamida \/ 20% el\u00e1stano\u00a0<\/li>\n<li>Talla \u00danica<\/li>\n<li>Colores: Negro, rojo y blanco<\/li>\n<\/ul>\n<p>\u00a0<\/p>\n<p><strong>PASSION\u00a0<\/strong><span style=\"line-height:\">es lenceria fabricada en la Union Europea con estrictos controles de calidad, cuidando el maximo detalle tanto en la fabricacion como en sus elementos decorativos, pensado para el mundo actual, personas dinamicas con ganas de innovar y sentirse siempre al dia.<\/span><\/p>","protected":false},"excerpt":{"rendered":"<p>PASSION &#8211; BS 105 BODYSTOCKING BLACK ONE SIZE<\/p>","protected":false},"featured_media":82979,"comment_status":"open","ping_status":"closed","template":"","meta":{"_eb_attr":""},"product_brand":[],"product_cat":[1408,1225,1386,1191],"product_tag":[],"class_list":{"0":"post-50338","1":"product","2":"type-product","3":"status-publish","4":"has-post-thumbnail","6":"product_cat-moda-lencerialenceria-mujerlenceria-picantebodystocking","7":"product_cat-moda-lencerialenceria-mujer","8":"product_cat-moda-lencerialenceria-mujerlenceria-picante","9":"product_cat-moda-lenceria","10":"yith_product_brand-passion","11":"yith_product_brand-passionpassion-woman","12":"yith_product_brand-passionpassion-womanpassion-woman-bodystockings","14":"first","15":"instock","16":"taxable","17":"shipping-taxable","18":"purchasable","19":"product-type-simple"},"_links":{"self":[{"href":"https:\/\/www.bananatreeshop.com\/pt\/wp-json\/wp\/v2\/product\/50338","targetHints":{"allow":["GET"]}}],"collection":[{"href":"https:\/\/www.bananatreeshop.com\/pt\/wp-json\/wp\/v2\/product"}],"about":[{"href":"https:\/\/www.bananatreeshop.com\/pt\/wp-json\/wp\/v2\/types\/product"}],"replies":[{"embeddable":true,"href":"https:\/\/www.bananatreeshop.com\/pt\/wp-json\/wp\/v2\/comments?post=50338"}],"wp:featuredmedia":[{"embeddable":true,"href":"https:\/\/www.bananatreeshop.com\/pt\/wp-json\/wp\/v2\/media\/82979"}],"wp:attachment":[{"href":"https:\/\/www.bananatreeshop.com\/pt\/wp-json\/wp\/v2\/media?parent=50338"}],"wp:term":[{"taxonomy":"product_brand","embeddable":true,"href":"https:\/\/www.bananatreeshop.com\/pt\/wp-json\/wp\/v2\/product_brand?post=50338"},{"taxonomy":"product_cat","embeddable":true,"href":"https:\/\/www.bananatreeshop.com\/pt\/wp-json\/wp\/v2\/product_cat?post=50338"},{"taxonomy":"product_tag","embeddable":true,"href":"https:\/\/www.bananatreeshop.com\/pt\/wp-json\/wp\/v2\/product_tag?post=50338"}],"curies":[{"name":"wp","href":"https:\/\/api.w.org\/{rel}","templated":true}]}}