{"id":50531,"date":"2025-07-09T11:01:41","date_gmt":"2025-07-09T11:01:41","guid":{"rendered":"https:\/\/www.bananatreeshop.com\/?post_type=product&#038;p=50531"},"modified":"2026-04-14T03:27:37","modified_gmt":"2026-04-14T03:27:37","slug":"lelo-liv-3-g-spot-stimulator-pink","status":"publish","type":"product","link":"https:\/\/www.bananatreeshop.com\/pt\/produto\/lelo-liv-3-g-spot-stimulator-pink\/","title":{"rendered":"LELO &#8211;  LIV\u2122 3 ESTIMULADOR PUNTO G ROSA"},"content":{"rendered":"<p>Estamos encantados de presentar <strong>LIV\u2122 3,<\/strong> nuestro \u00faltimo vibrador para el punto G que complementa perfectamente el cuerpo y est\u00e1 dise\u00f1ado para mejorar el viaje de amor propio de sus clientes. Con su dise\u00f1o refinado y opciones de placer personalizadas a trav\u00e9s de la aplicaci\u00f3n<strong> LELO, LIV\u2122<\/strong> 3 seguramente llamar\u00e1 su atenci\u00f3n.<\/p>\n<p>Elegantemente revestido de silicona ultra suave para una comodidad absoluta,<strong> LIV\u2122 3<\/strong> se adapta perfectamente a todas las anatom\u00edas, brindando un f\u00e1cil acceso a una potente estimulaci\u00f3n del punto G. Con ocho configuraciones \u00fanicas y una forma redise\u00f1ada, este vibrador brinda masajes profundos y precisos para una liberaci\u00f3n org\u00e1smica profunda. Conectar su<strong> LIV\u2122 3<\/strong> a la aplicaci\u00f3n LELO a trav\u00e9s de Bluetooth desbloquea dos modos adicionales, ofreciendo una experiencia mejorada y personalizable adaptada a sus preferencias.<\/p>\n<p>El producto est\u00e1 configurado con un tiempo predeterminado de apagado autom\u00e1tico de 20 minutos, el cual puede ser ajustado f\u00e1cilmente a trav\u00e9s de la aplicaci\u00f3n.<\/p>\n<p><u><strong>Caracteristicas:<\/strong><\/u><\/p>\n<ul>\n<li><strong>Materiales<\/strong>: silicona biocompatible y pl\u00e1stico ABS<\/li>\n<li><strong>Acabado<\/strong>: suave<\/li>\n<li><strong>Tama\u00f1o<\/strong>: 169 x 35 x 42 mm<\/li>\n<li><strong>Longitud insertable<\/strong>: 100 mm<\/li>\n<li><strong>Peso<\/strong>: 93 g<\/li>\n<li><strong>Bater\u00eda<\/strong>: Li-ion 420 mAh 3.7 V<\/li>\n<li><strong>Carga<\/strong>: hasta 2 h a 5 V 420 mA<\/li>\n<li><strong>Potencia nominal<\/strong>:<\/li>\n<\/ul>\n<ol>\n<li>\u2022 Entrada: 5 V 420 mA 2.1 W<\/li>\n<li>\u2022 Salida: 3.7 V 600 mA 2.22 W<\/li>\n<\/ol>\n<ul>\n<li><strong>Tiempo de uso<\/strong>: hasta 2 h<\/li>\n<\/ul>\n<ol>\n<li>En espera: 90 d\u00edas<\/li>\n<li>Frecuencia: 100 Hz<\/li>\n<\/ol>\n<ul>\n<li><strong>Nivel m\u00e1x. de ruido:<\/strong> <60 dB<\/li>\n<li><strong>Interfaz<\/strong>: 3 botones<\/li>\n<\/ul>","protected":false},"excerpt":{"rendered":"<p>LELO &#8211; LIV\u2122 3 G-SPOT STIMULATOR PINK<\/p>","protected":false},"featured_media":58134,"comment_status":"open","ping_status":"closed","template":"","meta":{"_eb_attr":""},"product_brand":[],"product_cat":[1152,1159,1231],"product_tag":[],"class_list":{"0":"post-50531","1":"product","2":"type-product","3":"status-publish","4":"has-post-thumbnail","6":"product_cat-juguetes-bienestar","7":"product_cat-juguetes-bienestar-vibradores","8":"product_cat-juguetes-bienestar-vibradoresvibradores-punto-g","9":"yith_product_brand-lelo","11":"first","12":"instock","13":"taxable","14":"shipping-taxable","15":"purchasable","16":"product-type-simple"},"_links":{"self":[{"href":"https:\/\/www.bananatreeshop.com\/pt\/wp-json\/wp\/v2\/product\/50531","targetHints":{"allow":["GET"]}}],"collection":[{"href":"https:\/\/www.bananatreeshop.com\/pt\/wp-json\/wp\/v2\/product"}],"about":[{"href":"https:\/\/www.bananatreeshop.com\/pt\/wp-json\/wp\/v2\/types\/product"}],"replies":[{"embeddable":true,"href":"https:\/\/www.bananatreeshop.com\/pt\/wp-json\/wp\/v2\/comments?post=50531"}],"wp:featuredmedia":[{"embeddable":true,"href":"https:\/\/www.bananatreeshop.com\/pt\/wp-json\/wp\/v2\/media\/58134"}],"wp:attachment":[{"href":"https:\/\/www.bananatreeshop.com\/pt\/wp-json\/wp\/v2\/media?parent=50531"}],"wp:term":[{"taxonomy":"product_brand","embeddable":true,"href":"https:\/\/www.bananatreeshop.com\/pt\/wp-json\/wp\/v2\/product_brand?post=50531"},{"taxonomy":"product_cat","embeddable":true,"href":"https:\/\/www.bananatreeshop.com\/pt\/wp-json\/wp\/v2\/product_cat?post=50531"},{"taxonomy":"product_tag","embeddable":true,"href":"https:\/\/www.bananatreeshop.com\/pt\/wp-json\/wp\/v2\/product_tag?post=50531"}],"curies":[{"name":"wp","href":"https:\/\/api.w.org\/{rel}","templated":true}]}}