{"id":50537,"date":"2025-07-18T15:01:35","date_gmt":"2025-07-18T15:01:35","guid":{"rendered":"https:\/\/www.bananatreeshop.com\/?post_type=product&#038;p=50537"},"modified":"2026-04-15T20:53:38","modified_gmt":"2026-04-15T20:53:38","slug":"adrien-lastic-venus-double-clitoris-g-spot-stimulator-free-app-pink","status":"publish","type":"product","link":"https:\/\/www.bananatreeshop.com\/pt\/produto\/adrien-lastic-venus-double-clitoris-g-spot-stimulator-free-app-pink\/","title":{"rendered":"ADRIEN LASTIC &#8211; VENUS DOBLE ESTIMULADOR CL\u00cdTORIS  PUNTO-G APP GRATUITA ROSA"},"content":{"rendered":"<p><strong>Venus <\/strong><\/p>\n<p>Es el aliado perfecto para quienes buscan explorar nuevas dimensiones de placer. Este sofisticado estimulador est\u00e1 dise\u00f1ado para brindar una experiencia incomparable, combinando innovaci\u00f3n, elegancia y comodidad en un solo producto. Su suave color rosa a\u00f1ade un toque de feminidad y estilo, mientras que su dise\u00f1o novedoso y atractivo asegura que se integre a la perfecci\u00f3n en cualquier momento de intimidad.<\/p>\n<p>Con doble funci\u00f3n, Venus est\u00e1 especialmente dise\u00f1ado para estimular tanto el cl\u00edtoris como el punto G, ofreciendo una experiencia sensorial completa. Sus potentes pero silenciosas vibraciones te permitir\u00e1n disfrutar de diferentes intensidades, adapt\u00e1ndose a cada necesidad y cada momento. Gracias a su tecnolog\u00eda avanzada, no solo tendr\u00e1s el control en la palma de tu mano, sino tambi\u00e9n en tu smartphone, ya que incluye una aplicaci\u00f3n gratuita que te permite ajustar y personalizar las vibraciones de manera remota.<\/p>\n<p>Esta app es intuitiva y f\u00e1cil de usar, permitiendo que t\u00fa o tu pareja puedan controlar a distancia los diferentes modos de vibraci\u00f3n, creando un juego de anticipaci\u00f3n y placer sin l\u00edmites. Venus es ideal para quienes desean disfrutar en solitario, pero tambi\u00e9n para a\u00f1adir un toque interactivo en la relaci\u00f3n de pareja, sin importar si est\u00e1is en la misma habitaci\u00f3n o separados por kil\u00f3metros.<\/p>\n<p>Adem\u00e1s de su tecnolog\u00eda, el dise\u00f1o de Venus ha sido cuidadosamente pensado para adaptarse perfectamente a las curvas del cuerpo, con un material suave y seguro para la piel, que ofrece una sensaci\u00f3n placentera desde el primer contacto. Su estructura ergon\u00f3mica garantiza comodidad y precisi\u00f3n, haciendo que cada uso sea una experiencia \u00fanica e inolvidable.<\/p>\n<p>Si buscas un producto que combine lujo, tecnolog\u00eda y funcionalidad, Venus es la elecci\u00f3n perfecta para elevar tus momentos de placer a otro nivel. Descubre un nuevo mundo de sensaciones, donde el control est\u00e1 en tus manos.<\/p>","protected":false},"excerpt":{"rendered":"<p>ADRIEN LASTIC &#8211; VENUS DOUBLE CLITORIS  G-SPOT STIMULATOR FREE APP PINK<\/p>","protected":false},"featured_media":89293,"comment_status":"open","ping_status":"closed","template":"","meta":{"_eb_attr":""},"product_brand":[],"product_cat":[1448,1159],"product_tag":[],"class_list":{"0":"post-50537","1":"product","2":"type-product","3":"status-publish","4":"has-post-thumbnail","6":"product_cat-juguetes-bienestar-vibradoresvibrador-parejas-u","7":"product_cat-juguetes-bienestar-vibradores","8":"yith_product_brand-adrien-lastic","10":"first","11":"instock","12":"taxable","13":"shipping-taxable","14":"purchasable","15":"product-type-simple"},"_links":{"self":[{"href":"https:\/\/www.bananatreeshop.com\/pt\/wp-json\/wp\/v2\/product\/50537","targetHints":{"allow":["GET"]}}],"collection":[{"href":"https:\/\/www.bananatreeshop.com\/pt\/wp-json\/wp\/v2\/product"}],"about":[{"href":"https:\/\/www.bananatreeshop.com\/pt\/wp-json\/wp\/v2\/types\/product"}],"replies":[{"embeddable":true,"href":"https:\/\/www.bananatreeshop.com\/pt\/wp-json\/wp\/v2\/comments?post=50537"}],"wp:featuredmedia":[{"embeddable":true,"href":"https:\/\/www.bananatreeshop.com\/pt\/wp-json\/wp\/v2\/media\/89293"}],"wp:attachment":[{"href":"https:\/\/www.bananatreeshop.com\/pt\/wp-json\/wp\/v2\/media?parent=50537"}],"wp:term":[{"taxonomy":"product_brand","embeddable":true,"href":"https:\/\/www.bananatreeshop.com\/pt\/wp-json\/wp\/v2\/product_brand?post=50537"},{"taxonomy":"product_cat","embeddable":true,"href":"https:\/\/www.bananatreeshop.com\/pt\/wp-json\/wp\/v2\/product_cat?post=50537"},{"taxonomy":"product_tag","embeddable":true,"href":"https:\/\/www.bananatreeshop.com\/pt\/wp-json\/wp\/v2\/product_tag?post=50537"}],"curies":[{"name":"wp","href":"https:\/\/api.w.org\/{rel}","templated":true}]}}