{"id":50538,"date":"2025-07-09T11:01:47","date_gmt":"2025-07-09T11:01:47","guid":{"rendered":"https:\/\/www.bananatreeshop.com\/?post_type=product&#038;p=50538"},"modified":"2026-04-13T20:41:16","modified_gmt":"2026-04-13T20:41:16","slug":"lelo-gigi-3-g-spot-vibrator-violet","status":"publish","type":"product","link":"https:\/\/www.bananatreeshop.com\/pt\/produto\/lelo-gigi-3-g-spot-vibrator-violet\/","title":{"rendered":"LELO &#8211;   GIGI\u2122 3 VIBRADOR PUNTO G VIOLETA"},"content":{"rendered":"<p>Hemos redise\u00f1ado la forma de nuestro \u00faltimo vibrador para punto G,<strong>\u00a0GIGI\u2122 3<\/strong>, para que se ajuste a la perfecci\u00f3n y ofrezca una personalizaci\u00f3n y un control inigualables. El modelo m\u00e1s nuevo cuenta con un exterior de silicona suave, lo que garantiza que la experiencia sea c\u00f3moda, adem\u00e1s de un mayor control de sus m\u00faltiples modos de placer. Desde la aplicaci\u00f3n\u00a0<strong>LELO<\/strong>, podr\u00e1s acceder a dos modos adicionales ypersonalizar tu experiencia de usuario. Ha llegado el momento de descubrir una estimulaci\u00f3n del punto G precisa y distintas y emocionantes sensaciones con el nuevo\u00a0<strong>GIGI\u2122 3<\/strong>.<\/p>\n<p><strong>GIGI\u2122 3\u00a0<\/strong>es compatible con la aplicaci\u00f3n\u00a0<strong>LELO<\/strong>, con la que las usuarias podr\u00e1n desbloquear m\u00e1s modos de placer y experimentar con distintas intensidades hasta encontrar su punto \u00f3ptimo. Adem\u00e1s de ofrecerte una mayor variedad de opciones cuando juegues con tu GIGI\u2122 3, la aplicaci\u00f3n LELO te proporciona muchas otras ventajas. Es una plataforma de bienestar sexual multifuncional dedicada a la sexualidad humana. Cuenta con m\u00e1s de 4000 art\u00edculos, literatura er\u00f3tica v\u00edvida y valiosos consejos sobre las relaciones.<\/p>\n<p>El producto est\u00e1 configurado con un tiempo predeterminado de apagado autom\u00e1tico de 20 minutos, el cual puede ser ajustado f\u00e1cilmente a trav\u00e9s de la aplicaci\u00f3n.<\/p>\n<p><u><strong>CARACTER\u00cdSTICAS:<\/strong><\/u><\/p>\n<ul>\n<li><strong>Materiales<\/strong>: silicona biocompatible y pl\u00e1stico ABS<\/li>\n<li><strong>Acabado<\/strong>: suave<\/li>\n<li><strong>Tama\u00f1o<\/strong>: 163 x 35 x 42 mm<\/li>\n<li><strong>Longitud insertable<\/strong>: 90 mm<\/li>\n<li><strong>Peso<\/strong>: 87 g<\/li>\n<li><strong>Bater\u00eda<\/strong>: Li-ion 420 mAh 3.7 V<\/li>\n<li><strong>Carga<\/strong>: hasta 2 h a 5 V 420 mA<\/li>\n<li><strong>Potencia nominal:<\/strong><\/li>\n<\/ul>\n<ol>\n<li><strong>\u2022 Entrada: 5 V 420 mA 2.1 W<\/strong><\/li>\n<li>\u2022 Salida: 3.7 V 600 mA 2.22 W<\/li>\n<\/ol>\n<ul>\n<li><strong>Tiempo de uso<\/strong>: hasta 2 h<\/li>\n<\/ul>\n<ol>\n<li>En espera: 90 d\u00edas<\/li>\n<li>Frecuencia: 100 Hz<\/li>\n<\/ol>\n<ul>\n<li><strong>Nivel m\u00e1x. de ruido:\u00a0<\/strong><60 dB<\/li>\n<li><strong>Interfaz<\/strong>: 3 botones<\/li>\n<\/ul>\n<p>\u00a0<\/p>","protected":false},"excerpt":{"rendered":"<p>LELO &#8211; GIGI\u2122 3 G-SPOT VIBRATOR VIOLET<\/p>","protected":false},"featured_media":58150,"comment_status":"open","ping_status":"closed","template":"","meta":{"_eb_attr":""},"product_brand":[],"product_cat":[1152,1159,1231],"product_tag":[],"class_list":{"0":"post-50538","1":"product","2":"type-product","3":"status-publish","4":"has-post-thumbnail","6":"product_cat-juguetes-bienestar","7":"product_cat-juguetes-bienestar-vibradores","8":"product_cat-juguetes-bienestar-vibradoresvibradores-punto-g","9":"yith_product_brand-lelo","11":"first","12":"instock","13":"taxable","14":"shipping-taxable","15":"purchasable","16":"product-type-simple"},"_links":{"self":[{"href":"https:\/\/www.bananatreeshop.com\/pt\/wp-json\/wp\/v2\/product\/50538","targetHints":{"allow":["GET"]}}],"collection":[{"href":"https:\/\/www.bananatreeshop.com\/pt\/wp-json\/wp\/v2\/product"}],"about":[{"href":"https:\/\/www.bananatreeshop.com\/pt\/wp-json\/wp\/v2\/types\/product"}],"replies":[{"embeddable":true,"href":"https:\/\/www.bananatreeshop.com\/pt\/wp-json\/wp\/v2\/comments?post=50538"}],"wp:featuredmedia":[{"embeddable":true,"href":"https:\/\/www.bananatreeshop.com\/pt\/wp-json\/wp\/v2\/media\/58150"}],"wp:attachment":[{"href":"https:\/\/www.bananatreeshop.com\/pt\/wp-json\/wp\/v2\/media?parent=50538"}],"wp:term":[{"taxonomy":"product_brand","embeddable":true,"href":"https:\/\/www.bananatreeshop.com\/pt\/wp-json\/wp\/v2\/product_brand?post=50538"},{"taxonomy":"product_cat","embeddable":true,"href":"https:\/\/www.bananatreeshop.com\/pt\/wp-json\/wp\/v2\/product_cat?post=50538"},{"taxonomy":"product_tag","embeddable":true,"href":"https:\/\/www.bananatreeshop.com\/pt\/wp-json\/wp\/v2\/product_tag?post=50538"}],"curies":[{"name":"wp","href":"https:\/\/api.w.org\/{rel}","templated":true}]}}