{"id":50780,"date":"2025-07-16T05:01:38","date_gmt":"2025-07-16T05:01:38","guid":{"rendered":"https:\/\/www.bananatreeshop.com\/?post_type=product&#038;p=50780"},"modified":"2026-04-03T18:02:06","modified_gmt":"2026-04-03T18:02:06","slug":"leg-avenue-off-shoulder-long-sleeved-mesh-mini-dress-red","status":"publish","type":"product","link":"https:\/\/www.bananatreeshop.com\/pt\/produto\/leg-avenue-off-shoulder-long-sleeved-mesh-mini-dress-red\/","title":{"rendered":"LEG AVENUE &#8211; MINIVESTIDO DE REJILLA CON HOMBROS DESCUBIERTOS Y MANGA LARGA ROJO"},"content":{"rendered":"<p>\u00a0Luce un estilo seductor y sofisticado con nuestro <strong>Minivestido de Rejilla con Hombros Descubiertos y Manga Larga en Rojo<\/strong>.\u00a0<\/p>\n<p>Este dise\u00f1o es ideal para destacar en noches de fiesta, eventos especiales o cualquier ocasi\u00f3n donde busques un look atrevido y elegante.<\/p>\n<p>\u00a0<\/p>\n<p><u><strong>CARACTER\u00cdSTICAS<\/strong><\/u>:<\/p>\n<ul>\n<li><strong>Material de Rejilla Transparente<\/strong>: Confeccionado en una rejilla roja, este vestido combina un estilo sensual y moderno, dejando entrever la figura de manera provocadora.<\/li>\n<li><strong>Dise\u00f1o de Hombros Descubiertos<\/strong>: El corte de hombros al aire aporta un toque rom\u00e1ntico y atractivo, mientras que las mangas largas equilibran el look con un toque de sofisticaci\u00f3n.<\/li>\n<li><strong>Corte Mini y Ajustado<\/strong>: Con un dise\u00f1o corto y ce\u00f1ido, este minivestido resalta las curvas y brinda un estilo elegante y sensual.<\/li>\n<li><strong>Uso y Experiencia<\/strong>: Perfecto para quienes desean robar miradas con un look impactante, este minivestido es una elecci\u00f3n segura para eventos especiales. \u00a1Atr\u00e9vete a lucir radiante y a expresar tu estilo audaz en cualquier ocasi\u00f3n!<\/li>\n<\/ul>\n<p>\u00a0<\/p>\n<p><strong>Leg Avenue<\/strong>\u00a0tiene los productos que estabas buscando comprometi\u00e9ndose a ofrecer a los clientes productos innovadores, precios competitivos y una gran satisfacci\u00f3n, reci\u00e9n llegados desde el distrito m\u00e1s fashion de Los \u00c1ngeles.<\/p>\n<p>\u00a1Aqu\u00ed todo se trata de ti! Entendemos que cada cuerpo es \u00fanico y creemos que todas las mujeres deben verse y sentirse fant\u00e1sticas, independientemente de su tama\u00f1o o forma. As\u00ed que ten la seguridad de que nuestros dise\u00f1os siempre est\u00e1n enfocados a resaltar tus mejores caracter\u00edsticas. Y en serio, lo decimos en serio cuando decimos que valoramos las telas s\u00faper suaves y la elasticidad del siguiente nivel. Comodidad y estilo? \u00a1Doble verificaci\u00f3n!<\/p>\n<p>La variedad es la clave de nuestro \u00e9xito y puedes verlo en nuestros estilos. Nuestros dise\u00f1adores mezclan y combinan materiales como profesionales, dando a nuestras creaciones ese aire de lujo inconfundible para que te sientas absolutamente de primera. Ya sea un encaje que hace que tus sentidos hormigueen o un sat\u00e9n s\u00faper suave que tus manos no pueden resistir, hacemos todo lo posible para brindarte algo especial.<\/p>\n<p><strong>Leg Avenue<\/strong> est\u00e1 llena de pasi\u00f3n, diversi\u00f3n y autoexpresi\u00f3n. Queremos que seas completamente t\u00fa mismo, con un toque de picard\u00eda y monta\u00f1as de confianza. Descubra c\u00f3mo nuestra lencer\u00eda, medias y disfraces elevan su apariencia al siguiente nivel. \u00a1Juntos aspiramos a lo fant\u00e1stico y demostramos que el estilo no tiene talla!<\/p>","protected":false},"excerpt":{"rendered":"<p>LEG AVENUE &#8211; OFF-SHOULDER LONG-SLEEVED MESH MINI DRESS RED<\/p>","protected":false},"featured_media":83100,"comment_status":"open","ping_status":"closed","template":"","meta":{"_eb_attr":""},"product_brand":[],"product_cat":[1225,1386,1191,1411],"product_tag":[],"class_list":{"0":"post-50780","1":"product","2":"type-product","3":"status-publish","4":"has-post-thumbnail","6":"product_cat-moda-lencerialenceria-mujer","7":"product_cat-moda-lencerialenceria-mujerlenceria-picante","8":"product_cat-moda-lenceria","9":"product_cat-moda-lencerialenceria-mujerlenceria-picantevestidos-sexys","10":"yith_product_brand-leg-avenue","11":"yith_product_brand-leg-avenueleg-avenue-dresses","13":"first","14":"instock","15":"taxable","16":"shipping-taxable","17":"purchasable","18":"product-type-simple"},"_links":{"self":[{"href":"https:\/\/www.bananatreeshop.com\/pt\/wp-json\/wp\/v2\/product\/50780","targetHints":{"allow":["GET"]}}],"collection":[{"href":"https:\/\/www.bananatreeshop.com\/pt\/wp-json\/wp\/v2\/product"}],"about":[{"href":"https:\/\/www.bananatreeshop.com\/pt\/wp-json\/wp\/v2\/types\/product"}],"replies":[{"embeddable":true,"href":"https:\/\/www.bananatreeshop.com\/pt\/wp-json\/wp\/v2\/comments?post=50780"}],"wp:featuredmedia":[{"embeddable":true,"href":"https:\/\/www.bananatreeshop.com\/pt\/wp-json\/wp\/v2\/media\/83100"}],"wp:attachment":[{"href":"https:\/\/www.bananatreeshop.com\/pt\/wp-json\/wp\/v2\/media?parent=50780"}],"wp:term":[{"taxonomy":"product_brand","embeddable":true,"href":"https:\/\/www.bananatreeshop.com\/pt\/wp-json\/wp\/v2\/product_brand?post=50780"},{"taxonomy":"product_cat","embeddable":true,"href":"https:\/\/www.bananatreeshop.com\/pt\/wp-json\/wp\/v2\/product_cat?post=50780"},{"taxonomy":"product_tag","embeddable":true,"href":"https:\/\/www.bananatreeshop.com\/pt\/wp-json\/wp\/v2\/product_tag?post=50780"}],"curies":[{"name":"wp","href":"https:\/\/api.w.org\/{rel}","templated":true}]}}