{"id":51332,"date":"2025-07-14T05:01:24","date_gmt":"2025-07-14T05:01:24","guid":{"rendered":"https:\/\/www.bananatreeshop.com\/?post_type=product&#038;p=51332"},"modified":"2026-04-03T03:02:02","modified_gmt":"2026-04-03T03:02:02","slug":"chilirose-cr-4843-schoolgirl-costume-xl","status":"publish","type":"product","link":"https:\/\/www.bananatreeshop.com\/pt\/produto\/chilirose-cr-4843-schoolgirl-costume-xl\/","title":{"rendered":"CHILIROSE &#8211; CR 4843 DISFRAZ COLEGIALA XL"},"content":{"rendered":"<p><strong>CR4843<\/strong><br \/>\u00a1Convi\u00e9rtete en una colegiala que acaba de salir de clase y no tiene intenci\u00f3n de volver!<br \/>Este disfraz es la combinaci\u00f3n perfecta de atrevimiento y diversi\u00f3n. Con un sujetador abierto con un bonito cuello, a\u00f1ade un poco de misterio.<br \/>La minifalda con tirantes de liga resalta tus piernas, mientras que la tanga picante y las medias de rejilla aportan el toque perfecto de descaro.<br \/>Y los cubre pezones con un mensaje? Seguro que se notar\u00e1n. Lista para algunas aventuras escolares?<\/p>\n<p><strong>El conjunto incluye:<\/strong><\/p>\n<ul>\n<li>Pezoneras<\/li>\n<li>Top<\/li>\n<li>Medias<\/li>\n<li>Tanga<\/li>\n<li>Minifalda con tirantes de liga<\/li>\n<\/ul>\n<p>\u00a0<\/p>\n<p>La marca\u00a0<strong>CHILIROSE\u00a0<\/strong>fue creada en 2008 y nuestra misi\u00f3n es ofrecer lencer\u00eda sensual y excitante a nuestros clientes a un precio competitivo. Ahora, en 2022, despu\u00e9s de 14 a\u00f1os, somos una de las principales empresas de lencer\u00eda ex\u00f3tica y tenemos una gran colecci\u00f3n de ropa de dormir, vestidos, batas, cors\u00e9s, vestidos, ropa de discoteca y m\u00e1s. Nuestro estricto control de calidad garantiza a nuestros clientes la plena satisfacci\u00f3n y hace que vender sea un placer. Cuidamos especialmente la selecci\u00f3n de nuestros materiales y la mano de obra. Ofrecemos muchos estilos nuevos y fant\u00e1sticos con regularidad y esperamos sorprenderlo positivamente cada vez.<\/p>\n<p>\u00a0<\/p>\n<table border=\"1\" cellpadding=\"0\" cellspacing=\"0\" width=\"832\">\n<tbody>\n<tr 1px=\"\" height=\"23\" solid=\"\">\n<td 1px=\"\" border:=\"\" class=\"xl72\" colspan=\"8\" height=\"23\" solid=\"\" width=\"832\"><b>GU\u00cdA DE TALLAS<\/b><\/td>\n<\/tr>\n<tr 1px=\"\" height=\"23\" solid=\"\">\n<td 1px=\"\" border:=\"\" class=\"xl73\" colspan=\"2\" height=\"23\" solid=\"\"><strong>TALLA<\/strong><\/td>\n<td 1px=\"\" border:=\"\" class=\"xl71\" solid=\"\" width=\"104\"><strong>S<\/strong><\/td>\n<td 1px=\"\" border:=\"\" class=\"xl71\" solid=\"\" width=\"104\"><strong>M<\/strong><\/td>\n<td 1px=\"\" border:=\"\" class=\"xl71\" solid=\"\" width=\"104\"><strong>L<\/strong><\/td>\n<td 1px=\"\" border:=\"\" class=\"xl71\" solid=\"\" width=\"104\"><strong>XL<\/strong><\/td>\n<td 1px=\"\" border:=\"\" class=\"xl71\" solid=\"\" width=\"104\"><strong>XXL<\/strong><\/td>\n<td 1px=\"\" border:=\"\" class=\"xl71\" solid=\"\" width=\"104\"><strong>S\/M\u00a0 \u00a0 L\/XL<\/strong><\/td>\n<\/tr>\n<tr>\n<td 1px=\"\" border:=\"\" class=\"xl74\" colspan=\"2\" height=\"23\" solid=\"\" width=\"208\"><strong>Pecho cm<\/strong><\/td>\n<td 1px=\"\" border:=\"\" class=\"xl72\" solid=\"\" width=\"104\">85-89<\/td>\n<td 1px=\"\" border:=\"\" class=\"xl72\" solid=\"\" width=\"104\">90-94<\/td>\n<td 1px=\"\" border:=\"\" class=\"xl71\" solid=\"\" width=\"104\">95-99<\/td>\n<td 1px=\"\" border:=\"\" class=\"xl71\" solid=\"\" width=\"104\">100-104<\/td>\n<td 1px=\"\" border:=\"\" class=\"xl71\" solid=\"\" width=\"104\">105-109<\/td>\n<td 1px=\"\" border:=\"\" class=\"xl71\" solid=\"\" width=\"104\">85-94  95-104<\/td>\n<\/tr>\n<tr>\n<td 1px=\"\" border:=\"\" class=\"xl74\" colspan=\"2\" height=\"23\" solid=\"\" width=\"208\"><strong>Bajo pecho cm<\/strong><\/td>\n<td 1px=\"\" border:=\"\" class=\"xl72\" solid=\"\" width=\"104\"><span -webkit-text-stroke-width:=\"background-color:=\" display:=\"float:=\" font-family:=\"\" font-size:=\"font-style:=\" font-variant-caps:=\"font-variant-ligatures:=\" font-weight:=\"inline=\" letter-spacing:=\"orphans:=\" text-align:=\"text-decoration-color:=\" text-decoration-style:=\"text-decoration-thickness:=\" text-indent:=\"text-transform:=\" trebuchet=\"white-space:=\" widows:=\"word-spacing:=\">69-72<\/span><\/td>\n<td 1px=\"\" border:=\"\" class=\"xl72\" solid=\"\" width=\"104\"><span -webkit-text-stroke-width:=\"background-color:=\" display:=\"float:=\" font-family:=\"\" font-size:=\"font-style:=\" font-variant-caps:=\"font-variant-ligatures:=\" font-weight:=\"inline=\" letter-spacing:=\"orphans:=\" text-align:=\"text-decoration-color:=\" text-decoration-style:=\"text-decoration-thickness:=\" text-indent:=\"text-transform:=\" trebuchet=\"white-space:=\" widows:=\"word-spacing:=\">73-77<\/span><\/td>\n<td 1px=\"\" border:=\"\" class=\"xl71\" solid=\"\" width=\"104\"><span -webkit-text-stroke-width:=\"background-color:=\" display:=\"float:=\" font-family:=\"\" font-size:=\"font-style:=\" font-variant-caps:=\"font-variant-ligatures:=\" font-weight:=\"inline=\" letter-spacing:=\"orphans:=\" text-align:=\"text-decoration-color:=\" text-decoration-style:=\"text-decoration-thickness:=\" text-indent:=\"text-transform:=\" trebuchet=\"white-space:=\" widows:=\"word-spacing:=\">78-81<\/span><\/td>\n<td 1px=\"\" border:=\"\" class=\"xl71\" solid=\"\" width=\"104\"><span -webkit-text-stroke-width:=\"background-color:=\" display:=\"float:=\" font-family:=\"\" font-size:=\"font-style:=\" font-variant-caps:=\"font-variant-ligatures:=\" font-weight:=\"inline=\" letter-spacing:=\"orphans:=\" text-align:=\"text-decoration-color:=\" text-decoration-style:=\"text-decoration-thickness:=\" text-indent:=\"text-transform:=\" trebuchet=\"white-space:=\" widows:=\"word-spacing:=\">82-86<\/span><\/td>\n<td 1px=\"\" border:=\"\" class=\"xl71\" solid=\"\" width=\"104\"><span -webkit-text-stroke-width:=\"background-color:=\" display:=\"float:=\" font-family:=\"\" font-size:=\"font-style:=\" font-variant-caps:=\"font-variant-ligatures:=\" font-weight:=\"inline=\" letter-spacing:=\"orphans:=\" text-align:=\"text-decoration-color:=\" text-decoration-style:=\"text-decoration-thickness:=\" text-indent:=\"text-transform:=\" trebuchet=\"white-space:=\" widows:=\"word-spacing:=\">87-90<\/span><\/td>\n<td 1px=\"\" border:=\"\" class=\"xl71\" solid=\"\" width=\"104\"><span -webkit-text-stroke-width:=\"background-color:=\" display:=\"float:=\" font-family:=\"\" font-size:=\"font-style:=\" font-variant-caps:=\"font-variant-ligatures:=\" font-weight:=\"inline=\" letter-spacing:=\"orphans:=\" text-align:=\"text-decoration-color:=\" text-decoration-style:=\"text-decoration-thickness:=\" text-indent:=\"text-transform:=\" trebuchet=\"white-space:=\" widows:=\"word-spacing:=\">69-77\u00a0 \u00a0 78-86<\/span><\/td>\n<\/tr>\n<tr 1px=\"\" height=\"23\" solid=\"\">\n<td 1px=\"\" border:=\"\" class=\"xl74\" colspan=\"2\" height=\"23\" solid=\"\" width=\"208\"><strong>Cintura cm<\/strong><\/td>\n<td 1px=\"\" border:=\"\" class=\"xl72\" solid=\"\" width=\"104\">68-72<\/td>\n<td 1px=\"\" border:=\"\" class=\"xl72\" solid=\"\" width=\"104\">73-77<\/td>\n<td 1px=\"\" border:=\"\" class=\"xl71\" solid=\"\" width=\"104\">78-82<\/td>\n<td 1px=\"\" border:=\"\" class=\"xl71\" solid=\"\" width=\"104\">83-87<\/td>\n<td 1px=\"\" border:=\"\" class=\"xl71\" solid=\"\" width=\"104\">88-93<\/td>\n<td 1px=\"\" border:=\"\" class=\"xl71\" solid=\"\" width=\"104\">68-77\u00a0 \u00a0 78-87<\/td>\n<\/tr>\n<tr 1px=\"\" height=\"23\" solid=\"\">\n<td 1px=\"\" border:=\"\" class=\"xl74\" colspan=\"2\" height=\"23\" solid=\"\" width=\"208\"><strong>Caderas cm<\/strong><\/td>\n<td 1px=\"\" border:=\"\" class=\"xl72\" solid=\"\" width=\"104\">90-94<\/td>\n<td 1px=\"\" border:=\"\" class=\"xl72\" solid=\"\" width=\"104\">95-100<\/td>\n<td 1px=\"\" border:=\"\" class=\"xl71\" solid=\"\" width=\"104\">101-105<\/td>\n<td 1px=\"\" border:=\"\" class=\"xl71\" solid=\"\" width=\"104\">106-111<\/td>\n<td 1px=\"\" border:=\"\" class=\"xl71\" solid=\"\" width=\"104\">112-116<\/td>\n<td 1px=\"\" border:=\"\" class=\"xl71\" solid=\"\" width=\"104\">90-100  101-111<\/td>\n<\/tr>\n<\/tbody>\n<\/table>\n<p>\u00a0<\/p>","protected":false},"excerpt":{"rendered":"<p>CHILIROSE &#8211; CR 4843 SCHOOLGIRL COSTUME XL<\/p>","protected":false},"featured_media":78267,"comment_status":"open","ping_status":"closed","template":"","meta":{"_eb_attr":""},"product_brand":[],"product_cat":[1389,1225,1191,1394],"product_tag":[],"class_list":{"0":"post-51332","1":"product","2":"type-product","3":"status-publish","4":"has-post-thumbnail","6":"product_cat-moda-lencerialenceria-mujerdisfraces-mujer","7":"product_cat-moda-lencerialenceria-mujer","8":"product_cat-moda-lenceria","9":"product_cat-moda-lencerialenceria-mujerdisfraces-mujerotros-disfraces","10":"yith_product_brand-chilirose","11":"yith_product_brand-chilirosechilirose-costumes","13":"first","14":"instock","15":"taxable","16":"shipping-taxable","17":"purchasable","18":"product-type-simple"},"_links":{"self":[{"href":"https:\/\/www.bananatreeshop.com\/pt\/wp-json\/wp\/v2\/product\/51332","targetHints":{"allow":["GET"]}}],"collection":[{"href":"https:\/\/www.bananatreeshop.com\/pt\/wp-json\/wp\/v2\/product"}],"about":[{"href":"https:\/\/www.bananatreeshop.com\/pt\/wp-json\/wp\/v2\/types\/product"}],"replies":[{"embeddable":true,"href":"https:\/\/www.bananatreeshop.com\/pt\/wp-json\/wp\/v2\/comments?post=51332"}],"wp:featuredmedia":[{"embeddable":true,"href":"https:\/\/www.bananatreeshop.com\/pt\/wp-json\/wp\/v2\/media\/78267"}],"wp:attachment":[{"href":"https:\/\/www.bananatreeshop.com\/pt\/wp-json\/wp\/v2\/media?parent=51332"}],"wp:term":[{"taxonomy":"product_brand","embeddable":true,"href":"https:\/\/www.bananatreeshop.com\/pt\/wp-json\/wp\/v2\/product_brand?post=51332"},{"taxonomy":"product_cat","embeddable":true,"href":"https:\/\/www.bananatreeshop.com\/pt\/wp-json\/wp\/v2\/product_cat?post=51332"},{"taxonomy":"product_tag","embeddable":true,"href":"https:\/\/www.bananatreeshop.com\/pt\/wp-json\/wp\/v2\/product_tag?post=51332"}],"curies":[{"name":"wp","href":"https:\/\/api.w.org\/{rel}","templated":true}]}}