{"id":51407,"date":"2025-07-10T22:01:28","date_gmt":"2025-07-10T22:01:28","guid":{"rendered":"https:\/\/www.bananatreeshop.com\/?post_type=product&#038;p=51407"},"modified":"2026-04-03T23:02:10","modified_gmt":"2026-04-03T23:02:10","slug":"satisfyer-secret-kiss-wave-clitoris-stimulator-pink","status":"publish","type":"product","link":"https:\/\/www.bananatreeshop.com\/pt\/produto\/satisfyer-secret-kiss-wave-clitoris-stimulator-pink\/","title":{"rendered":"SATISFYER &#8211; SECRET KISS ESTIMULADOR CL\u00cdTORIS POR ONDAS ROSA"},"content":{"rendered":"<p>Tama\u00f1o de viaje, mini masajeador de cl\u00edtoris con ondas de aire, discreto, parece un r\u00edmel o l\u00e1piz labial, cabe perfectamente en tu bolso o neceser.<\/p>\n<ul>\n<li>Recargable por USB a trav\u00e9s del cable USB-C de tu iPhone.<\/li>\n<li>F\u00e1cil de usar y silencioso, 3 velocidades de 10 modos de ondas de presi\u00f3n de aire diferentes.<\/li>\n<li>3 x 10 programas de ondas de presi\u00f3n<\/li>\n<li>Control de pico de pulso de aire 3D<\/li>\n<li>Silicona respetuosa con el cuerpo<\/li>\n<li>Tama\u00f1o de viaje<\/li>\n<li>Silencioso<\/li>\n<li>Recargable (USB-C), cable NO incluido<\/li>\n<li>Este discreto y delgado dispositivo cabe perfectamente en la palma de tu mano y es perfecto para viajar.<\/li>\n<\/ul>\n<p>Con el nuevo motor de potencia magn\u00e9tica 4D patentado, Satisfyer lleva la estimulaci\u00f3n del cl\u00edtoris sin contacto al siguiente nivel. Esta tecnolog\u00eda de vanguardia redefine la experiencia sensorial, brindando una estimulaci\u00f3n silenciosa pero poderosa con suaves ondas de presi\u00f3n.<\/p>\n<p>La membrana interna de este dispositivo se puede mover con solo presionar un bot\u00f3n: cuanto m\u00e1s cerca est\u00e9 la membrana de la abertura, m\u00e1s fuertes ser\u00e1n las ondas de presi\u00f3n.<\/p>\n<p>Tres luces LED en la parte frontal indican la posici\u00f3n de la membrana para que el usuario sepa f\u00e1cilmente en qu\u00e9 intensidad se encuentra.<\/p>\n<p> 3 LED encendidos: la membrana est\u00e1 m\u00e1s cerca de la abertura, lo que proporciona sensaciones intensas y potentes.<br \/> 2 LED encendidos: la membrana est\u00e1 en el medio, lo que ofrece una fuerza de onda equilibrada.<br \/> 1 LED encendido: la membrana est\u00e1 m\u00e1s alejada, perfecta para un toque m\u00e1s suave.<\/p>\n<p>Con 11 programas de ondas de presi\u00f3n y 3 posiciones de membrana, tienes 33 formas incre\u00edbles de explorar tus deseos.<\/p>\n<p><u><strong>Caracter\u00edsticas principales<\/strong><\/u><\/p>\n<ul>\n<li>30 programas: 10 programas de ondas de presi\u00f3n y 3 posiciones de membrana<\/li>\n<li>Con el innovador motor de potencia magn\u00e9tica 4D<\/li>\n<li>Puerto de carga USB tipo C (cable NO incluido)<\/li>\n<li>Bot\u00f3n LED para indicar la posici\u00f3n de la membrana<\/li>\n<li>Dise\u00f1o elegante de l\u00e1piz labial con tapa higi\u00e9nica<\/li>\n<li>Fabricado en silicona agradable para el cuerpo<\/li>\n<li>Resistente al agua (IPX7)<\/li>\n<li>15 a\u00f1os de garant\u00eda<\/li>\n<\/ul>\n<p>\u00a0<\/p>\n<p>\u00a0<\/p>","protected":false},"excerpt":{"rendered":"<p>SATISFYER &#8211; SECRET KISS WAVE CLITORIS STIMULATOR PINK<\/p>","protected":false},"featured_media":65283,"comment_status":"open","ping_status":"closed","template":"","meta":{"_eb_attr":""},"product_brand":[],"product_cat":[1250,1152,1153,1260],"product_tag":[],"class_list":{"0":"post-51407","1":"product","2":"type-product","3":"status-publish","4":"has-post-thumbnail","6":"product_cat-juguetes-bienestar-juguetes-para-mujeresestimuladores","7":"product_cat-juguetes-bienestar","8":"product_cat-juguetes-bienestar-juguetes-para-mujeres","9":"product_cat-juguetes-bienestar-juguetes-para-mujeresestimuladorespara-clitoris","10":"yith_product_brand-satisfyer","11":"yith_product_brand-satisfyer-satisfyer-air-pulse","13":"first","14":"instock","15":"taxable","16":"shipping-taxable","17":"purchasable","18":"product-type-simple"},"_links":{"self":[{"href":"https:\/\/www.bananatreeshop.com\/pt\/wp-json\/wp\/v2\/product\/51407","targetHints":{"allow":["GET"]}}],"collection":[{"href":"https:\/\/www.bananatreeshop.com\/pt\/wp-json\/wp\/v2\/product"}],"about":[{"href":"https:\/\/www.bananatreeshop.com\/pt\/wp-json\/wp\/v2\/types\/product"}],"replies":[{"embeddable":true,"href":"https:\/\/www.bananatreeshop.com\/pt\/wp-json\/wp\/v2\/comments?post=51407"}],"wp:featuredmedia":[{"embeddable":true,"href":"https:\/\/www.bananatreeshop.com\/pt\/wp-json\/wp\/v2\/media\/65283"}],"wp:attachment":[{"href":"https:\/\/www.bananatreeshop.com\/pt\/wp-json\/wp\/v2\/media?parent=51407"}],"wp:term":[{"taxonomy":"product_brand","embeddable":true,"href":"https:\/\/www.bananatreeshop.com\/pt\/wp-json\/wp\/v2\/product_brand?post=51407"},{"taxonomy":"product_cat","embeddable":true,"href":"https:\/\/www.bananatreeshop.com\/pt\/wp-json\/wp\/v2\/product_cat?post=51407"},{"taxonomy":"product_tag","embeddable":true,"href":"https:\/\/www.bananatreeshop.com\/pt\/wp-json\/wp\/v2\/product_tag?post=51407"}],"curies":[{"name":"wp","href":"https:\/\/api.w.org\/{rel}","templated":true}]}}