{"id":51529,"date":"2025-07-09T04:01:20","date_gmt":"2025-07-09T04:01:20","guid":{"rendered":"https:\/\/www.bananatreeshop.com\/?post_type=product&#038;p=51529"},"modified":"2026-04-20T18:04:05","modified_gmt":"2026-04-20T18:04:05","slug":"pretty-love-leviathan-app-controlled-vibrator-purple","status":"publish","type":"product","link":"https:\/\/www.bananatreeshop.com\/pt\/produto\/pretty-love-leviathan-app-controlled-vibrator-purple\/","title":{"rendered":"PRETTY LOVE &#8211; LEVIATHAN VIBRADOR CONTROLADO POR APP MORADO"},"content":{"rendered":"<p><strong>PRETTY LOVE BI-300103HP<\/strong><br \/>Este nuevo vibrador port\u00e1til ahora cuenta con un cabezal bulboso que ofrece una mejor estimulaci\u00f3n interna que nunca y una cola de recuperaci\u00f3n para que puedas quitar f\u00e1cilmente el vibrador cuando te hayas cansado de divertirte. Este juguete para adultos est\u00e1 bendecido con 12 modos de vibraci\u00f3n incorporados y es compatible con aplicaciones para que t\u00fa o tu pareja puedan controlar este vibrador port\u00e1til desde sus tel\u00e9fonos inteligentes en cualquier lugar y en cualquier momento.<\/p>\n<p><strong><u>CARACTER\u00cdSTICAS:<\/u><\/strong><\/p>\n<ul>\n<li>Funci\u00f3n: 12 funciones de vibraci\u00f3n Control de larga distancia mediante aplicaci\u00f3n m\u00f3vil<\/li>\n<li>Alimentaci\u00f3n: carga USB magn\u00e9tica<\/li>\n<li>Material: silicona<\/li>\n<li>Color: morado<\/li>\n<\/ul>\n<p>\u00a0<\/p>","protected":false},"excerpt":{"rendered":"<p>PRETTY LOVE &#8211; LEVIATHAN APP CONTROLLED VIBRATOR PURPLE<\/p>","protected":false},"featured_media":56973,"comment_status":"open","ping_status":"closed","template":"","meta":{"_eb_attr":""},"product_brand":[],"product_cat":[1159,1216],"product_tag":[],"class_list":{"0":"post-51529","1":"product","2":"type-product","3":"status-publish","4":"has-post-thumbnail","6":"product_cat-juguetes-bienestar-vibradores","7":"product_cat-juguetes-bienestar-vibradoresvibradores-con-app","8":"yith_product_brand-pretty-love","9":"yith_product_brand-pretty-lovepretty-love-smart","11":"first","12":"instock","13":"taxable","14":"shipping-taxable","15":"purchasable","16":"product-type-simple"},"_links":{"self":[{"href":"https:\/\/www.bananatreeshop.com\/pt\/wp-json\/wp\/v2\/product\/51529","targetHints":{"allow":["GET"]}}],"collection":[{"href":"https:\/\/www.bananatreeshop.com\/pt\/wp-json\/wp\/v2\/product"}],"about":[{"href":"https:\/\/www.bananatreeshop.com\/pt\/wp-json\/wp\/v2\/types\/product"}],"replies":[{"embeddable":true,"href":"https:\/\/www.bananatreeshop.com\/pt\/wp-json\/wp\/v2\/comments?post=51529"}],"wp:featuredmedia":[{"embeddable":true,"href":"https:\/\/www.bananatreeshop.com\/pt\/wp-json\/wp\/v2\/media\/56973"}],"wp:attachment":[{"href":"https:\/\/www.bananatreeshop.com\/pt\/wp-json\/wp\/v2\/media?parent=51529"}],"wp:term":[{"taxonomy":"product_brand","embeddable":true,"href":"https:\/\/www.bananatreeshop.com\/pt\/wp-json\/wp\/v2\/product_brand?post=51529"},{"taxonomy":"product_cat","embeddable":true,"href":"https:\/\/www.bananatreeshop.com\/pt\/wp-json\/wp\/v2\/product_cat?post=51529"},{"taxonomy":"product_tag","embeddable":true,"href":"https:\/\/www.bananatreeshop.com\/pt\/wp-json\/wp\/v2\/product_tag?post=51529"}],"curies":[{"name":"wp","href":"https:\/\/api.w.org\/{rel}","templated":true}]}}