{"id":51568,"date":"2025-07-08T23:00:33","date_gmt":"2025-07-08T23:00:33","guid":{"rendered":"https:\/\/www.bananatreeshop.com\/?post_type=product&#038;p=51568"},"modified":"2026-04-01T13:03:20","modified_gmt":"2026-04-01T13:03:20","slug":"secretplay-tower-of-sex-wooden-game","status":"publish","type":"product","link":"https:\/\/www.bananatreeshop.com\/pt\/produto\/secretplay-tower-of-sex-wooden-game\/","title":{"rendered":"SECRETPLAY &#8211; JUEGO DE MADERA TOWER OF SEX"},"content":{"rendered":"<p>Tower of sex es el juego en el que pod\u00e9is jugar de dos divertidas formas. Lanzad los dados y retirad las piezas de madera con mucho cuidado de no derribar la torre mientras disfrut\u00e1is realizando las pruebas picantes que encontrar\u00e9is en cada pieza.<\/p>\n<p><u><strong>CONTENIDO:<\/strong><\/u><\/p>\n<ul>\n<li>48 piezas de madera de 4 colores (12 piezas por color)<\/li>\n<li>2 dados num\u00e9ricos<\/li>\n<li>1 dado de color<\/li>\n<\/ul>\n<p><u><strong>REGLAS DE JUEGO:<\/strong><\/u><br \/>Se colocan las piezas formando una torre ordenada por colores, las piezas se colocan por pisos, 3 piezas por piso, quedando as\u00ed cada color formado por 4 pisos de piezas (Para poder ayudaros a construir la torre pod\u00e9is mirar la imagen que aparece en la caja)<br \/>Las piezas van numeradas del 1 al 12 en cuatro colores: madera, rosa, fucsia y negro.<br \/>Comienza el juego el jugador de menor edad. Despu\u00e9s es el turno del otro jugador, y as\u00ed sucesivamente.<\/p>\n<p><u><strong>MODO SIMPLE: DADO DE COLOR.<\/strong><\/u><br \/>Pod\u00e9is jugar s\u00f3lo con el dado de color, lanz\u00e1ndolo y retirando una de las 12 fichas del color que el dado marque. En caso de que el dado indique dos colores, elige uno. Retirad la ficha con mucha precauci\u00f3n para que la torre no se derrumbe. Consultad la numeraci\u00f3n que contenga la ficha en las instrucciones y realizad la prueba en ese mismo momento.<br \/>Jugad hasta que la torre se caiga. El perdedor es la persona a la que se le derrumbe la torre al retirar una pieza. El ganador es el que no ha derribado la torre y tiene derecho a elegir el lugar de la casa favorito o que nunca hay\u00e1is utilizado para tener sexo tras finalizar el juego.<\/p>\n<p><u><strong>MODO AVANZADO: DADO DE COLOR + DADOS NUM\u00c9RICOS.<\/strong><\/u><br \/>Pod\u00e9is jugar con el dado de color y los dos dados num\u00e9ricos, lanzando en primer lugar el dado de color y tras esto los 2 dados num\u00e9ricos para ver qu\u00e9 color y n\u00famero tiene la pieza que deb\u00e9is retirar.<br \/>Si el n\u00famero o color que indique el dado al lanzarlo ya no est\u00e1 en la torre entonces pierdes tu turno.<br \/>Si a un jugador se le cae la torre al retirar una pieza decide si se proclama como el perdedor del juego o quiere revancha. En caso de querer revancha, el perdedor debe quedarse desnudo\/a para iniciar el juego.<br \/>Si el perdedor no quiere revancha entonces el ganador decide qu\u00e9 lugar de la casa en el que nunca hay\u00e1is tenido sexo quiere utilizar para dar rienda suelta a la pasi\u00f3n.<br \/>En caso de que el perdedor de la primera partida acceda a revancha y gane la segunda partida entonces habr\u00eda empate, es el momento de reconstruir la torre para jugar de nuevo y ver qui\u00e9n es el ganador definitivo que obtiene la recompensa.<\/p>\n<p><strong>Disponible en 8 idiomas (Espa\u00f1ol, Ingl\u00e9s, Alem\u00e1n, Franc\u00e9s, Holand\u00e9s, Portugu\u00e9s, Italiano, Polaco)<\/strong><\/p>","protected":false},"excerpt":{"rendered":"<p>PACKAGING DISPONIBLE EN: \/es\/en\/de\/fr\/nl\/pt\/it\/pl\/<\/p>","protected":false},"featured_media":55209,"comment_status":"open","ping_status":"closed","template":"","meta":{"_eb_attr":""},"product_brand":[],"product_cat":[1187,1188],"product_tag":[],"class_list":{"0":"post-51568","1":"product","2":"type-product","3":"status-publish","4":"has-post-thumbnail","6":"product_cat-juegos","7":"product_cat-juegos-juegos-de-pareja","8":"yith_product_brand-secretplay","9":"yith_product_brand-secretplaysecretplay-100-games","11":"first","12":"instock","13":"taxable","14":"shipping-taxable","15":"purchasable","16":"product-type-simple"},"_links":{"self":[{"href":"https:\/\/www.bananatreeshop.com\/pt\/wp-json\/wp\/v2\/product\/51568","targetHints":{"allow":["GET"]}}],"collection":[{"href":"https:\/\/www.bananatreeshop.com\/pt\/wp-json\/wp\/v2\/product"}],"about":[{"href":"https:\/\/www.bananatreeshop.com\/pt\/wp-json\/wp\/v2\/types\/product"}],"replies":[{"embeddable":true,"href":"https:\/\/www.bananatreeshop.com\/pt\/wp-json\/wp\/v2\/comments?post=51568"}],"wp:featuredmedia":[{"embeddable":true,"href":"https:\/\/www.bananatreeshop.com\/pt\/wp-json\/wp\/v2\/media\/55209"}],"wp:attachment":[{"href":"https:\/\/www.bananatreeshop.com\/pt\/wp-json\/wp\/v2\/media?parent=51568"}],"wp:term":[{"taxonomy":"product_brand","embeddable":true,"href":"https:\/\/www.bananatreeshop.com\/pt\/wp-json\/wp\/v2\/product_brand?post=51568"},{"taxonomy":"product_cat","embeddable":true,"href":"https:\/\/www.bananatreeshop.com\/pt\/wp-json\/wp\/v2\/product_cat?post=51568"},{"taxonomy":"product_tag","embeddable":true,"href":"https:\/\/www.bananatreeshop.com\/pt\/wp-json\/wp\/v2\/product_tag?post=51568"}],"curies":[{"name":"wp","href":"https:\/\/api.w.org\/{rel}","templated":true}]}}