{"id":51646,"date":"2025-07-17T22:01:58","date_gmt":"2025-07-17T22:01:58","guid":{"rendered":"https:\/\/www.bananatreeshop.com\/?post_type=product&#038;p=51646"},"modified":"2026-04-10T10:05:47","modified_gmt":"2026-04-10T10:05:47","slug":"silexd-apollo-l-realistic-male-torso-caramel","status":"publish","type":"product","link":"https:\/\/www.bananatreeshop.com\/pt\/produto\/silexd-apollo-l-realistic-male-torso-caramel\/","title":{"rendered":"SILEXD &#8211; APOLLO L TORSO REAL\u00cdSTICO MASCULINO CARAMELO"},"content":{"rendered":"<p><u><strong>DESCUBRE APOLLO L<\/strong><\/u><\/p>\n<p>Descubre una experiencia de placer incomparable con el Apollo L, un gran torso realista dise\u00f1ado con la forma de un pecho masculino para ofrecerte una verdadera aventura sensorial. Este dispositivo est\u00e1 meticulosamente creado para replicar la sensaci\u00f3n de un torso humano, brind\u00e1ndote una experiencia tan cercana a la realidad que te sorprender\u00e1.<\/p>\n<p>El Apollo L destaca por su flexibilidad y resistencia, caracter\u00edsticas que aseguran su durabilidad y comodidad en cada uso. Fabricado con materiales de alta calidad, su textura natural imita perfectamente la piel humana, proporcionando una sensaci\u00f3n aut\u00e9ntica que eleva cada momento \u00edntimo. La atenci\u00f3n al detalle en su dise\u00f1o garantiza una experiencia envolvente y profundamente satisfactoria.<\/p>\n<p>Este torso realista no solo es visualmente atractivo, sino que tambi\u00e9n est\u00e1 pensado para ofrecer una interacci\u00f3n ergon\u00f3mica y confortable. La flexibilidad del material permite que se adapte a diversas posturas y preferencias, asegurando que puedas explorar diferentes \u00e1ngulos y t\u00e9cnicas con facilidad.<\/p>\n<p>Pru\u00e9balo y descubre c\u00f3mo el Apollo L puede llevarte a alcanzar el orgasmo m\u00e1s intenso. Su dise\u00f1o realista y su textura natural trabajan en conjunto para estimular tus sentidos y maximizar tu placer. Cada encuentro con el Apollo L se convierte en una experiencia profundamente gratificante, transformando tus momentos \u00edntimos en aventuras inolvidables.<\/p>\n<p>Con el Apollo L, no solo obtienes un producto de alta calidad, sino tambi\u00e9n una herramienta de placer que redefine tus expectativas. Sum\u00e9rgete en una experiencia de placer aut\u00e9ntico y descubre el potencial de satisfacci\u00f3n que este gran torso realista tiene para ofrecerte.<\/p>\n<div>\n<p><u><strong>CARACTERISTICAS:<\/strong><\/u><\/p>\n<ul>\n<li>Torso masculino<\/li>\n<li>Silicona liquida + Silexpan + Acero<\/li>\n<li><u>Dimensiones<\/u>:\u00a0Largo 54 cm \/\/ Alto 11 cm \/\/ Ancho 38 cm<\/li>\n<li>Dildo incluido e intercambiable &#8211; <u>Dimensiones<\/u>: Largo 17.7 cm \/\/ Di\u00e1metro 4.2 cm<\/li>\n<li>Eco Firendly<\/li>\n<li>Waterproof<\/li>\n<li>Color: Caramelo<\/li>\n<\/ul>\n<p>\u00a0<\/p>\n<p><u><strong>PROPIEDADES:<\/strong><\/u><\/p>\n<ul>\n<li><strong>LIMPIEZA: <\/strong>Limpia a fondo el juguete antes y despu\u00e9s de cada uso con agua tibia y jab\u00f3n suave.<\/li>\n<li><strong>ALMACENAMIENTO: <\/strong>Guarde su juguete en un lugar sin polvo y mant\u00e9ngalo alejado de juguetes de otros materiales. Evite dejarlo a la luz solar directa y NUNCA lo exponga a calor extremo.<\/li>\n<li><strong>CONSEJOS DE USO: <\/strong>Recomienda el uso de lubricantes a base de agua para una inserci\u00f3n f\u00e1cil y suave de todos los productos de silicona. No utilice lubricantes, aceites o cremas de silicona con ning\u00fan producto de silicona, ya que pueden degradar el material del producto y limitar su rendimiento y vida \u00fatil.<\/li>\n<\/ul>\n<\/div>","protected":false},"excerpt":{"rendered":"<p>SILEXD &#8211; APOLLO L REALISTIC MALE TORSO CARAMEL<\/p>","protected":false},"featured_media":86849,"comment_status":"open","ping_status":"closed","template":"","meta":{"_eb_attr":""},"product_brand":[],"product_cat":[1152,1312],"product_tag":[],"class_list":{"0":"post-51646","1":"product","2":"type-product","3":"status-publish","4":"has-post-thumbnail","6":"product_cat-juguetes-bienestar","7":"product_cat-juguetes-bienestar-munecs-tamano-real","8":"yith_product_brand-silexd","10":"first","11":"instock","12":"taxable","13":"shipping-taxable","14":"purchasable","15":"product-type-simple"},"_links":{"self":[{"href":"https:\/\/www.bananatreeshop.com\/pt\/wp-json\/wp\/v2\/product\/51646","targetHints":{"allow":["GET"]}}],"collection":[{"href":"https:\/\/www.bananatreeshop.com\/pt\/wp-json\/wp\/v2\/product"}],"about":[{"href":"https:\/\/www.bananatreeshop.com\/pt\/wp-json\/wp\/v2\/types\/product"}],"replies":[{"embeddable":true,"href":"https:\/\/www.bananatreeshop.com\/pt\/wp-json\/wp\/v2\/comments?post=51646"}],"wp:featuredmedia":[{"embeddable":true,"href":"https:\/\/www.bananatreeshop.com\/pt\/wp-json\/wp\/v2\/media\/86849"}],"wp:attachment":[{"href":"https:\/\/www.bananatreeshop.com\/pt\/wp-json\/wp\/v2\/media?parent=51646"}],"wp:term":[{"taxonomy":"product_brand","embeddable":true,"href":"https:\/\/www.bananatreeshop.com\/pt\/wp-json\/wp\/v2\/product_brand?post=51646"},{"taxonomy":"product_cat","embeddable":true,"href":"https:\/\/www.bananatreeshop.com\/pt\/wp-json\/wp\/v2\/product_cat?post=51646"},{"taxonomy":"product_tag","embeddable":true,"href":"https:\/\/www.bananatreeshop.com\/pt\/wp-json\/wp\/v2\/product_tag?post=51646"}],"curies":[{"name":"wp","href":"https:\/\/api.w.org\/{rel}","templated":true}]}}