{"id":5186,"date":"2025-07-08T20:01:01","date_gmt":"2025-07-08T20:01:01","guid":{"rendered":"https:\/\/www.bananatreeshop.com\/?post_type=product&#038;p=5186"},"modified":"2026-04-06T01:01:56","modified_gmt":"2026-04-06T01:01:56","slug":"pjur-back-door-anal-relaxing-gel-250-ml","status":"publish","type":"product","link":"https:\/\/www.bananatreeshop.com\/pt\/produto\/pjur-back-door-anal-relaxing-gel-250-ml\/","title":{"rendered":"PJUR &#8211; BACK DOOR RELAXING LUBRICANTE ANAL JOJOBA 250 ML"},"content":{"rendered":"<p>Lubricante de silicona fusionado con Jojoba, un componente esencial para las relaciones intimas anales.<\/p>\n<p>Sus principales cualidades son;<\/p>\n<ul>\n<li>Dise\u00f1ado para e Hombre<\/li>\n<li>Base de silicona fusionada con jojoba<\/li>\n<li>Especial sexo anal<\/li>\n<\/ul>\n<p>Uno de nuestros productos dise\u00f1ados para los hombres gays y para mejorar el sexo anal. Combinamos lubricante de silicona y de jojoba.<\/p>\n<p>Las propiedades de lubricaci\u00f3n de larga duraci\u00f3n de la f\u00f3rmula de silicona y la adici\u00f3n de jojoba, extractos naturales ayudan a relajar el esf\u00ednter anal, al tiempo que la piel estar\u00e1 notablemente m\u00e1s suave y flexible.<\/p>\n<p>Los ingredientes son los mismos que en nuestros Pjur Analyse Me. Descanso, deslizamiento, pero en una concentraci\u00f3n m\u00e1s alta. Pjur Back Door es muy deslizante y es seguro con condones.<\/p>\n<p>Cuando se combina pon el spray Pjur Back Door, forman el equipo perfecto.<\/p>\n<p>Pjur<strong>\u00ae<\/strong> es L\u00edder mundial en la fabricaci\u00f3n de lubricantes anales y vaginales, as\u00ed como de retardantes y potenciadores, son de larga duraci\u00f3n, su fiabilidad y durabilidad es un referente en el sector.<\/p>\n<p>Envase de 250ml.<\/p>","protected":false},"excerpt":{"rendered":"<p>PJUR &#8211; BACK DOOR RELAXING ANAL LUBRICANT JOJOBA 250 ML<\/p>","protected":false},"featured_media":54596,"comment_status":"open","ping_status":"closed","template":"","meta":{"_eb_attr":""},"product_brand":[],"product_cat":[1173,1174,1171,1163,1169],"product_tag":[],"class_list":{"0":"post-5186","1":"product","2":"type-product","3":"status-publish","4":"has-post-thumbnail","6":"product_cat-drogueria-lubricantesanal","7":"product_cat-drogueria-lubricantesanal-con-relajante","8":"product_cat-drogueria-lubricantesbase-silicona","9":"product_cat-drogueria","10":"product_cat-drogueria-lubricantes","11":"yith_product_brand-pjur","13":"first","14":"instock","15":"taxable","16":"shipping-taxable","17":"purchasable","18":"product-type-simple"},"_links":{"self":[{"href":"https:\/\/www.bananatreeshop.com\/pt\/wp-json\/wp\/v2\/product\/5186","targetHints":{"allow":["GET"]}}],"collection":[{"href":"https:\/\/www.bananatreeshop.com\/pt\/wp-json\/wp\/v2\/product"}],"about":[{"href":"https:\/\/www.bananatreeshop.com\/pt\/wp-json\/wp\/v2\/types\/product"}],"replies":[{"embeddable":true,"href":"https:\/\/www.bananatreeshop.com\/pt\/wp-json\/wp\/v2\/comments?post=5186"}],"wp:featuredmedia":[{"embeddable":true,"href":"https:\/\/www.bananatreeshop.com\/pt\/wp-json\/wp\/v2\/media\/54596"}],"wp:attachment":[{"href":"https:\/\/www.bananatreeshop.com\/pt\/wp-json\/wp\/v2\/media?parent=5186"}],"wp:term":[{"taxonomy":"product_brand","embeddable":true,"href":"https:\/\/www.bananatreeshop.com\/pt\/wp-json\/wp\/v2\/product_brand?post=5186"},{"taxonomy":"product_cat","embeddable":true,"href":"https:\/\/www.bananatreeshop.com\/pt\/wp-json\/wp\/v2\/product_cat?post=5186"},{"taxonomy":"product_tag","embeddable":true,"href":"https:\/\/www.bananatreeshop.com\/pt\/wp-json\/wp\/v2\/product_tag?post=5186"}],"curies":[{"name":"wp","href":"https:\/\/api.w.org\/{rel}","templated":true}]}}