{"id":52086,"date":"2025-07-16T19:01:36","date_gmt":"2025-07-16T19:01:36","guid":{"rendered":"https:\/\/www.bananatreeshop.com\/?post_type=product&#038;p=52086"},"modified":"2026-04-04T02:10:34","modified_gmt":"2026-04-04T02:10:34","slug":"leg-avenue-seamless-mini-dress-with-openings-ocean","status":"publish","type":"product","link":"https:\/\/www.bananatreeshop.com\/pt\/produto\/leg-avenue-seamless-mini-dress-with-openings-ocean\/","title":{"rendered":"LEG AVENUE &#8211; MINI VESTIDO SIN COSTURAS Y ABERTURAS OCEAN"},"content":{"rendered":"<p>Atrae todas las miradas con el minivestido Seamless Ombre Faux Lace-Up, una sorprendente mezcla de dise\u00f1o atrevido y elegante sofisticaci\u00f3n. Este minivestido ce\u00f1ido al cuerpo presenta un efecto ombre degradado que realza tus curvas, mientras que el detalle de falso encaje crea una irresistible ilusi\u00f3n inspirada en un cors\u00e9.<\/p>\n<p><strong>Caracter\u00edsticas:<\/strong><\/p>\n<ul>\n<li>94 % nailon, 6 % elastano<\/li>\n<li>M\u00e1ximo 30 grados con cuidado<\/li>\n<li>No se permite planchar<\/li>\n<li>No se permite blanquear con cloro<\/li>\n<li>No lavar en seco<\/li>\n<li>Embalaje: 23*16,5*3<\/li>\n<li>Tama\u00f1o del paquete: Lencer\u00eda de cart\u00f3n de lujo<\/li>\n<li>Estado del modelo: Gratis<\/li>\n<\/ul>\n<p><strong>Leg Avenue<\/strong>\u00a0tiene los productos que estabas buscando comprometi\u00e9ndose a ofrecer a los clientes productos innovadores, precios competitivos y una gran satisfacci\u00f3n, reci\u00e9n llegados desde el distrito m\u00e1s fashion de Los \u00c1ngeles.<\/p>\n<p>\u00a1Aqu\u00ed todo se trata de ti! Entendemos que cada cuerpo es \u00fanico y creemos que todas las mujeres deben verse y sentirse fant\u00e1sticas, independientemente de su tama\u00f1o o forma. As\u00ed que ten la seguridad de que nuestros dise\u00f1os siempre est\u00e1n enfocados a resaltar tus mejores caracter\u00edsticas. Y en serio, lo decimos en serio cuando decimos que valoramos las telas s\u00faper suaves y la elasticidad del siguiente nivel. Comodidad y estilo? \u00a1Doble verificaci\u00f3n!<\/p>\n<p>La variedad es la clave de nuestro \u00e9xito y puedes verlo en nuestros estilos. Nuestros dise\u00f1adores mezclan y combinan materiales como profesionales, dando a nuestras creaciones ese aire de lujo inconfundible para que te sientas absolutamente de primera. Ya sea un encaje que hace que tus sentidos hormigueen o un sat\u00e9n s\u00faper suave que tus manos no pueden resistir, hacemos todo lo posible para brindarte algo especial.<\/p>\n<p><strong>Leg Avenue<\/strong>\u00a0est\u00e1 llena de pasi\u00f3n, diversi\u00f3n y autoexpresi\u00f3n. Queremos que seas completamente t\u00fa mismo, con un toque de picard\u00eda y monta\u00f1as de confianza. Descubra c\u00f3mo nuestra lencer\u00eda, medias y disfraces elevan su apariencia al siguiente nivel. \u00a1Juntos aspiramos a lo fant\u00e1stico y demostramos que el estilo no tiene talla!<\/p>","protected":false},"excerpt":{"rendered":"<p>LEG AVENUE &#8211; SEAMLESS MINI DRESS WITH OPENINGS OCEAN<\/p>","protected":false},"featured_media":84105,"comment_status":"open","ping_status":"closed","template":"","meta":{"_eb_attr":""},"product_brand":[],"product_cat":[1225,1386,1191,1411],"product_tag":[],"class_list":{"0":"post-52086","1":"product","2":"type-product","3":"status-publish","4":"has-post-thumbnail","6":"product_cat-moda-lencerialenceria-mujer","7":"product_cat-moda-lencerialenceria-mujerlenceria-picante","8":"product_cat-moda-lenceria","9":"product_cat-moda-lencerialenceria-mujerlenceria-picantevestidos-sexys","10":"yith_product_brand-leg-avenue","11":"yith_product_brand-leg-avenueleg-avenue-dresses","13":"first","14":"instock","15":"taxable","16":"shipping-taxable","17":"purchasable","18":"product-type-simple"},"_links":{"self":[{"href":"https:\/\/www.bananatreeshop.com\/pt\/wp-json\/wp\/v2\/product\/52086","targetHints":{"allow":["GET"]}}],"collection":[{"href":"https:\/\/www.bananatreeshop.com\/pt\/wp-json\/wp\/v2\/product"}],"about":[{"href":"https:\/\/www.bananatreeshop.com\/pt\/wp-json\/wp\/v2\/types\/product"}],"replies":[{"embeddable":true,"href":"https:\/\/www.bananatreeshop.com\/pt\/wp-json\/wp\/v2\/comments?post=52086"}],"wp:featuredmedia":[{"embeddable":true,"href":"https:\/\/www.bananatreeshop.com\/pt\/wp-json\/wp\/v2\/media\/84105"}],"wp:attachment":[{"href":"https:\/\/www.bananatreeshop.com\/pt\/wp-json\/wp\/v2\/media?parent=52086"}],"wp:term":[{"taxonomy":"product_brand","embeddable":true,"href":"https:\/\/www.bananatreeshop.com\/pt\/wp-json\/wp\/v2\/product_brand?post=52086"},{"taxonomy":"product_cat","embeddable":true,"href":"https:\/\/www.bananatreeshop.com\/pt\/wp-json\/wp\/v2\/product_cat?post=52086"},{"taxonomy":"product_tag","embeddable":true,"href":"https:\/\/www.bananatreeshop.com\/pt\/wp-json\/wp\/v2\/product_tag?post=52086"}],"curies":[{"name":"wp","href":"https:\/\/api.w.org\/{rel}","templated":true}]}}