{"id":5209,"date":"2025-07-08T17:01:31","date_gmt":"2025-07-08T17:01:31","guid":{"rendered":"https:\/\/www.bananatreeshop.com\/?post_type=product&#038;p=5209"},"modified":"2026-04-04T15:00:58","modified_gmt":"2026-04-04T15:00:58","slug":"pjur-woman-lubricant-for-toys-100-ml","status":"publish","type":"product","link":"https:\/\/www.bananatreeshop.com\/pt\/produto\/pjur-woman-lubricant-for-toys-100-ml\/","title":{"rendered":"PJUR &#8211; WOMAN LUBRICANTE PARA JUGUETES 100 ML"},"content":{"rendered":"<p>Gel lubricante especial para juguetes.<\/p>\n<p>Pjur Woman Toy Lube ha sido dise\u00f1ado especialmente para la utilizar con cualquier tipo de juguete.<\/p>\n<p>Sus principales cualidades son;<\/p>\n<ul>\n<li>Formulaci\u00f3n basada en agua de la m\u00e1xima calidad, composici\u00f3n singular.<\/li>\n<li>Sin aceites ni grasa. sin perfumes, no altera el sabor ni el olor.<\/li>\n<li>Alto Rendimiento.<\/li>\n<\/ul>\n<p>Tambi\u00e9n es compatible con condones de l\u00e1tex.<\/p>\n<p>Adecuado y recomendado para el uso diario.<\/p>\n<p>Siente la experiencia Pjur!!<\/p>\n<p>Pjur<strong>\u00ae<\/strong> es L\u00edder mundial en la fabricaci\u00f3n de lubricantes anales y vaginales, as\u00ed como de retardantes y potenciadores, son de larga duraci\u00f3n, su fiabilidad y durabilidad es un referente en el sector.<\/p>\n<p>Envase de 100ml.<\/p>","protected":false},"excerpt":{"rendered":"<p>PJUR &#8211; WOMAN LUBRICANT FOR TOYS 100 ML<\/p>","protected":false},"featured_media":54096,"comment_status":"open","ping_status":"closed","template":"","meta":{"_eb_attr":""},"product_brand":[],"product_cat":[1170,1163,1169],"product_tag":[],"class_list":{"0":"post-5209","1":"product","2":"type-product","3":"status-publish","4":"has-post-thumbnail","6":"product_cat-drogueria-lubricantesbase-agua","7":"product_cat-drogueria","8":"product_cat-drogueria-lubricantes","9":"yith_product_brand-pjur","11":"first","12":"instock","13":"taxable","14":"shipping-taxable","15":"purchasable","16":"product-type-simple"},"_links":{"self":[{"href":"https:\/\/www.bananatreeshop.com\/pt\/wp-json\/wp\/v2\/product\/5209","targetHints":{"allow":["GET"]}}],"collection":[{"href":"https:\/\/www.bananatreeshop.com\/pt\/wp-json\/wp\/v2\/product"}],"about":[{"href":"https:\/\/www.bananatreeshop.com\/pt\/wp-json\/wp\/v2\/types\/product"}],"replies":[{"embeddable":true,"href":"https:\/\/www.bananatreeshop.com\/pt\/wp-json\/wp\/v2\/comments?post=5209"}],"wp:featuredmedia":[{"embeddable":true,"href":"https:\/\/www.bananatreeshop.com\/pt\/wp-json\/wp\/v2\/media\/54096"}],"wp:attachment":[{"href":"https:\/\/www.bananatreeshop.com\/pt\/wp-json\/wp\/v2\/media?parent=5209"}],"wp:term":[{"taxonomy":"product_brand","embeddable":true,"href":"https:\/\/www.bananatreeshop.com\/pt\/wp-json\/wp\/v2\/product_brand?post=5209"},{"taxonomy":"product_cat","embeddable":true,"href":"https:\/\/www.bananatreeshop.com\/pt\/wp-json\/wp\/v2\/product_cat?post=5209"},{"taxonomy":"product_tag","embeddable":true,"href":"https:\/\/www.bananatreeshop.com\/pt\/wp-json\/wp\/v2\/product_tag?post=5209"}],"curies":[{"name":"wp","href":"https:\/\/api.w.org\/{rel}","templated":true}]}}